{"id":720,"date":"2021-04-27T18:14:45","date_gmt":"2021-04-27T16:14:45","guid":{"rendered":"https:\/\/mylovelyrods.com\/?post_type=product&#038;p=720"},"modified":"2023-05-08T00:07:56","modified_gmt":"2023-05-07T22:07:56","slug":"mouche-seche-emergente-parachute-olive-clair","status":"publish","type":"product","link":"https:\/\/mylovelyrods.com\/index.php\/produit\/mouche-seche-emergente-parachute-olive-clair\/","title":{"rendered":"Mouche s\u00e8che Emergente parachute olive clair"},"content":{"rendered":"<p>Mouche s\u00e8che Emergente parachute olive clair, le corps est en quill de paon \u00e9barb\u00e9 ce qui permet une flottaison assez basse. Le \u00ab\u00a0pompon\u00a0\u00bb est en cul de canard gris. Sa flottaison basse d\u00e9cidera des poissons \u00e9duqu\u00e9s et m\u00e9fiants. Elle fonctionne bien en toutes saisons.<\/p>\n<p>L&rsquo;aile est en plume de coq et peu fournie pour que cette mouche flotte tr\u00e8s bas. Elle m&rsquo;a sauv\u00e9 sur la Dordogne et la Garonne, les poissons prenaient des \u00e9mergentes qui \u00e9taient dans la pellicule. Sa flottaison tr\u00e8s basse m&rsquo;a permis de faire la diff\u00e9rence.<\/p>\n<p>Efficace et indispensable dans une boite \u00e0 mouche, il faut l&rsquo;avoir et la d\u00e9cliner en plusieurs coloris. Les truites comme les ombres se feront prendre par cette mouche. C&rsquo;est une mouche qui sera efficace partout en Europe, et m\u00eame en Am\u00e9rique du nord, enfin bref, partout dans le monde!<\/p>\n<p>Vous la trouverez sur le site, d\u00e9clin\u00e9e en diff\u00e9rentes couleurs, et en diff\u00e9rentes tailles d&rsquo;hame\u00e7on.<\/p>\n<p>Si vous souhaitez des montages de mouches et de nymphes personnalis\u00e9es, n&rsquo;h\u00e9sitez pas \u00e0 me contacter <a href=\"https:\/\/mylovelyrods.com\/index.php\/demande-devis-contact-canne-a-peche-artisanale\/\">ICI<\/a>.<\/p>\n<p>Si vous souhaitez me suivre sur les r\u00e9seaux sociaux, c&rsquo;est par <a href=\"https:\/\/www.facebook.com\/pages\/category\/Sports\/Mylovelyrods-101775187859974\/\">ici<\/a> et par <a href=\"https:\/\/www.instagram.com\/mylovelyrods\/?hl=fr\">l\u00e0<\/a>.<\/p>\n<p>Mouche s\u00e8che Emergente parachute olive clair dont les couleurs peuvent l\u00e9g\u00e8rement diff\u00e9rer des couleurs de la photo.<\/p>\n","protected":false},"excerpt":{"rendered":"<p>Emergente montage parachute de couleur olive clair, le corps est en quill de paon \u00e9barb\u00e9 ce qui permet une flottaison assez basse. Le \u00ab\u00a0pompon\u00a0\u00bb est en cul de canard gris. Sa flottaison basse d\u00e9cidera des poissons \u00e9duqu\u00e9s. L&rsquo;aile est en plume de coq.<\/p>\n<p><img loading=\"lazy\" decoding=\"async\" class=\"alignnone size-medium wp-image-723\" src=\"https:\/\/mylovelyrods.com\/wp-content\/uploads\/2021\/04\/20210427_142210-300x169.jpg\" alt=\"\" width=\"300\" height=\"169\" srcset=\"https:\/\/i0.wp.com\/mylovelyrods.com\/wp-content\/uploads\/2021\/04\/20210427_142210.jpg?resize=300%2C169&amp;ssl=1 300w, https:\/\/i0.wp.com\/mylovelyrods.com\/wp-content\/uploads\/2021\/04\/20210427_142210.jpg?resize=1024%2C576&amp;ssl=1 1024w, https:\/\/i0.wp.com\/mylovelyrods.com\/wp-content\/uploads\/2021\/04\/20210427_142210.jpg?resize=768%2C432&amp;ssl=1 768w, https:\/\/i0.wp.com\/mylovelyrods.com\/wp-content\/uploads\/2021\/04\/20210427_142210.jpg?resize=1536%2C864&amp;ssl=1 1536w, https:\/\/i0.wp.com\/mylovelyrods.com\/wp-content\/uploads\/2021\/04\/20210427_142210.jpg?resize=600%2C337&amp;ssl=1 600w, https:\/\/i0.wp.com\/mylovelyrods.com\/wp-content\/uploads\/2021\/04\/20210427_142210.jpg?w=1595&amp;ssl=1 1595w\" sizes=\"auto, (max-width: 300px) 100vw, 300px\" \/><\/p>\n","protected":false},"featured_media":722,"template":"","meta":{"jetpack_post_was_ever_published":false,"_glsr_average":0,"_glsr_ranking":0,"_glsr_reviews":0},"product_brand":[],"product_cat":[21,42],"product_tag":[],"class_list":{"0":"post-720","1":"product","2":"type-product","3":"status-publish","4":"has-post-thumbnail","6":"product_cat-mouches-nymphes","7":"product_cat-mouches-seches","9":"first","10":"instock","11":"shipping-taxable","12":"purchasable","13":"product-type-variable"},"yoast_head":"<!-- This site is optimized with the Yoast SEO plugin v27.4 - https:\/\/yoast.com\/product\/yoast-seo-wordpress\/ -->\n<title>Mouche s\u00e8che Emergente parachute olive clair -P\u00eache \u00e0 la mouche<\/title>\n<meta name=\"description\" content=\"Mouche s\u00e8che Emergente parachute olive clair, corps en quill de paon \u00e9barb\u00e9 permet une flottaison assez basse pour cette mouche s\u00e8che.\" \/>\n<meta name=\"robots\" content=\"index, follow, max-snippet:-1, max-image-preview:large, max-video-preview:-1\" \/>\n<link rel=\"canonical\" href=\"https:\/\/mylovelyrods.com\/index.php\/produit\/mouche-seche-emergente-parachute-olive-clair\/\" \/>\n<meta property=\"og:locale\" content=\"fr_FR\" \/>\n<meta property=\"og:type\" content=\"article\" \/>\n<meta property=\"og:title\" content=\"Mouche s\u00e8che Emergente parachute olive clair -P\u00eache \u00e0 la mouche\" \/>\n<meta property=\"og:description\" content=\"Mouche s\u00e8che Emergente parachute olive clair, corps en quill de paon \u00e9barb\u00e9 permet une flottaison assez basse pour cette mouche s\u00e8che.\" \/>\n<meta property=\"og:url\" content=\"https:\/\/mylovelyrods.com\/index.php\/produit\/mouche-seche-emergente-parachute-olive-clair\/\" \/>\n<meta property=\"og:site_name\" content=\"Mylovelyrods\" \/>\n<meta property=\"article:publisher\" content=\"https:\/\/m.facebook.com\/people\/Mylovelyrods\/100062956103344\/?locale=fr_FR\" \/>\n<meta property=\"article:modified_time\" content=\"2023-05-07T22:07:56+00:00\" \/>\n<meta property=\"og:image\" content=\"https:\/\/mylovelyrods.com\/wp-content\/uploads\/2021\/04\/20210427_142359.jpg\" \/>\n\t<meta property=\"og:image:width\" content=\"1908\" \/>\n\t<meta property=\"og:image:height\" content=\"1074\" \/>\n\t<meta property=\"og:image:type\" content=\"image\/jpeg\" \/>\n<meta name=\"twitter:card\" content=\"summary_large_image\" \/>\n<meta name=\"twitter:label1\" content=\"Dur\u00e9e de lecture estim\u00e9e\" \/>\n\t<meta name=\"twitter:data1\" content=\"2 minutes\" \/>\n<script type=\"application\/ld+json\" class=\"yoast-schema-graph\">{\"@context\":\"https:\\\/\\\/schema.org\",\"@graph\":[{\"@type\":\"WebPage\",\"@id\":\"https:\\\/\\\/mylovelyrods.com\\\/index.php\\\/produit\\\/mouche-seche-emergente-parachute-olive-clair\\\/\",\"url\":\"https:\\\/\\\/mylovelyrods.com\\\/index.php\\\/produit\\\/mouche-seche-emergente-parachute-olive-clair\\\/\",\"name\":\"Mouche s\u00e8che Emergente parachute olive clair -P\u00eache \u00e0 la mouche\",\"isPartOf\":{\"@id\":\"https:\\\/\\\/mylovelyrods.com\\\/#website\"},\"primaryImageOfPage\":{\"@id\":\"https:\\\/\\\/mylovelyrods.com\\\/index.php\\\/produit\\\/mouche-seche-emergente-parachute-olive-clair\\\/#primaryimage\"},\"image\":{\"@id\":\"https:\\\/\\\/mylovelyrods.com\\\/index.php\\\/produit\\\/mouche-seche-emergente-parachute-olive-clair\\\/#primaryimage\"},\"thumbnailUrl\":\"https:\\\/\\\/i0.wp.com\\\/mylovelyrods.com\\\/wp-content\\\/uploads\\\/2021\\\/04\\\/20210427_142359.jpg?fit=1908%2C1074&ssl=1\",\"datePublished\":\"2021-04-27T16:14:45+00:00\",\"dateModified\":\"2023-05-07T22:07:56+00:00\",\"description\":\"Mouche s\u00e8che Emergente parachute olive clair, corps en quill de paon \u00e9barb\u00e9 permet une flottaison assez basse pour cette mouche s\u00e8che.\",\"breadcrumb\":{\"@id\":\"https:\\\/\\\/mylovelyrods.com\\\/index.php\\\/produit\\\/mouche-seche-emergente-parachute-olive-clair\\\/#breadcrumb\"},\"inLanguage\":\"fr-FR\",\"potentialAction\":[{\"@type\":\"ReadAction\",\"target\":[\"https:\\\/\\\/mylovelyrods.com\\\/index.php\\\/produit\\\/mouche-seche-emergente-parachute-olive-clair\\\/\"]}]},{\"@type\":\"ImageObject\",\"inLanguage\":\"fr-FR\",\"@id\":\"https:\\\/\\\/mylovelyrods.com\\\/index.php\\\/produit\\\/mouche-seche-emergente-parachute-olive-clair\\\/#primaryimage\",\"url\":\"https:\\\/\\\/i0.wp.com\\\/mylovelyrods.com\\\/wp-content\\\/uploads\\\/2021\\\/04\\\/20210427_142359.jpg?fit=1908%2C1074&ssl=1\",\"contentUrl\":\"https:\\\/\\\/i0.wp.com\\\/mylovelyrods.com\\\/wp-content\\\/uploads\\\/2021\\\/04\\\/20210427_142359.jpg?fit=1908%2C1074&ssl=1\",\"width\":1908,\"height\":1074},{\"@type\":\"BreadcrumbList\",\"@id\":\"https:\\\/\\\/mylovelyrods.com\\\/index.php\\\/produit\\\/mouche-seche-emergente-parachute-olive-clair\\\/#breadcrumb\",\"itemListElement\":[{\"@type\":\"ListItem\",\"position\":1,\"name\":\"Accueil\",\"item\":\"https:\\\/\\\/mylovelyrods.com\\\/\"},{\"@type\":\"ListItem\",\"position\":2,\"name\":\"Produits\",\"item\":\"https:\\\/\\\/mylovelyrods.com\\\/index.php\\\/boutique\\\/\"},{\"@type\":\"ListItem\",\"position\":3,\"name\":\"Mouche s\u00e8che Emergente parachute olive clair\"}]},{\"@type\":\"WebSite\",\"@id\":\"https:\\\/\\\/mylovelyrods.com\\\/#website\",\"url\":\"https:\\\/\\\/mylovelyrods.com\\\/\",\"name\":\"Mylovelyrods\",\"description\":\"Facteur de canne, restaurations, customisations, rodbuilding, mouches, nymphes et petit mat\u00e9riel...\",\"publisher\":{\"@id\":\"https:\\\/\\\/mylovelyrods.com\\\/#organization\"},\"potentialAction\":[{\"@type\":\"SearchAction\",\"target\":{\"@type\":\"EntryPoint\",\"urlTemplate\":\"https:\\\/\\\/mylovelyrods.com\\\/?s={search_term_string}\"},\"query-input\":{\"@type\":\"PropertyValueSpecification\",\"valueRequired\":true,\"valueName\":\"search_term_string\"}}],\"inLanguage\":\"fr-FR\"},{\"@type\":\"Organization\",\"@id\":\"https:\\\/\\\/mylovelyrods.com\\\/#organization\",\"name\":\"Mylovelyrods\",\"url\":\"https:\\\/\\\/mylovelyrods.com\\\/\",\"logo\":{\"@type\":\"ImageObject\",\"inLanguage\":\"fr-FR\",\"@id\":\"https:\\\/\\\/mylovelyrods.com\\\/#\\\/schema\\\/logo\\\/image\\\/\",\"url\":\"https:\\\/\\\/mylovelyrods.com\\\/wp-content\\\/uploads\\\/2021\\\/01\\\/0001-scaled-e1611186770281.jpg\",\"contentUrl\":\"https:\\\/\\\/mylovelyrods.com\\\/wp-content\\\/uploads\\\/2021\\\/01\\\/0001-scaled-e1611186770281.jpg\",\"width\":2560,\"height\":716,\"caption\":\"Mylovelyrods\"},\"image\":{\"@id\":\"https:\\\/\\\/mylovelyrods.com\\\/#\\\/schema\\\/logo\\\/image\\\/\"},\"sameAs\":[\"https:\\\/\\\/m.facebook.com\\\/people\\\/Mylovelyrods\\\/100062956103344\\\/?locale=fr_FR\",\"https:\\\/\\\/www.instagram.com\\\/mylovelyrods\\\/?hl=fr\"]}]}<\/script>\n<!-- \/ Yoast SEO plugin. -->","yoast_head_json":{"title":"Mouche s\u00e8che Emergente parachute olive clair -P\u00eache \u00e0 la mouche","description":"Mouche s\u00e8che Emergente parachute olive clair, corps en quill de paon \u00e9barb\u00e9 permet une flottaison assez basse pour cette mouche s\u00e8che.","robots":{"index":"index","follow":"follow","max-snippet":"max-snippet:-1","max-image-preview":"max-image-preview:large","max-video-preview":"max-video-preview:-1"},"canonical":"https:\/\/mylovelyrods.com\/index.php\/produit\/mouche-seche-emergente-parachute-olive-clair\/","og_locale":"fr_FR","og_type":"article","og_title":"Mouche s\u00e8che Emergente parachute olive clair -P\u00eache \u00e0 la mouche","og_description":"Mouche s\u00e8che Emergente parachute olive clair, corps en quill de paon \u00e9barb\u00e9 permet une flottaison assez basse pour cette mouche s\u00e8che.","og_url":"https:\/\/mylovelyrods.com\/index.php\/produit\/mouche-seche-emergente-parachute-olive-clair\/","og_site_name":"Mylovelyrods","article_publisher":"https:\/\/m.facebook.com\/people\/Mylovelyrods\/100062956103344\/?locale=fr_FR","article_modified_time":"2023-05-07T22:07:56+00:00","og_image":[{"width":1908,"height":1074,"url":"https:\/\/mylovelyrods.com\/wp-content\/uploads\/2021\/04\/20210427_142359.jpg","type":"image\/jpeg"}],"twitter_card":"summary_large_image","twitter_misc":{"Dur\u00e9e de lecture estim\u00e9e":"2 minutes"},"schema":{"@context":"https:\/\/schema.org","@graph":[{"@type":"WebPage","@id":"https:\/\/mylovelyrods.com\/index.php\/produit\/mouche-seche-emergente-parachute-olive-clair\/","url":"https:\/\/mylovelyrods.com\/index.php\/produit\/mouche-seche-emergente-parachute-olive-clair\/","name":"Mouche s\u00e8che Emergente parachute olive clair -P\u00eache \u00e0 la mouche","isPartOf":{"@id":"https:\/\/mylovelyrods.com\/#website"},"primaryImageOfPage":{"@id":"https:\/\/mylovelyrods.com\/index.php\/produit\/mouche-seche-emergente-parachute-olive-clair\/#primaryimage"},"image":{"@id":"https:\/\/mylovelyrods.com\/index.php\/produit\/mouche-seche-emergente-parachute-olive-clair\/#primaryimage"},"thumbnailUrl":"https:\/\/i0.wp.com\/mylovelyrods.com\/wp-content\/uploads\/2021\/04\/20210427_142359.jpg?fit=1908%2C1074&ssl=1","datePublished":"2021-04-27T16:14:45+00:00","dateModified":"2023-05-07T22:07:56+00:00","description":"Mouche s\u00e8che Emergente parachute olive clair, corps en quill de paon \u00e9barb\u00e9 permet une flottaison assez basse pour cette mouche s\u00e8che.","breadcrumb":{"@id":"https:\/\/mylovelyrods.com\/index.php\/produit\/mouche-seche-emergente-parachute-olive-clair\/#breadcrumb"},"inLanguage":"fr-FR","potentialAction":[{"@type":"ReadAction","target":["https:\/\/mylovelyrods.com\/index.php\/produit\/mouche-seche-emergente-parachute-olive-clair\/"]}]},{"@type":"ImageObject","inLanguage":"fr-FR","@id":"https:\/\/mylovelyrods.com\/index.php\/produit\/mouche-seche-emergente-parachute-olive-clair\/#primaryimage","url":"https:\/\/i0.wp.com\/mylovelyrods.com\/wp-content\/uploads\/2021\/04\/20210427_142359.jpg?fit=1908%2C1074&ssl=1","contentUrl":"https:\/\/i0.wp.com\/mylovelyrods.com\/wp-content\/uploads\/2021\/04\/20210427_142359.jpg?fit=1908%2C1074&ssl=1","width":1908,"height":1074},{"@type":"BreadcrumbList","@id":"https:\/\/mylovelyrods.com\/index.php\/produit\/mouche-seche-emergente-parachute-olive-clair\/#breadcrumb","itemListElement":[{"@type":"ListItem","position":1,"name":"Accueil","item":"https:\/\/mylovelyrods.com\/"},{"@type":"ListItem","position":2,"name":"Produits","item":"https:\/\/mylovelyrods.com\/index.php\/boutique\/"},{"@type":"ListItem","position":3,"name":"Mouche s\u00e8che Emergente parachute olive clair"}]},{"@type":"WebSite","@id":"https:\/\/mylovelyrods.com\/#website","url":"https:\/\/mylovelyrods.com\/","name":"Mylovelyrods","description":"Facteur de canne, restaurations, customisations, rodbuilding, mouches, nymphes et petit mat\u00e9riel...","publisher":{"@id":"https:\/\/mylovelyrods.com\/#organization"},"potentialAction":[{"@type":"SearchAction","target":{"@type":"EntryPoint","urlTemplate":"https:\/\/mylovelyrods.com\/?s={search_term_string}"},"query-input":{"@type":"PropertyValueSpecification","valueRequired":true,"valueName":"search_term_string"}}],"inLanguage":"fr-FR"},{"@type":"Organization","@id":"https:\/\/mylovelyrods.com\/#organization","name":"Mylovelyrods","url":"https:\/\/mylovelyrods.com\/","logo":{"@type":"ImageObject","inLanguage":"fr-FR","@id":"https:\/\/mylovelyrods.com\/#\/schema\/logo\/image\/","url":"https:\/\/mylovelyrods.com\/wp-content\/uploads\/2021\/01\/0001-scaled-e1611186770281.jpg","contentUrl":"https:\/\/mylovelyrods.com\/wp-content\/uploads\/2021\/01\/0001-scaled-e1611186770281.jpg","width":2560,"height":716,"caption":"Mylovelyrods"},"image":{"@id":"https:\/\/mylovelyrods.com\/#\/schema\/logo\/image\/"},"sameAs":["https:\/\/m.facebook.com\/people\/Mylovelyrods\/100062956103344\/?locale=fr_FR","https:\/\/www.instagram.com\/mylovelyrods\/?hl=fr"]}]}},"jetpack_sharing_enabled":true,"_links":{"self":[{"href":"https:\/\/mylovelyrods.com\/index.php\/wp-json\/wp\/v2\/product\/720","targetHints":{"allow":["GET"]}}],"collection":[{"href":"https:\/\/mylovelyrods.com\/index.php\/wp-json\/wp\/v2\/product"}],"about":[{"href":"https:\/\/mylovelyrods.com\/index.php\/wp-json\/wp\/v2\/types\/product"}],"wp:featuredmedia":[{"embeddable":true,"href":"https:\/\/mylovelyrods.com\/index.php\/wp-json\/wp\/v2\/media\/722"}],"wp:attachment":[{"href":"https:\/\/mylovelyrods.com\/index.php\/wp-json\/wp\/v2\/media?parent=720"}],"wp:term":[{"taxonomy":"product_brand","embeddable":true,"href":"https:\/\/mylovelyrods.com\/index.php\/wp-json\/wp\/v2\/product_brand?post=720"},{"taxonomy":"product_cat","embeddable":true,"href":"https:\/\/mylovelyrods.com\/index.php\/wp-json\/wp\/v2\/product_cat?post=720"},{"taxonomy":"product_tag","embeddable":true,"href":"https:\/\/mylovelyrods.com\/index.php\/wp-json\/wp\/v2\/product_tag?post=720"}],"curies":[{"name":"wp","href":"https:\/\/api.w.org\/{rel}","templated":true}]}}