{"id":759,"date":"2021-04-27T19:28:35","date_gmt":"2021-04-27T17:28:35","guid":{"rendered":"https:\/\/mylovelyrods.com\/?post_type=product&#038;p=759"},"modified":"2025-07-03T16:19:49","modified_gmt":"2025-07-03T14:19:49","slug":"mouche-seche-sedge-corps-gris","status":"publish","type":"product","link":"https:\/\/mylovelyrods.com\/index.php\/produit\/mouche-seche-sedge-corps-gris\/","title":{"rendered":"Mouche s\u00e8che Sedge corps gris"},"content":{"rendered":"<p>Mouche s\u00e8che Sedge corps gris est mont\u00e9 avec une aile en cul de canard gris renforc\u00e9e par quelques poils de chevreuil. Le corps est de couleur gris, sans cerque. Vous pouvez m\u00eame la faire draguer de temps \u00e0 autre. Il s&rsquo;agit de la seule mouche \u00e0 ma connaissance (et je ne connais pas tout \ud83d\ude09 ) qu&rsquo;un poisson peut prendre alors que la mouche drague.<\/p>\n<p>C&rsquo;est une mouche assez universelle, elle imite des trichopt\u00e8res comme la fameuse phrygane. On l&rsquo;appelle aussi Caddis. C&rsquo;est la mouche que j&rsquo;ai dessin\u00e9 sur <a href=\"https:\/\/mylovelyrods.com\/index.php\/produit\/canne-a-mouche-la-caddis-86-4-4\/\">cette canne<\/a>. Des sedges vous en trouverez dans toutes les rivi\u00e8res de montagne ou les rivi\u00e8res avec une qualit\u00e9 d&rsquo;eau convenable en toute p\u00e9riode de l&rsquo;ann\u00e9e.<\/p>\n<p>Vous pouvez rajouter un peu de graisse sur le cul de canard pour une meilleure flottaison. Surtout si vous la faites de temps en temps draguer! TRES efficace!<\/p>\n<p>Vous trouverez des d\u00e9clinaisons de couleurs et de taille sur mon site, n&rsquo;h\u00e9sitez pas \u00e0 faire un panach\u00e9.<\/p>\n<p>Si vous souhaitez des montages de mouches et de nymphes personnalis\u00e9es, n&rsquo;h\u00e9sitez pas \u00e0 me contacter <a href=\"https:\/\/mylovelyrods.com\/index.php\/demande-devis-contact-canne-a-peche-artisanale\/\">ICI<\/a>.<\/p>\n<p>Mouche s\u00e8che Sedge corps gris dont les couleurs peuvent l\u00e9g\u00e8rement diff\u00e9rer des couleurs de la photo.<\/p>\n<p>Si vous souhaitez me suivre sur les r\u00e9seaux sociaux, c&rsquo;est par <a href=\"https:\/\/www.facebook.com\/pages\/category\/Sports\/Mylovelyrods-101775187859974\/\">ici<\/a> et par <a href=\"https:\/\/www.instagram.com\/mylovelyrods\/?hl=fr\">l\u00e0<\/a>.<\/p>\n","protected":false},"excerpt":{"rendered":"<p>Imitation de trichopt\u00e8re, avec un corps de couleur gris, aile en cul de canard grise, renforc\u00e9es par quelques poils de chevreuil renfor\u00e7ant ainsi la flottabilit\u00e9. Vous pouvez meme la faire draguer de temps \u00e0 autre. Vous pouvez rajouter un peu de graisse sur le cul de canard pour une meilleure flottaison encore! TRES efficace!<\/p>\n<p><img loading=\"lazy\" decoding=\"async\" class=\"alignnone size-medium wp-image-751\" src=\"https:\/\/mylovelyrods.com\/wp-content\/uploads\/2021\/04\/20210427_143616-300x169.jpg\" alt=\"\" width=\"300\" height=\"169\" srcset=\"https:\/\/i0.wp.com\/mylovelyrods.com\/wp-content\/uploads\/2021\/04\/20210427_143616.jpg?resize=300%2C169&amp;ssl=1 300w, https:\/\/i0.wp.com\/mylovelyrods.com\/wp-content\/uploads\/2021\/04\/20210427_143616.jpg?resize=1024%2C576&amp;ssl=1 1024w, https:\/\/i0.wp.com\/mylovelyrods.com\/wp-content\/uploads\/2021\/04\/20210427_143616.jpg?resize=768%2C432&amp;ssl=1 768w, https:\/\/i0.wp.com\/mylovelyrods.com\/wp-content\/uploads\/2021\/04\/20210427_143616.jpg?resize=1536%2C863&amp;ssl=1 1536w, https:\/\/i0.wp.com\/mylovelyrods.com\/wp-content\/uploads\/2021\/04\/20210427_143616.jpg?resize=600%2C337&amp;ssl=1 600w, https:\/\/i0.wp.com\/mylovelyrods.com\/wp-content\/uploads\/2021\/04\/20210427_143616.jpg?w=1781&amp;ssl=1 1781w\" sizes=\"auto, (max-width: 300px) 100vw, 300px\" \/><\/p>\n","protected":false},"featured_media":762,"template":"","meta":{"jetpack_post_was_ever_published":false,"_glsr_average":0,"_glsr_ranking":0,"_glsr_reviews":0},"product_brand":[],"product_cat":[21,42],"product_tag":[],"class_list":{"0":"post-759","1":"product","2":"type-product","3":"status-publish","4":"has-post-thumbnail","6":"product_cat-mouches-nymphes","7":"product_cat-mouches-seches","9":"first","10":"instock","11":"shipping-taxable","12":"purchasable","13":"product-type-variable"},"yoast_head":"<!-- This site is optimized with the Yoast SEO plugin v27.4 - https:\/\/yoast.com\/product\/yoast-seo-wordpress\/ -->\n<title>Mouche s\u00e8che Sedge corps gris - Mouches - P\u00eache \u00e0 la mouche<\/title>\n<meta name=\"description\" content=\"Mouche s\u00e8che Sedge corps gris, aile cul de canard grise, renforc\u00e9es par des poils de chevreuil renfor\u00e7ant la flottabilit\u00e9\" \/>\n<meta name=\"robots\" content=\"index, follow, max-snippet:-1, max-image-preview:large, max-video-preview:-1\" \/>\n<link rel=\"canonical\" href=\"https:\/\/mylovelyrods.com\/index.php\/produit\/mouche-seche-sedge-corps-gris\/\" \/>\n<meta property=\"og:locale\" content=\"fr_FR\" \/>\n<meta property=\"og:type\" content=\"article\" \/>\n<meta property=\"og:title\" content=\"Mouche s\u00e8che Sedge corps gris - Mouches - P\u00eache \u00e0 la mouche\" \/>\n<meta property=\"og:description\" content=\"Mouche s\u00e8che Sedge corps gris, aile cul de canard grise, renforc\u00e9es par des poils de chevreuil renfor\u00e7ant la flottabilit\u00e9\" \/>\n<meta property=\"og:url\" content=\"https:\/\/mylovelyrods.com\/index.php\/produit\/mouche-seche-sedge-corps-gris\/\" \/>\n<meta property=\"og:site_name\" content=\"Mylovelyrods\" \/>\n<meta property=\"article:publisher\" content=\"https:\/\/m.facebook.com\/people\/Mylovelyrods\/100062956103344\/?locale=fr_FR\" \/>\n<meta property=\"article:modified_time\" content=\"2025-07-03T14:19:49+00:00\" \/>\n<meta property=\"og:image\" content=\"https:\/\/mylovelyrods.com\/wp-content\/uploads\/2021\/04\/20210427_144201.jpg\" \/>\n\t<meta property=\"og:image:width\" content=\"1898\" \/>\n\t<meta property=\"og:image:height\" content=\"1068\" \/>\n\t<meta property=\"og:image:type\" content=\"image\/jpeg\" \/>\n<meta name=\"twitter:card\" content=\"summary_large_image\" \/>\n<meta name=\"twitter:label1\" content=\"Dur\u00e9e de lecture estim\u00e9e\" \/>\n\t<meta name=\"twitter:data1\" content=\"1 minute\" \/>\n<script type=\"application\/ld+json\" class=\"yoast-schema-graph\">{\"@context\":\"https:\\\/\\\/schema.org\",\"@graph\":[{\"@type\":\"WebPage\",\"@id\":\"https:\\\/\\\/mylovelyrods.com\\\/index.php\\\/produit\\\/mouche-seche-sedge-corps-gris\\\/\",\"url\":\"https:\\\/\\\/mylovelyrods.com\\\/index.php\\\/produit\\\/mouche-seche-sedge-corps-gris\\\/\",\"name\":\"Mouche s\u00e8che Sedge corps gris - Mouches - P\u00eache \u00e0 la mouche\",\"isPartOf\":{\"@id\":\"https:\\\/\\\/mylovelyrods.com\\\/#website\"},\"primaryImageOfPage\":{\"@id\":\"https:\\\/\\\/mylovelyrods.com\\\/index.php\\\/produit\\\/mouche-seche-sedge-corps-gris\\\/#primaryimage\"},\"image\":{\"@id\":\"https:\\\/\\\/mylovelyrods.com\\\/index.php\\\/produit\\\/mouche-seche-sedge-corps-gris\\\/#primaryimage\"},\"thumbnailUrl\":\"https:\\\/\\\/i0.wp.com\\\/mylovelyrods.com\\\/wp-content\\\/uploads\\\/2021\\\/04\\\/20210427_144201.jpg?fit=1898%2C1068&ssl=1\",\"datePublished\":\"2021-04-27T17:28:35+00:00\",\"dateModified\":\"2025-07-03T14:19:49+00:00\",\"description\":\"Mouche s\u00e8che Sedge corps gris, aile cul de canard grise, renforc\u00e9es par des poils de chevreuil renfor\u00e7ant la flottabilit\u00e9\",\"breadcrumb\":{\"@id\":\"https:\\\/\\\/mylovelyrods.com\\\/index.php\\\/produit\\\/mouche-seche-sedge-corps-gris\\\/#breadcrumb\"},\"inLanguage\":\"fr-FR\",\"potentialAction\":[{\"@type\":\"ReadAction\",\"target\":[\"https:\\\/\\\/mylovelyrods.com\\\/index.php\\\/produit\\\/mouche-seche-sedge-corps-gris\\\/\"]}]},{\"@type\":\"ImageObject\",\"inLanguage\":\"fr-FR\",\"@id\":\"https:\\\/\\\/mylovelyrods.com\\\/index.php\\\/produit\\\/mouche-seche-sedge-corps-gris\\\/#primaryimage\",\"url\":\"https:\\\/\\\/i0.wp.com\\\/mylovelyrods.com\\\/wp-content\\\/uploads\\\/2021\\\/04\\\/20210427_144201.jpg?fit=1898%2C1068&ssl=1\",\"contentUrl\":\"https:\\\/\\\/i0.wp.com\\\/mylovelyrods.com\\\/wp-content\\\/uploads\\\/2021\\\/04\\\/20210427_144201.jpg?fit=1898%2C1068&ssl=1\",\"width\":1898,\"height\":1068},{\"@type\":\"BreadcrumbList\",\"@id\":\"https:\\\/\\\/mylovelyrods.com\\\/index.php\\\/produit\\\/mouche-seche-sedge-corps-gris\\\/#breadcrumb\",\"itemListElement\":[{\"@type\":\"ListItem\",\"position\":1,\"name\":\"Accueil\",\"item\":\"https:\\\/\\\/mylovelyrods.com\\\/\"},{\"@type\":\"ListItem\",\"position\":2,\"name\":\"Produits\",\"item\":\"https:\\\/\\\/mylovelyrods.com\\\/index.php\\\/boutique\\\/\"},{\"@type\":\"ListItem\",\"position\":3,\"name\":\"Mouche s\u00e8che Sedge corps gris\"}]},{\"@type\":\"WebSite\",\"@id\":\"https:\\\/\\\/mylovelyrods.com\\\/#website\",\"url\":\"https:\\\/\\\/mylovelyrods.com\\\/\",\"name\":\"Mylovelyrods\",\"description\":\"Facteur de canne, restaurations, customisations, rodbuilding, mouches, nymphes et petit mat\u00e9riel...\",\"publisher\":{\"@id\":\"https:\\\/\\\/mylovelyrods.com\\\/#organization\"},\"potentialAction\":[{\"@type\":\"SearchAction\",\"target\":{\"@type\":\"EntryPoint\",\"urlTemplate\":\"https:\\\/\\\/mylovelyrods.com\\\/?s={search_term_string}\"},\"query-input\":{\"@type\":\"PropertyValueSpecification\",\"valueRequired\":true,\"valueName\":\"search_term_string\"}}],\"inLanguage\":\"fr-FR\"},{\"@type\":\"Organization\",\"@id\":\"https:\\\/\\\/mylovelyrods.com\\\/#organization\",\"name\":\"Mylovelyrods\",\"url\":\"https:\\\/\\\/mylovelyrods.com\\\/\",\"logo\":{\"@type\":\"ImageObject\",\"inLanguage\":\"fr-FR\",\"@id\":\"https:\\\/\\\/mylovelyrods.com\\\/#\\\/schema\\\/logo\\\/image\\\/\",\"url\":\"https:\\\/\\\/mylovelyrods.com\\\/wp-content\\\/uploads\\\/2021\\\/01\\\/0001-scaled-e1611186770281.jpg\",\"contentUrl\":\"https:\\\/\\\/mylovelyrods.com\\\/wp-content\\\/uploads\\\/2021\\\/01\\\/0001-scaled-e1611186770281.jpg\",\"width\":2560,\"height\":716,\"caption\":\"Mylovelyrods\"},\"image\":{\"@id\":\"https:\\\/\\\/mylovelyrods.com\\\/#\\\/schema\\\/logo\\\/image\\\/\"},\"sameAs\":[\"https:\\\/\\\/m.facebook.com\\\/people\\\/Mylovelyrods\\\/100062956103344\\\/?locale=fr_FR\",\"https:\\\/\\\/www.instagram.com\\\/mylovelyrods\\\/?hl=fr\"]}]}<\/script>\n<!-- \/ Yoast SEO plugin. -->","yoast_head_json":{"title":"Mouche s\u00e8che Sedge corps gris - Mouches - P\u00eache \u00e0 la mouche","description":"Mouche s\u00e8che Sedge corps gris, aile cul de canard grise, renforc\u00e9es par des poils de chevreuil renfor\u00e7ant la flottabilit\u00e9","robots":{"index":"index","follow":"follow","max-snippet":"max-snippet:-1","max-image-preview":"max-image-preview:large","max-video-preview":"max-video-preview:-1"},"canonical":"https:\/\/mylovelyrods.com\/index.php\/produit\/mouche-seche-sedge-corps-gris\/","og_locale":"fr_FR","og_type":"article","og_title":"Mouche s\u00e8che Sedge corps gris - Mouches - P\u00eache \u00e0 la mouche","og_description":"Mouche s\u00e8che Sedge corps gris, aile cul de canard grise, renforc\u00e9es par des poils de chevreuil renfor\u00e7ant la flottabilit\u00e9","og_url":"https:\/\/mylovelyrods.com\/index.php\/produit\/mouche-seche-sedge-corps-gris\/","og_site_name":"Mylovelyrods","article_publisher":"https:\/\/m.facebook.com\/people\/Mylovelyrods\/100062956103344\/?locale=fr_FR","article_modified_time":"2025-07-03T14:19:49+00:00","og_image":[{"width":1898,"height":1068,"url":"https:\/\/mylovelyrods.com\/wp-content\/uploads\/2021\/04\/20210427_144201.jpg","type":"image\/jpeg"}],"twitter_card":"summary_large_image","twitter_misc":{"Dur\u00e9e de lecture estim\u00e9e":"1 minute"},"schema":{"@context":"https:\/\/schema.org","@graph":[{"@type":"WebPage","@id":"https:\/\/mylovelyrods.com\/index.php\/produit\/mouche-seche-sedge-corps-gris\/","url":"https:\/\/mylovelyrods.com\/index.php\/produit\/mouche-seche-sedge-corps-gris\/","name":"Mouche s\u00e8che Sedge corps gris - Mouches - P\u00eache \u00e0 la mouche","isPartOf":{"@id":"https:\/\/mylovelyrods.com\/#website"},"primaryImageOfPage":{"@id":"https:\/\/mylovelyrods.com\/index.php\/produit\/mouche-seche-sedge-corps-gris\/#primaryimage"},"image":{"@id":"https:\/\/mylovelyrods.com\/index.php\/produit\/mouche-seche-sedge-corps-gris\/#primaryimage"},"thumbnailUrl":"https:\/\/i0.wp.com\/mylovelyrods.com\/wp-content\/uploads\/2021\/04\/20210427_144201.jpg?fit=1898%2C1068&ssl=1","datePublished":"2021-04-27T17:28:35+00:00","dateModified":"2025-07-03T14:19:49+00:00","description":"Mouche s\u00e8che Sedge corps gris, aile cul de canard grise, renforc\u00e9es par des poils de chevreuil renfor\u00e7ant la flottabilit\u00e9","breadcrumb":{"@id":"https:\/\/mylovelyrods.com\/index.php\/produit\/mouche-seche-sedge-corps-gris\/#breadcrumb"},"inLanguage":"fr-FR","potentialAction":[{"@type":"ReadAction","target":["https:\/\/mylovelyrods.com\/index.php\/produit\/mouche-seche-sedge-corps-gris\/"]}]},{"@type":"ImageObject","inLanguage":"fr-FR","@id":"https:\/\/mylovelyrods.com\/index.php\/produit\/mouche-seche-sedge-corps-gris\/#primaryimage","url":"https:\/\/i0.wp.com\/mylovelyrods.com\/wp-content\/uploads\/2021\/04\/20210427_144201.jpg?fit=1898%2C1068&ssl=1","contentUrl":"https:\/\/i0.wp.com\/mylovelyrods.com\/wp-content\/uploads\/2021\/04\/20210427_144201.jpg?fit=1898%2C1068&ssl=1","width":1898,"height":1068},{"@type":"BreadcrumbList","@id":"https:\/\/mylovelyrods.com\/index.php\/produit\/mouche-seche-sedge-corps-gris\/#breadcrumb","itemListElement":[{"@type":"ListItem","position":1,"name":"Accueil","item":"https:\/\/mylovelyrods.com\/"},{"@type":"ListItem","position":2,"name":"Produits","item":"https:\/\/mylovelyrods.com\/index.php\/boutique\/"},{"@type":"ListItem","position":3,"name":"Mouche s\u00e8che Sedge corps gris"}]},{"@type":"WebSite","@id":"https:\/\/mylovelyrods.com\/#website","url":"https:\/\/mylovelyrods.com\/","name":"Mylovelyrods","description":"Facteur de canne, restaurations, customisations, rodbuilding, mouches, nymphes et petit mat\u00e9riel...","publisher":{"@id":"https:\/\/mylovelyrods.com\/#organization"},"potentialAction":[{"@type":"SearchAction","target":{"@type":"EntryPoint","urlTemplate":"https:\/\/mylovelyrods.com\/?s={search_term_string}"},"query-input":{"@type":"PropertyValueSpecification","valueRequired":true,"valueName":"search_term_string"}}],"inLanguage":"fr-FR"},{"@type":"Organization","@id":"https:\/\/mylovelyrods.com\/#organization","name":"Mylovelyrods","url":"https:\/\/mylovelyrods.com\/","logo":{"@type":"ImageObject","inLanguage":"fr-FR","@id":"https:\/\/mylovelyrods.com\/#\/schema\/logo\/image\/","url":"https:\/\/mylovelyrods.com\/wp-content\/uploads\/2021\/01\/0001-scaled-e1611186770281.jpg","contentUrl":"https:\/\/mylovelyrods.com\/wp-content\/uploads\/2021\/01\/0001-scaled-e1611186770281.jpg","width":2560,"height":716,"caption":"Mylovelyrods"},"image":{"@id":"https:\/\/mylovelyrods.com\/#\/schema\/logo\/image\/"},"sameAs":["https:\/\/m.facebook.com\/people\/Mylovelyrods\/100062956103344\/?locale=fr_FR","https:\/\/www.instagram.com\/mylovelyrods\/?hl=fr"]}]}},"jetpack_sharing_enabled":true,"_links":{"self":[{"href":"https:\/\/mylovelyrods.com\/index.php\/wp-json\/wp\/v2\/product\/759","targetHints":{"allow":["GET"]}}],"collection":[{"href":"https:\/\/mylovelyrods.com\/index.php\/wp-json\/wp\/v2\/product"}],"about":[{"href":"https:\/\/mylovelyrods.com\/index.php\/wp-json\/wp\/v2\/types\/product"}],"wp:featuredmedia":[{"embeddable":true,"href":"https:\/\/mylovelyrods.com\/index.php\/wp-json\/wp\/v2\/media\/762"}],"wp:attachment":[{"href":"https:\/\/mylovelyrods.com\/index.php\/wp-json\/wp\/v2\/media?parent=759"}],"wp:term":[{"taxonomy":"product_brand","embeddable":true,"href":"https:\/\/mylovelyrods.com\/index.php\/wp-json\/wp\/v2\/product_brand?post=759"},{"taxonomy":"product_cat","embeddable":true,"href":"https:\/\/mylovelyrods.com\/index.php\/wp-json\/wp\/v2\/product_cat?post=759"},{"taxonomy":"product_tag","embeddable":true,"href":"https:\/\/mylovelyrods.com\/index.php\/wp-json\/wp\/v2\/product_tag?post=759"}],"curies":[{"name":"wp","href":"https:\/\/api.w.org\/{rel}","templated":true}]}}