{"id":773,"date":"2021-04-27T20:03:42","date_gmt":"2021-04-27T18:03:42","guid":{"rendered":"https:\/\/mylovelyrods.com\/?post_type=product&#038;p=773"},"modified":"2026-03-25T21:45:47","modified_gmt":"2026-03-25T20:45:47","slug":"mouche-seche-araignee-grise","status":"publish","type":"product","link":"https:\/\/mylovelyrods.com\/index.php\/produit\/mouche-seche-araignee-grise\/","title":{"rendered":"Mouche s\u00e8che Araign\u00e9e grise"},"content":{"rendered":"<p>Mouche s\u00e8che Araign\u00e9e grise est une imitation d&rsquo;\u00e9ph\u00e9m\u00e8re adulte grise, mais aussi n&rsquo;importe quel insecte gris qui se balade autour de l&rsquo;eau. C&rsquo;est une mouche \u00ab\u00a0g\u00e9n\u00e9rale\u00a0\u00bb, elle peut imiter une baetis, comme un moucheron.<\/p>\n<p>Contrairement \u00e0 mon \u00e9ph\u00e9m\u00e8re, le corps est en quill de paon \u00e9barb\u00e9, ce qui lui conf\u00e8re une plus plus basse flottaison que la mouche s\u00e8che \u00e9ph\u00e9m\u00e8re mont\u00e9e avec des quills d&rsquo;oie. Elle peut donc d\u00e9cider des poissons m\u00e9fiants.<\/p>\n<p>De la plume de cul de canard est dans le hackle\u00a0 pour des raisons visuelles, pour les p\u00eacheurs \u00e0 la mouche qui ont des difficult\u00e9s a voir leur mouche, et il y en a beaucoup \ud83d\ude09<\/p>\n<p>Vous la trouverez sur le site dans plusieurs couleurs diff\u00e9rentes et de plusieurs tailles. Je ne s\u00e9lectionne que des couleurs que j&rsquo;utilise dans l&rsquo;ann\u00e9e de p\u00eache. Elle peut \u00eatre d\u00e9clin\u00e9e dans beaucoup de couleurs. C&rsquo;est une mouche que j&rsquo;utilis\u00e9e dans toutes les rivi\u00e8res ou il y a de la vie!<\/p>\n<p>Vous souhaitez des montages de mouches et de nymphes personnalis\u00e9es? Alors n&rsquo;h\u00e9sitez pas \u00e0 me contacter <a href=\"https:\/\/mylovelyrods.com\/index.php\/demande-devis-contact-canne-a-peche-artisanale\/\">ICI<\/a>.<\/p>\n<p>Si vous souhaitez me suivre sur les r\u00e9seaux sociaux, c&rsquo;est par <a href=\"https:\/\/www.facebook.com\/pages\/category\/Sports\/Mylovelyrods-101775187859974\/\">ici<\/a> et par <a href=\"https:\/\/www.instagram.com\/mylovelyrods\/?hl=fr\">l\u00e0<\/a>.<\/p>\n<p>Mouche s\u00e8che Araign\u00e9e grise dont les couleurs peuvent l\u00e9g\u00e8rement diff\u00e9rer des couleurs de la photo.<\/p>\n","protected":false},"excerpt":{"rendered":"<p>Mouche s\u00e8che Araign\u00e9e grise est une imitation d&rsquo;\u00e9ph\u00e9m\u00e8re adulte grise, mais aussi n&rsquo;importe quel insecte gris qui se balade autour de l&rsquo;eau. C&rsquo;est une mouche \u00ab\u00a0g\u00e9n\u00e9rale\u00a0\u00bb, elle peut imiter une baetis, comme un moucheron.<\/p>\n<p>Contrairement \u00e0 mon \u00e9ph\u00e9m\u00e8re, le corps est en quill de paon \u00e9barb\u00e9, ce qui lui conf\u00e8re une plus plus basse flottaison que la mouche s\u00e8che \u00e9ph\u00e9m\u00e8re mont\u00e9e avec des quills d&rsquo;oie. Elle peut donc d\u00e9cider des poissons m\u00e9fiants.<\/p>\n<p>De la plume de cul de canard est dans le hackle\u00a0 pour des raisons visuelles, pour les p\u00eacheurs \u00e0 la mouche qui ont des difficult\u00e9s a voir leur mouche, et il y en a beaucoup \ud83d\ude09<\/p>\n<p>Vous la trouverez sur le site dans plusieurs couleurs diff\u00e9rentes et de plusieurs tailles. Je ne s\u00e9lectionne que des couleurs que j&rsquo;utilise dans l&rsquo;ann\u00e9e de p\u00eache. Elle peut \u00eatre d\u00e9clin\u00e9e dans beaucoup de couleurs. C&rsquo;est une mouche que j&rsquo;utilis\u00e9e dans toutes les rivi\u00e8res ou il y a de la vie!<\/p>\n<p><img loading=\"lazy\" decoding=\"async\" class=\"alignnone size-medium wp-image-770\" src=\"https:\/\/mylovelyrods.com\/wp-content\/uploads\/2021\/04\/20210427_144356-300x169.jpg\" alt=\"\" width=\"300\" height=\"169\" srcset=\"https:\/\/i0.wp.com\/mylovelyrods.com\/wp-content\/uploads\/2021\/04\/20210427_144356.jpg?resize=300%2C169&amp;ssl=1 300w, https:\/\/i0.wp.com\/mylovelyrods.com\/wp-content\/uploads\/2021\/04\/20210427_144356.jpg?resize=1024%2C576&amp;ssl=1 1024w, https:\/\/i0.wp.com\/mylovelyrods.com\/wp-content\/uploads\/2021\/04\/20210427_144356.jpg?resize=768%2C432&amp;ssl=1 768w, https:\/\/i0.wp.com\/mylovelyrods.com\/wp-content\/uploads\/2021\/04\/20210427_144356.jpg?resize=600%2C337&amp;ssl=1 600w, https:\/\/i0.wp.com\/mylovelyrods.com\/wp-content\/uploads\/2021\/04\/20210427_144356.jpg?w=1469&amp;ssl=1 1469w\" sizes=\"auto, (max-width: 300px) 100vw, 300px\" \/><\/p>\n","protected":false},"featured_media":776,"template":"","meta":{"jetpack_post_was_ever_published":false,"_glsr_average":0,"_glsr_ranking":0,"_glsr_reviews":0},"product_brand":[],"product_cat":[21,42],"product_tag":[],"class_list":{"0":"post-773","1":"product","2":"type-product","3":"status-publish","4":"has-post-thumbnail","6":"product_cat-mouches-nymphes","7":"product_cat-mouches-seches","9":"first","10":"instock","11":"shipping-taxable","12":"purchasable","13":"product-type-variable"},"yoast_head":"<!-- This site is optimized with the Yoast SEO plugin v27.4 - https:\/\/yoast.com\/product\/yoast-seo-wordpress\/ -->\n<title>Mouche s\u00e8che Araign\u00e9e grise - Mouches - P\u00eache \u00e0 la mouche<\/title>\n<meta name=\"description\" content=\"Mouche s\u00e8che Araign\u00e9e grise. Montage araign\u00e9e dont le corps est mont\u00e9 en quill de paon \u00e9barb\u00e9 ce qui lui conf\u00e8re une flottaison plus basse\" \/>\n<meta name=\"robots\" content=\"index, follow, max-snippet:-1, max-image-preview:large, max-video-preview:-1\" \/>\n<link rel=\"canonical\" href=\"https:\/\/mylovelyrods.com\/index.php\/produit\/mouche-seche-araignee-grise\/\" \/>\n<meta property=\"og:locale\" content=\"fr_FR\" \/>\n<meta property=\"og:type\" content=\"article\" \/>\n<meta property=\"og:title\" content=\"Mouche s\u00e8che Araign\u00e9e grise - Mouches - P\u00eache \u00e0 la mouche\" \/>\n<meta property=\"og:description\" content=\"Mouche s\u00e8che Araign\u00e9e grise. Montage araign\u00e9e dont le corps est mont\u00e9 en quill de paon \u00e9barb\u00e9 ce qui lui conf\u00e8re une flottaison plus basse\" \/>\n<meta property=\"og:url\" content=\"https:\/\/mylovelyrods.com\/index.php\/produit\/mouche-seche-araignee-grise\/\" \/>\n<meta property=\"og:site_name\" content=\"Mylovelyrods\" \/>\n<meta property=\"article:publisher\" content=\"https:\/\/m.facebook.com\/people\/Mylovelyrods\/100062956103344\/?locale=fr_FR\" \/>\n<meta property=\"article:modified_time\" content=\"2026-03-25T20:45:47+00:00\" \/>\n<meta property=\"og:image\" content=\"https:\/\/mylovelyrods.com\/wp-content\/uploads\/2021\/04\/20210427_144625.jpg\" \/>\n\t<meta property=\"og:image:width\" content=\"1908\" \/>\n\t<meta property=\"og:image:height\" content=\"1070\" \/>\n\t<meta property=\"og:image:type\" content=\"image\/jpeg\" \/>\n<meta name=\"twitter:card\" content=\"summary_large_image\" \/>\n<meta name=\"twitter:label1\" content=\"Dur\u00e9e de lecture estim\u00e9e\" \/>\n\t<meta name=\"twitter:data1\" content=\"2 minutes\" \/>\n<script type=\"application\/ld+json\" class=\"yoast-schema-graph\">{\"@context\":\"https:\\\/\\\/schema.org\",\"@graph\":[{\"@type\":\"WebPage\",\"@id\":\"https:\\\/\\\/mylovelyrods.com\\\/index.php\\\/produit\\\/mouche-seche-araignee-grise\\\/\",\"url\":\"https:\\\/\\\/mylovelyrods.com\\\/index.php\\\/produit\\\/mouche-seche-araignee-grise\\\/\",\"name\":\"Mouche s\u00e8che Araign\u00e9e grise - Mouches - P\u00eache \u00e0 la mouche\",\"isPartOf\":{\"@id\":\"https:\\\/\\\/mylovelyrods.com\\\/#website\"},\"primaryImageOfPage\":{\"@id\":\"https:\\\/\\\/mylovelyrods.com\\\/index.php\\\/produit\\\/mouche-seche-araignee-grise\\\/#primaryimage\"},\"image\":{\"@id\":\"https:\\\/\\\/mylovelyrods.com\\\/index.php\\\/produit\\\/mouche-seche-araignee-grise\\\/#primaryimage\"},\"thumbnailUrl\":\"https:\\\/\\\/i0.wp.com\\\/mylovelyrods.com\\\/wp-content\\\/uploads\\\/2021\\\/04\\\/20210427_144625.jpg?fit=1908%2C1070&ssl=1\",\"datePublished\":\"2021-04-27T18:03:42+00:00\",\"dateModified\":\"2026-03-25T20:45:47+00:00\",\"description\":\"Mouche s\u00e8che Araign\u00e9e grise. Montage araign\u00e9e dont le corps est mont\u00e9 en quill de paon \u00e9barb\u00e9 ce qui lui conf\u00e8re une flottaison plus basse\",\"breadcrumb\":{\"@id\":\"https:\\\/\\\/mylovelyrods.com\\\/index.php\\\/produit\\\/mouche-seche-araignee-grise\\\/#breadcrumb\"},\"inLanguage\":\"fr-FR\",\"potentialAction\":[{\"@type\":\"ReadAction\",\"target\":[\"https:\\\/\\\/mylovelyrods.com\\\/index.php\\\/produit\\\/mouche-seche-araignee-grise\\\/\"]}]},{\"@type\":\"ImageObject\",\"inLanguage\":\"fr-FR\",\"@id\":\"https:\\\/\\\/mylovelyrods.com\\\/index.php\\\/produit\\\/mouche-seche-araignee-grise\\\/#primaryimage\",\"url\":\"https:\\\/\\\/i0.wp.com\\\/mylovelyrods.com\\\/wp-content\\\/uploads\\\/2021\\\/04\\\/20210427_144625.jpg?fit=1908%2C1070&ssl=1\",\"contentUrl\":\"https:\\\/\\\/i0.wp.com\\\/mylovelyrods.com\\\/wp-content\\\/uploads\\\/2021\\\/04\\\/20210427_144625.jpg?fit=1908%2C1070&ssl=1\",\"width\":1908,\"height\":1070},{\"@type\":\"BreadcrumbList\",\"@id\":\"https:\\\/\\\/mylovelyrods.com\\\/index.php\\\/produit\\\/mouche-seche-araignee-grise\\\/#breadcrumb\",\"itemListElement\":[{\"@type\":\"ListItem\",\"position\":1,\"name\":\"Accueil\",\"item\":\"https:\\\/\\\/mylovelyrods.com\\\/\"},{\"@type\":\"ListItem\",\"position\":2,\"name\":\"Produits\",\"item\":\"https:\\\/\\\/mylovelyrods.com\\\/index.php\\\/boutique\\\/\"},{\"@type\":\"ListItem\",\"position\":3,\"name\":\"Mouche s\u00e8che Araign\u00e9e grise\"}]},{\"@type\":\"WebSite\",\"@id\":\"https:\\\/\\\/mylovelyrods.com\\\/#website\",\"url\":\"https:\\\/\\\/mylovelyrods.com\\\/\",\"name\":\"Mylovelyrods\",\"description\":\"Facteur de canne, restaurations, customisations, rodbuilding, mouches, nymphes et petit mat\u00e9riel...\",\"publisher\":{\"@id\":\"https:\\\/\\\/mylovelyrods.com\\\/#organization\"},\"potentialAction\":[{\"@type\":\"SearchAction\",\"target\":{\"@type\":\"EntryPoint\",\"urlTemplate\":\"https:\\\/\\\/mylovelyrods.com\\\/?s={search_term_string}\"},\"query-input\":{\"@type\":\"PropertyValueSpecification\",\"valueRequired\":true,\"valueName\":\"search_term_string\"}}],\"inLanguage\":\"fr-FR\"},{\"@type\":\"Organization\",\"@id\":\"https:\\\/\\\/mylovelyrods.com\\\/#organization\",\"name\":\"Mylovelyrods\",\"url\":\"https:\\\/\\\/mylovelyrods.com\\\/\",\"logo\":{\"@type\":\"ImageObject\",\"inLanguage\":\"fr-FR\",\"@id\":\"https:\\\/\\\/mylovelyrods.com\\\/#\\\/schema\\\/logo\\\/image\\\/\",\"url\":\"https:\\\/\\\/mylovelyrods.com\\\/wp-content\\\/uploads\\\/2021\\\/01\\\/0001-scaled-e1611186770281.jpg\",\"contentUrl\":\"https:\\\/\\\/mylovelyrods.com\\\/wp-content\\\/uploads\\\/2021\\\/01\\\/0001-scaled-e1611186770281.jpg\",\"width\":2560,\"height\":716,\"caption\":\"Mylovelyrods\"},\"image\":{\"@id\":\"https:\\\/\\\/mylovelyrods.com\\\/#\\\/schema\\\/logo\\\/image\\\/\"},\"sameAs\":[\"https:\\\/\\\/m.facebook.com\\\/people\\\/Mylovelyrods\\\/100062956103344\\\/?locale=fr_FR\",\"https:\\\/\\\/www.instagram.com\\\/mylovelyrods\\\/?hl=fr\"]}]}<\/script>\n<!-- \/ Yoast SEO plugin. -->","yoast_head_json":{"title":"Mouche s\u00e8che Araign\u00e9e grise - Mouches - P\u00eache \u00e0 la mouche","description":"Mouche s\u00e8che Araign\u00e9e grise. Montage araign\u00e9e dont le corps est mont\u00e9 en quill de paon \u00e9barb\u00e9 ce qui lui conf\u00e8re une flottaison plus basse","robots":{"index":"index","follow":"follow","max-snippet":"max-snippet:-1","max-image-preview":"max-image-preview:large","max-video-preview":"max-video-preview:-1"},"canonical":"https:\/\/mylovelyrods.com\/index.php\/produit\/mouche-seche-araignee-grise\/","og_locale":"fr_FR","og_type":"article","og_title":"Mouche s\u00e8che Araign\u00e9e grise - Mouches - P\u00eache \u00e0 la mouche","og_description":"Mouche s\u00e8che Araign\u00e9e grise. Montage araign\u00e9e dont le corps est mont\u00e9 en quill de paon \u00e9barb\u00e9 ce qui lui conf\u00e8re une flottaison plus basse","og_url":"https:\/\/mylovelyrods.com\/index.php\/produit\/mouche-seche-araignee-grise\/","og_site_name":"Mylovelyrods","article_publisher":"https:\/\/m.facebook.com\/people\/Mylovelyrods\/100062956103344\/?locale=fr_FR","article_modified_time":"2026-03-25T20:45:47+00:00","og_image":[{"width":1908,"height":1070,"url":"https:\/\/mylovelyrods.com\/wp-content\/uploads\/2021\/04\/20210427_144625.jpg","type":"image\/jpeg"}],"twitter_card":"summary_large_image","twitter_misc":{"Dur\u00e9e de lecture estim\u00e9e":"2 minutes"},"schema":{"@context":"https:\/\/schema.org","@graph":[{"@type":"WebPage","@id":"https:\/\/mylovelyrods.com\/index.php\/produit\/mouche-seche-araignee-grise\/","url":"https:\/\/mylovelyrods.com\/index.php\/produit\/mouche-seche-araignee-grise\/","name":"Mouche s\u00e8che Araign\u00e9e grise - Mouches - P\u00eache \u00e0 la mouche","isPartOf":{"@id":"https:\/\/mylovelyrods.com\/#website"},"primaryImageOfPage":{"@id":"https:\/\/mylovelyrods.com\/index.php\/produit\/mouche-seche-araignee-grise\/#primaryimage"},"image":{"@id":"https:\/\/mylovelyrods.com\/index.php\/produit\/mouche-seche-araignee-grise\/#primaryimage"},"thumbnailUrl":"https:\/\/i0.wp.com\/mylovelyrods.com\/wp-content\/uploads\/2021\/04\/20210427_144625.jpg?fit=1908%2C1070&ssl=1","datePublished":"2021-04-27T18:03:42+00:00","dateModified":"2026-03-25T20:45:47+00:00","description":"Mouche s\u00e8che Araign\u00e9e grise. Montage araign\u00e9e dont le corps est mont\u00e9 en quill de paon \u00e9barb\u00e9 ce qui lui conf\u00e8re une flottaison plus basse","breadcrumb":{"@id":"https:\/\/mylovelyrods.com\/index.php\/produit\/mouche-seche-araignee-grise\/#breadcrumb"},"inLanguage":"fr-FR","potentialAction":[{"@type":"ReadAction","target":["https:\/\/mylovelyrods.com\/index.php\/produit\/mouche-seche-araignee-grise\/"]}]},{"@type":"ImageObject","inLanguage":"fr-FR","@id":"https:\/\/mylovelyrods.com\/index.php\/produit\/mouche-seche-araignee-grise\/#primaryimage","url":"https:\/\/i0.wp.com\/mylovelyrods.com\/wp-content\/uploads\/2021\/04\/20210427_144625.jpg?fit=1908%2C1070&ssl=1","contentUrl":"https:\/\/i0.wp.com\/mylovelyrods.com\/wp-content\/uploads\/2021\/04\/20210427_144625.jpg?fit=1908%2C1070&ssl=1","width":1908,"height":1070},{"@type":"BreadcrumbList","@id":"https:\/\/mylovelyrods.com\/index.php\/produit\/mouche-seche-araignee-grise\/#breadcrumb","itemListElement":[{"@type":"ListItem","position":1,"name":"Accueil","item":"https:\/\/mylovelyrods.com\/"},{"@type":"ListItem","position":2,"name":"Produits","item":"https:\/\/mylovelyrods.com\/index.php\/boutique\/"},{"@type":"ListItem","position":3,"name":"Mouche s\u00e8che Araign\u00e9e grise"}]},{"@type":"WebSite","@id":"https:\/\/mylovelyrods.com\/#website","url":"https:\/\/mylovelyrods.com\/","name":"Mylovelyrods","description":"Facteur de canne, restaurations, customisations, rodbuilding, mouches, nymphes et petit mat\u00e9riel...","publisher":{"@id":"https:\/\/mylovelyrods.com\/#organization"},"potentialAction":[{"@type":"SearchAction","target":{"@type":"EntryPoint","urlTemplate":"https:\/\/mylovelyrods.com\/?s={search_term_string}"},"query-input":{"@type":"PropertyValueSpecification","valueRequired":true,"valueName":"search_term_string"}}],"inLanguage":"fr-FR"},{"@type":"Organization","@id":"https:\/\/mylovelyrods.com\/#organization","name":"Mylovelyrods","url":"https:\/\/mylovelyrods.com\/","logo":{"@type":"ImageObject","inLanguage":"fr-FR","@id":"https:\/\/mylovelyrods.com\/#\/schema\/logo\/image\/","url":"https:\/\/mylovelyrods.com\/wp-content\/uploads\/2021\/01\/0001-scaled-e1611186770281.jpg","contentUrl":"https:\/\/mylovelyrods.com\/wp-content\/uploads\/2021\/01\/0001-scaled-e1611186770281.jpg","width":2560,"height":716,"caption":"Mylovelyrods"},"image":{"@id":"https:\/\/mylovelyrods.com\/#\/schema\/logo\/image\/"},"sameAs":["https:\/\/m.facebook.com\/people\/Mylovelyrods\/100062956103344\/?locale=fr_FR","https:\/\/www.instagram.com\/mylovelyrods\/?hl=fr"]}]}},"jetpack_sharing_enabled":true,"_links":{"self":[{"href":"https:\/\/mylovelyrods.com\/index.php\/wp-json\/wp\/v2\/product\/773","targetHints":{"allow":["GET"]}}],"collection":[{"href":"https:\/\/mylovelyrods.com\/index.php\/wp-json\/wp\/v2\/product"}],"about":[{"href":"https:\/\/mylovelyrods.com\/index.php\/wp-json\/wp\/v2\/types\/product"}],"wp:featuredmedia":[{"embeddable":true,"href":"https:\/\/mylovelyrods.com\/index.php\/wp-json\/wp\/v2\/media\/776"}],"wp:attachment":[{"href":"https:\/\/mylovelyrods.com\/index.php\/wp-json\/wp\/v2\/media?parent=773"}],"wp:term":[{"taxonomy":"product_brand","embeddable":true,"href":"https:\/\/mylovelyrods.com\/index.php\/wp-json\/wp\/v2\/product_brand?post=773"},{"taxonomy":"product_cat","embeddable":true,"href":"https:\/\/mylovelyrods.com\/index.php\/wp-json\/wp\/v2\/product_cat?post=773"},{"taxonomy":"product_tag","embeddable":true,"href":"https:\/\/mylovelyrods.com\/index.php\/wp-json\/wp\/v2\/product_tag?post=773"}],"curies":[{"name":"wp","href":"https:\/\/api.w.org\/{rel}","templated":true}]}}