{"id":830,"date":"2021-04-28T00:52:57","date_gmt":"2021-04-27T22:52:57","guid":{"rendered":"https:\/\/mylovelyrods.com\/?post_type=product&#038;p=830"},"modified":"2026-03-25T21:45:47","modified_gmt":"2026-03-25T20:45:47","slug":"mouche-seche-klinkhammer-gris","status":"publish","type":"product","link":"https:\/\/mylovelyrods.com\/index.php\/produit\/mouche-seche-klinkhammer-gris\/","title":{"rendered":"Mouche S\u00e8che Klinkhammer gris"},"content":{"rendered":"<p>La Mouche s\u00e8che klinkhammer gris est une \u00e9mergente classique et tr\u00e8s populaire en Europe!<\/p>\n<p>Elle a une flottaison basse mais elle est stable sur l&rsquo;eau et peut donc d\u00e9cider des poissons difficiles. Elle est mont\u00e9e en parachute, de couleur grise avec un pompon blanc bien visible pour le p\u00eacheur qui a du mal a voir sa mouche.<\/p>\n<p>Vous la trouverez d\u00e9clin\u00e9e en plusieurs couleurs, olive avec son pompon chartreux tr\u00e8s bien pour la Dordogne, j&rsquo;ai \u00e9galement fait p\u00eache avec sur Aude, ou <a href=\"https:\/\/mylovelyrods.com\/index.php\/produit\/mouche-seche-klinkhammer-golden-olive\/\">golden olive pompon jaune<\/a> avec laquelle je me suis beaucoup amus\u00e9 sur l&rsquo;Ari\u00e8ge et sur tous ses affluents mais aussi sur Garonne. Graiss\u00e9e elle est tr\u00e8s int\u00e9ressante et bien visible en eaux rapides.<\/p>\n<p>Efficace et indispensable dans une boite \u00e0 mouche, il faut l&rsquo;avoir et la d\u00e9cliner en plusieurs coloris. Les truites comme les ombres se feront prendre par cette mouche. C&rsquo;est une mouche qui sera efficace partout en Europe, et m\u00eame en Am\u00e9rique du nord, enfin bref, partout dans le monde!<\/p>\n<p>Si vous souhaitez des montages de mouches et de nymphes personnalis\u00e9es, n&rsquo;h\u00e9sitez pas \u00e0 me contacter <a href=\"https:\/\/mylovelyrods.com\/index.php\/demande-devis-contact-canne-a-peche-artisanale\/\">ICI<\/a>.<\/p>\n<p>Mouche s\u00e8che Klinkhammer olive dont les couleurs peuvent l\u00e9g\u00e8rement diff\u00e9rer des couleurs de la photo.<\/p>\n<p>Si vous souhaitez me suivre sur les r\u00e9seaux sociaux, c&rsquo;est par <a href=\"https:\/\/www.facebook.com\/pages\/category\/Sports\/Mylovelyrods-101775187859974\/\">ici<\/a> et par <a href=\"https:\/\/www.instagram.com\/mylovelyrods\/?hl=fr\">l\u00e0<\/a>.<\/p>\n","protected":false},"excerpt":{"rendered":"<p>La klinkhammer est une \u00e9mergente tr\u00e8s populaire! Elle a une flottaison basse sur l&rsquo;eau. Elle est mont\u00e9e en parachute, de couleur grise avec un pompon blanc bien visible pour le p\u00eacheur. Efficace et indispensable dans une boite \u00e0 mouche.<\/p>\n<p><img loading=\"lazy\" decoding=\"async\" class=\"alignnone size-medium wp-image-834\" src=\"https:\/\/mylovelyrods.com\/wp-content\/uploads\/2021\/04\/20210427_152347-1-300x169.jpg\" alt=\"\" width=\"300\" height=\"169\" srcset=\"https:\/\/i0.wp.com\/mylovelyrods.com\/wp-content\/uploads\/2021\/04\/20210427_152347-1.jpg?resize=300%2C169&amp;ssl=1 300w, https:\/\/i0.wp.com\/mylovelyrods.com\/wp-content\/uploads\/2021\/04\/20210427_152347-1.jpg?resize=768%2C432&amp;ssl=1 768w, https:\/\/i0.wp.com\/mylovelyrods.com\/wp-content\/uploads\/2021\/04\/20210427_152347-1.jpg?resize=600%2C338&amp;ssl=1 600w, https:\/\/i0.wp.com\/mylovelyrods.com\/wp-content\/uploads\/2021\/04\/20210427_152347-1.jpg?w=992&amp;ssl=1 992w\" sizes=\"auto, (max-width: 300px) 100vw, 300px\" \/><\/p>\n<p>&nbsp;<\/p>\n","protected":false},"featured_media":833,"template":"","meta":{"jetpack_post_was_ever_published":false,"_glsr_average":0,"_glsr_ranking":0,"_glsr_reviews":0},"product_brand":[],"product_cat":[21,42],"product_tag":[],"class_list":{"0":"post-830","1":"product","2":"type-product","3":"status-publish","4":"has-post-thumbnail","6":"product_cat-mouches-nymphes","7":"product_cat-mouches-seches","9":"first","10":"instock","11":"featured","12":"shipping-taxable","13":"purchasable","14":"product-type-variable"},"yoast_head":"<!-- This site is optimized with the Yoast SEO plugin v27.4 - https:\/\/yoast.com\/product\/yoast-seo-wordpress\/ -->\n<title>Mouche S\u00e8che Klinkhammer gris - Mouches - P\u00eache \u00e0 la mouche<\/title>\n<meta name=\"description\" content=\"Mouche s\u00e8che klinkhammer gris, \u00e9mergente qui a une flottaison basse sur l&#039;eau mont\u00e9e en parachute grise avec un pompon blanc bien visible.\" \/>\n<meta name=\"robots\" content=\"index, follow, max-snippet:-1, max-image-preview:large, max-video-preview:-1\" \/>\n<link rel=\"canonical\" href=\"https:\/\/mylovelyrods.com\/index.php\/produit\/mouche-seche-klinkhammer-gris\/\" \/>\n<meta property=\"og:locale\" content=\"fr_FR\" \/>\n<meta property=\"og:type\" content=\"article\" \/>\n<meta property=\"og:title\" content=\"Mouche S\u00e8che Klinkhammer gris - Mouches - P\u00eache \u00e0 la mouche\" \/>\n<meta property=\"og:description\" content=\"Mouche s\u00e8che klinkhammer gris, \u00e9mergente qui a une flottaison basse sur l&#039;eau mont\u00e9e en parachute grise avec un pompon blanc bien visible.\" \/>\n<meta property=\"og:url\" content=\"https:\/\/mylovelyrods.com\/index.php\/produit\/mouche-seche-klinkhammer-gris\/\" \/>\n<meta property=\"og:site_name\" content=\"Mylovelyrods\" \/>\n<meta property=\"article:publisher\" content=\"https:\/\/m.facebook.com\/people\/Mylovelyrods\/100062956103344\/?locale=fr_FR\" \/>\n<meta property=\"article:modified_time\" content=\"2026-03-25T20:45:47+00:00\" \/>\n<meta property=\"og:image\" content=\"https:\/\/mylovelyrods.com\/wp-content\/uploads\/2021\/04\/20210427_152533-1.jpg\" \/>\n\t<meta property=\"og:image:width\" content=\"1451\" \/>\n\t<meta property=\"og:image:height\" content=\"842\" \/>\n\t<meta property=\"og:image:type\" content=\"image\/jpeg\" \/>\n<meta name=\"twitter:card\" content=\"summary_large_image\" \/>\n<meta name=\"twitter:label1\" content=\"Dur\u00e9e de lecture estim\u00e9e\" \/>\n\t<meta name=\"twitter:data1\" content=\"2 minutes\" \/>\n<script type=\"application\/ld+json\" class=\"yoast-schema-graph\">{\"@context\":\"https:\\\/\\\/schema.org\",\"@graph\":[{\"@type\":\"WebPage\",\"@id\":\"https:\\\/\\\/mylovelyrods.com\\\/index.php\\\/produit\\\/mouche-seche-klinkhammer-gris\\\/\",\"url\":\"https:\\\/\\\/mylovelyrods.com\\\/index.php\\\/produit\\\/mouche-seche-klinkhammer-gris\\\/\",\"name\":\"Mouche S\u00e8che Klinkhammer gris - Mouches - P\u00eache \u00e0 la mouche\",\"isPartOf\":{\"@id\":\"https:\\\/\\\/mylovelyrods.com\\\/#website\"},\"primaryImageOfPage\":{\"@id\":\"https:\\\/\\\/mylovelyrods.com\\\/index.php\\\/produit\\\/mouche-seche-klinkhammer-gris\\\/#primaryimage\"},\"image\":{\"@id\":\"https:\\\/\\\/mylovelyrods.com\\\/index.php\\\/produit\\\/mouche-seche-klinkhammer-gris\\\/#primaryimage\"},\"thumbnailUrl\":\"https:\\\/\\\/i0.wp.com\\\/mylovelyrods.com\\\/wp-content\\\/uploads\\\/2021\\\/04\\\/20210427_152533-1.jpg?fit=1451%2C842&ssl=1\",\"datePublished\":\"2021-04-27T22:52:57+00:00\",\"dateModified\":\"2026-03-25T20:45:47+00:00\",\"description\":\"Mouche s\u00e8che klinkhammer gris, \u00e9mergente qui a une flottaison basse sur l'eau mont\u00e9e en parachute grise avec un pompon blanc bien visible.\",\"breadcrumb\":{\"@id\":\"https:\\\/\\\/mylovelyrods.com\\\/index.php\\\/produit\\\/mouche-seche-klinkhammer-gris\\\/#breadcrumb\"},\"inLanguage\":\"fr-FR\",\"potentialAction\":[{\"@type\":\"ReadAction\",\"target\":[\"https:\\\/\\\/mylovelyrods.com\\\/index.php\\\/produit\\\/mouche-seche-klinkhammer-gris\\\/\"]}]},{\"@type\":\"ImageObject\",\"inLanguage\":\"fr-FR\",\"@id\":\"https:\\\/\\\/mylovelyrods.com\\\/index.php\\\/produit\\\/mouche-seche-klinkhammer-gris\\\/#primaryimage\",\"url\":\"https:\\\/\\\/i0.wp.com\\\/mylovelyrods.com\\\/wp-content\\\/uploads\\\/2021\\\/04\\\/20210427_152533-1.jpg?fit=1451%2C842&ssl=1\",\"contentUrl\":\"https:\\\/\\\/i0.wp.com\\\/mylovelyrods.com\\\/wp-content\\\/uploads\\\/2021\\\/04\\\/20210427_152533-1.jpg?fit=1451%2C842&ssl=1\",\"width\":1451,\"height\":842},{\"@type\":\"BreadcrumbList\",\"@id\":\"https:\\\/\\\/mylovelyrods.com\\\/index.php\\\/produit\\\/mouche-seche-klinkhammer-gris\\\/#breadcrumb\",\"itemListElement\":[{\"@type\":\"ListItem\",\"position\":1,\"name\":\"Accueil\",\"item\":\"https:\\\/\\\/mylovelyrods.com\\\/\"},{\"@type\":\"ListItem\",\"position\":2,\"name\":\"Produits\",\"item\":\"https:\\\/\\\/mylovelyrods.com\\\/index.php\\\/boutique\\\/\"},{\"@type\":\"ListItem\",\"position\":3,\"name\":\"Mouche S\u00e8che Klinkhammer gris\"}]},{\"@type\":\"WebSite\",\"@id\":\"https:\\\/\\\/mylovelyrods.com\\\/#website\",\"url\":\"https:\\\/\\\/mylovelyrods.com\\\/\",\"name\":\"Mylovelyrods\",\"description\":\"Facteur de canne, restaurations, customisations, rodbuilding, mouches, nymphes et petit mat\u00e9riel...\",\"publisher\":{\"@id\":\"https:\\\/\\\/mylovelyrods.com\\\/#organization\"},\"potentialAction\":[{\"@type\":\"SearchAction\",\"target\":{\"@type\":\"EntryPoint\",\"urlTemplate\":\"https:\\\/\\\/mylovelyrods.com\\\/?s={search_term_string}\"},\"query-input\":{\"@type\":\"PropertyValueSpecification\",\"valueRequired\":true,\"valueName\":\"search_term_string\"}}],\"inLanguage\":\"fr-FR\"},{\"@type\":\"Organization\",\"@id\":\"https:\\\/\\\/mylovelyrods.com\\\/#organization\",\"name\":\"Mylovelyrods\",\"url\":\"https:\\\/\\\/mylovelyrods.com\\\/\",\"logo\":{\"@type\":\"ImageObject\",\"inLanguage\":\"fr-FR\",\"@id\":\"https:\\\/\\\/mylovelyrods.com\\\/#\\\/schema\\\/logo\\\/image\\\/\",\"url\":\"https:\\\/\\\/mylovelyrods.com\\\/wp-content\\\/uploads\\\/2021\\\/01\\\/0001-scaled-e1611186770281.jpg\",\"contentUrl\":\"https:\\\/\\\/mylovelyrods.com\\\/wp-content\\\/uploads\\\/2021\\\/01\\\/0001-scaled-e1611186770281.jpg\",\"width\":2560,\"height\":716,\"caption\":\"Mylovelyrods\"},\"image\":{\"@id\":\"https:\\\/\\\/mylovelyrods.com\\\/#\\\/schema\\\/logo\\\/image\\\/\"},\"sameAs\":[\"https:\\\/\\\/m.facebook.com\\\/people\\\/Mylovelyrods\\\/100062956103344\\\/?locale=fr_FR\",\"https:\\\/\\\/www.instagram.com\\\/mylovelyrods\\\/?hl=fr\"]}]}<\/script>\n<!-- \/ Yoast SEO plugin. -->","yoast_head_json":{"title":"Mouche S\u00e8che Klinkhammer gris - Mouches - P\u00eache \u00e0 la mouche","description":"Mouche s\u00e8che klinkhammer gris, \u00e9mergente qui a une flottaison basse sur l'eau mont\u00e9e en parachute grise avec un pompon blanc bien visible.","robots":{"index":"index","follow":"follow","max-snippet":"max-snippet:-1","max-image-preview":"max-image-preview:large","max-video-preview":"max-video-preview:-1"},"canonical":"https:\/\/mylovelyrods.com\/index.php\/produit\/mouche-seche-klinkhammer-gris\/","og_locale":"fr_FR","og_type":"article","og_title":"Mouche S\u00e8che Klinkhammer gris - Mouches - P\u00eache \u00e0 la mouche","og_description":"Mouche s\u00e8che klinkhammer gris, \u00e9mergente qui a une flottaison basse sur l'eau mont\u00e9e en parachute grise avec un pompon blanc bien visible.","og_url":"https:\/\/mylovelyrods.com\/index.php\/produit\/mouche-seche-klinkhammer-gris\/","og_site_name":"Mylovelyrods","article_publisher":"https:\/\/m.facebook.com\/people\/Mylovelyrods\/100062956103344\/?locale=fr_FR","article_modified_time":"2026-03-25T20:45:47+00:00","og_image":[{"width":1451,"height":842,"url":"https:\/\/mylovelyrods.com\/wp-content\/uploads\/2021\/04\/20210427_152533-1.jpg","type":"image\/jpeg"}],"twitter_card":"summary_large_image","twitter_misc":{"Dur\u00e9e de lecture estim\u00e9e":"2 minutes"},"schema":{"@context":"https:\/\/schema.org","@graph":[{"@type":"WebPage","@id":"https:\/\/mylovelyrods.com\/index.php\/produit\/mouche-seche-klinkhammer-gris\/","url":"https:\/\/mylovelyrods.com\/index.php\/produit\/mouche-seche-klinkhammer-gris\/","name":"Mouche S\u00e8che Klinkhammer gris - Mouches - P\u00eache \u00e0 la mouche","isPartOf":{"@id":"https:\/\/mylovelyrods.com\/#website"},"primaryImageOfPage":{"@id":"https:\/\/mylovelyrods.com\/index.php\/produit\/mouche-seche-klinkhammer-gris\/#primaryimage"},"image":{"@id":"https:\/\/mylovelyrods.com\/index.php\/produit\/mouche-seche-klinkhammer-gris\/#primaryimage"},"thumbnailUrl":"https:\/\/i0.wp.com\/mylovelyrods.com\/wp-content\/uploads\/2021\/04\/20210427_152533-1.jpg?fit=1451%2C842&ssl=1","datePublished":"2021-04-27T22:52:57+00:00","dateModified":"2026-03-25T20:45:47+00:00","description":"Mouche s\u00e8che klinkhammer gris, \u00e9mergente qui a une flottaison basse sur l'eau mont\u00e9e en parachute grise avec un pompon blanc bien visible.","breadcrumb":{"@id":"https:\/\/mylovelyrods.com\/index.php\/produit\/mouche-seche-klinkhammer-gris\/#breadcrumb"},"inLanguage":"fr-FR","potentialAction":[{"@type":"ReadAction","target":["https:\/\/mylovelyrods.com\/index.php\/produit\/mouche-seche-klinkhammer-gris\/"]}]},{"@type":"ImageObject","inLanguage":"fr-FR","@id":"https:\/\/mylovelyrods.com\/index.php\/produit\/mouche-seche-klinkhammer-gris\/#primaryimage","url":"https:\/\/i0.wp.com\/mylovelyrods.com\/wp-content\/uploads\/2021\/04\/20210427_152533-1.jpg?fit=1451%2C842&ssl=1","contentUrl":"https:\/\/i0.wp.com\/mylovelyrods.com\/wp-content\/uploads\/2021\/04\/20210427_152533-1.jpg?fit=1451%2C842&ssl=1","width":1451,"height":842},{"@type":"BreadcrumbList","@id":"https:\/\/mylovelyrods.com\/index.php\/produit\/mouche-seche-klinkhammer-gris\/#breadcrumb","itemListElement":[{"@type":"ListItem","position":1,"name":"Accueil","item":"https:\/\/mylovelyrods.com\/"},{"@type":"ListItem","position":2,"name":"Produits","item":"https:\/\/mylovelyrods.com\/index.php\/boutique\/"},{"@type":"ListItem","position":3,"name":"Mouche S\u00e8che Klinkhammer gris"}]},{"@type":"WebSite","@id":"https:\/\/mylovelyrods.com\/#website","url":"https:\/\/mylovelyrods.com\/","name":"Mylovelyrods","description":"Facteur de canne, restaurations, customisations, rodbuilding, mouches, nymphes et petit mat\u00e9riel...","publisher":{"@id":"https:\/\/mylovelyrods.com\/#organization"},"potentialAction":[{"@type":"SearchAction","target":{"@type":"EntryPoint","urlTemplate":"https:\/\/mylovelyrods.com\/?s={search_term_string}"},"query-input":{"@type":"PropertyValueSpecification","valueRequired":true,"valueName":"search_term_string"}}],"inLanguage":"fr-FR"},{"@type":"Organization","@id":"https:\/\/mylovelyrods.com\/#organization","name":"Mylovelyrods","url":"https:\/\/mylovelyrods.com\/","logo":{"@type":"ImageObject","inLanguage":"fr-FR","@id":"https:\/\/mylovelyrods.com\/#\/schema\/logo\/image\/","url":"https:\/\/mylovelyrods.com\/wp-content\/uploads\/2021\/01\/0001-scaled-e1611186770281.jpg","contentUrl":"https:\/\/mylovelyrods.com\/wp-content\/uploads\/2021\/01\/0001-scaled-e1611186770281.jpg","width":2560,"height":716,"caption":"Mylovelyrods"},"image":{"@id":"https:\/\/mylovelyrods.com\/#\/schema\/logo\/image\/"},"sameAs":["https:\/\/m.facebook.com\/people\/Mylovelyrods\/100062956103344\/?locale=fr_FR","https:\/\/www.instagram.com\/mylovelyrods\/?hl=fr"]}]}},"jetpack_sharing_enabled":true,"_links":{"self":[{"href":"https:\/\/mylovelyrods.com\/index.php\/wp-json\/wp\/v2\/product\/830","targetHints":{"allow":["GET"]}}],"collection":[{"href":"https:\/\/mylovelyrods.com\/index.php\/wp-json\/wp\/v2\/product"}],"about":[{"href":"https:\/\/mylovelyrods.com\/index.php\/wp-json\/wp\/v2\/types\/product"}],"wp:featuredmedia":[{"embeddable":true,"href":"https:\/\/mylovelyrods.com\/index.php\/wp-json\/wp\/v2\/media\/833"}],"wp:attachment":[{"href":"https:\/\/mylovelyrods.com\/index.php\/wp-json\/wp\/v2\/media?parent=830"}],"wp:term":[{"taxonomy":"product_brand","embeddable":true,"href":"https:\/\/mylovelyrods.com\/index.php\/wp-json\/wp\/v2\/product_brand?post=830"},{"taxonomy":"product_cat","embeddable":true,"href":"https:\/\/mylovelyrods.com\/index.php\/wp-json\/wp\/v2\/product_cat?post=830"},{"taxonomy":"product_tag","embeddable":true,"href":"https:\/\/mylovelyrods.com\/index.php\/wp-json\/wp\/v2\/product_tag?post=830"}],"curies":[{"name":"wp","href":"https:\/\/api.w.org\/{rel}","templated":true}]}}