{"id":851,"date":"2021-04-28T12:57:45","date_gmt":"2021-04-28T10:57:45","guid":{"rendered":"https:\/\/mylovelyrods.com\/?post_type=product&#038;p=851"},"modified":"2024-08-22T21:38:10","modified_gmt":"2024-08-22T19:38:10","slug":"nymphe-petit-jig-taguee-noir-grise","status":"publish","type":"product","link":"https:\/\/mylovelyrods.com\/index.php\/produit\/nymphe-petit-jig-taguee-noir-grise\/","title":{"rendered":"Nymphe jig tagu\u00e9e noire gris\u00e9 petite"},"content":{"rendered":"<p>Une Nymphe jig tagu\u00e9e noire gris\u00e9e petite mont\u00e9e sur un hame\u00e7on en JIG de taille 18.<\/p>\n<p>Elle est mont\u00e9e en jig pour qu&rsquo;elle d\u00e9rive pointe de l&rsquo;hame\u00e7on vers le haut, ainsi les accrochages sont limit\u00e9s.<\/p>\n<p>Vous pourrez l&rsquo;utiliser autant en potence en \u00ab\u00a0s\u00e8che nymphe\u00a0\u00bb sur des petits cours d&rsquo;eau avec un de mes <a href=\"https:\/\/mylovelyrods.com\/index.php\/produit\/mouche-seche-tabanas-rouille\/\">tabanas<\/a>, ou alors \u00e9galement \u00e0 2 nymphes avec une nymphe plus lourde pour le reste de la saison comme celle <a href=\"https:\/\/mylovelyrods.com\/index.php\/produit\/nymphe-jig-pink-lady\/\">CI<\/a> (c&rsquo;est ma pr\u00e9f\u00e9r\u00e9e \ud83d\ude09 ).<\/p>\n<p>Il est possible de p\u00eacher avec cette seule nymphe aussi, en plein \u00e9t\u00e9 lors de l&rsquo;\u00e9tiage sur les petites rivi\u00e8res ou les d\u00e9bits sont plus faibles, lorsque les truites ne se nourrissent que de toute petites larves.<\/p>\n<p>Disponible en hame\u00e7on de taille 18, pour une bille noire de taille de 2,5 mm et corps noire \/ grise. Il est muni d&rsquo;un tag collier de couleur rouge fluo. Attention tous ces petits jigs sont tr\u00e8s redoutables, sur les truites, comme sur les ombres!<\/p>\n<p>Vous pouvez l&rsquo;utiliser \u00e9galement pour la p\u00eache au toc.<\/p>\n<p>Nymphe petit jig tagu\u00e9e noir marron dont les couleurs peuvent l\u00e9g\u00e8rement diff\u00e9rer des couleurs de la photo et vid\u00e9o.<\/p>\n<p>Si vous souhaitez des montages de mouches et de nymphes personnalis\u00e9es, n&rsquo;h\u00e9sitez pas \u00e0 me contacter <a href=\"https:\/\/mylovelyrods.com\/index.php\/demande-devis-contact-canne-a-peche-artisanale\/\">ICI<\/a>.<\/p>\n<p>Si vous souhaitez me suivre sur les r\u00e9seaux sociaux c&rsquo;est par <a href=\"https:\/\/www.facebook.com\/pages\/category\/Sports\/Mylovelyrods-101775187859974\/\">ici<\/a> et par <a href=\"https:\/\/www.instagram.com\/mylovelyrods\/?hl=fr\">l\u00e0<\/a> \ud83d\ude42<\/p>\n<p>Nymphe Petit jig tagu\u00e9e noir gris\u00e9 dont les couleurs peuvent l\u00e9g\u00e8rement diff\u00e9rer des couleurs de la photo et vid\u00e9o.<\/p>\n","protected":false},"excerpt":{"rendered":"<p>Un petit jig mont\u00e9 sur hame\u00e7on de 18 que vous pourrez utiliser autant en potence en \u00ab\u00a0s\u00e8che nymphe\u00a0\u00bb sur des petits cours d&rsquo;eau cet \u00e9t\u00e9 lorsque les niveaux d&rsquo;eau seront bas avec par exemple un de mes tabanas, ou alors \u00e0 2 nymphes avec une nymphe plus lourde pour le reste de la saison. Disponible en hame\u00e7on de 18 pour une taille de bille noire de 2,5 mm et corps gris. Attention tous ces petits jig sont redoutables!<\/p>\n<p>&nbsp;<\/p>\n","protected":false},"featured_media":853,"template":"","meta":{"jetpack_post_was_ever_published":false,"_glsr_average":0,"_glsr_ranking":0,"_glsr_reviews":0},"product_brand":[],"product_cat":[21,41],"product_tag":[],"class_list":{"0":"post-851","1":"product","2":"type-product","3":"status-publish","4":"has-post-thumbnail","6":"product_cat-mouches-nymphes","7":"product_cat-nymphes","9":"first","10":"outofstock","11":"shipping-taxable","12":"purchasable","13":"product-type-variable"},"yoast_head":"<!-- This site is optimized with the Yoast SEO plugin v27.4 - https:\/\/yoast.com\/product\/yoast-seo-wordpress\/ -->\n<title>Nymphe jig tagu\u00e9e noire gris\u00e9 petite - Mouches - P\u00eache \u00e0 la mouche<\/title>\n<meta name=\"description\" content=\"Petite nymphe mont\u00e9e en jig, tagu\u00e9e avec un cerclage rouge, de couleur noire gris\u00e9e, habill\u00e9e avec une bille noire. A utiliser en tandem.\" \/>\n<meta name=\"robots\" content=\"index, follow, max-snippet:-1, max-image-preview:large, max-video-preview:-1\" \/>\n<link rel=\"canonical\" href=\"https:\/\/mylovelyrods.com\/index.php\/produit\/nymphe-petit-jig-taguee-noir-grise\/\" \/>\n<meta property=\"og:locale\" content=\"fr_FR\" \/>\n<meta property=\"og:type\" content=\"article\" \/>\n<meta property=\"og:title\" content=\"Nymphe jig tagu\u00e9e noire gris\u00e9 petite - Mouches - P\u00eache \u00e0 la mouche\" \/>\n<meta property=\"og:description\" content=\"Petite nymphe mont\u00e9e en jig, tagu\u00e9e avec un cerclage rouge, de couleur noire gris\u00e9e, habill\u00e9e avec une bille noire. A utiliser en tandem.\" \/>\n<meta property=\"og:url\" content=\"https:\/\/mylovelyrods.com\/index.php\/produit\/nymphe-petit-jig-taguee-noir-grise\/\" \/>\n<meta property=\"og:site_name\" content=\"Mylovelyrods\" \/>\n<meta property=\"article:publisher\" content=\"https:\/\/m.facebook.com\/people\/Mylovelyrods\/100062956103344\/?locale=fr_FR\" \/>\n<meta property=\"article:modified_time\" content=\"2024-08-22T19:38:10+00:00\" \/>\n<meta property=\"og:image\" content=\"https:\/\/mylovelyrods.com\/wp-content\/uploads\/2021\/04\/20210409_163556.jpg\" \/>\n\t<meta property=\"og:image:width\" content=\"1166\" \/>\n\t<meta property=\"og:image:height\" content=\"875\" \/>\n\t<meta property=\"og:image:type\" content=\"image\/jpeg\" \/>\n<meta name=\"twitter:card\" content=\"summary_large_image\" \/>\n<meta name=\"twitter:label1\" content=\"Dur\u00e9e de lecture estim\u00e9e\" \/>\n\t<meta name=\"twitter:data1\" content=\"2 minutes\" \/>\n<script type=\"application\/ld+json\" class=\"yoast-schema-graph\">{\"@context\":\"https:\\\/\\\/schema.org\",\"@graph\":[{\"@type\":\"WebPage\",\"@id\":\"https:\\\/\\\/mylovelyrods.com\\\/index.php\\\/produit\\\/nymphe-petit-jig-taguee-noir-grise\\\/\",\"url\":\"https:\\\/\\\/mylovelyrods.com\\\/index.php\\\/produit\\\/nymphe-petit-jig-taguee-noir-grise\\\/\",\"name\":\"Nymphe jig tagu\u00e9e noire gris\u00e9 petite - Mouches - P\u00eache \u00e0 la mouche\",\"isPartOf\":{\"@id\":\"https:\\\/\\\/mylovelyrods.com\\\/#website\"},\"primaryImageOfPage\":{\"@id\":\"https:\\\/\\\/mylovelyrods.com\\\/index.php\\\/produit\\\/nymphe-petit-jig-taguee-noir-grise\\\/#primaryimage\"},\"image\":{\"@id\":\"https:\\\/\\\/mylovelyrods.com\\\/index.php\\\/produit\\\/nymphe-petit-jig-taguee-noir-grise\\\/#primaryimage\"},\"thumbnailUrl\":\"https:\\\/\\\/i0.wp.com\\\/mylovelyrods.com\\\/wp-content\\\/uploads\\\/2021\\\/04\\\/20210409_163556.jpg?fit=1166%2C875&ssl=1\",\"datePublished\":\"2021-04-28T10:57:45+00:00\",\"dateModified\":\"2024-08-22T19:38:10+00:00\",\"description\":\"Petite nymphe mont\u00e9e en jig, tagu\u00e9e avec un cerclage rouge, de couleur noire gris\u00e9e, habill\u00e9e avec une bille noire. A utiliser en tandem.\",\"breadcrumb\":{\"@id\":\"https:\\\/\\\/mylovelyrods.com\\\/index.php\\\/produit\\\/nymphe-petit-jig-taguee-noir-grise\\\/#breadcrumb\"},\"inLanguage\":\"fr-FR\",\"potentialAction\":[{\"@type\":\"ReadAction\",\"target\":[\"https:\\\/\\\/mylovelyrods.com\\\/index.php\\\/produit\\\/nymphe-petit-jig-taguee-noir-grise\\\/\"]}]},{\"@type\":\"ImageObject\",\"inLanguage\":\"fr-FR\",\"@id\":\"https:\\\/\\\/mylovelyrods.com\\\/index.php\\\/produit\\\/nymphe-petit-jig-taguee-noir-grise\\\/#primaryimage\",\"url\":\"https:\\\/\\\/i0.wp.com\\\/mylovelyrods.com\\\/wp-content\\\/uploads\\\/2021\\\/04\\\/20210409_163556.jpg?fit=1166%2C875&ssl=1\",\"contentUrl\":\"https:\\\/\\\/i0.wp.com\\\/mylovelyrods.com\\\/wp-content\\\/uploads\\\/2021\\\/04\\\/20210409_163556.jpg?fit=1166%2C875&ssl=1\",\"width\":1166,\"height\":875},{\"@type\":\"BreadcrumbList\",\"@id\":\"https:\\\/\\\/mylovelyrods.com\\\/index.php\\\/produit\\\/nymphe-petit-jig-taguee-noir-grise\\\/#breadcrumb\",\"itemListElement\":[{\"@type\":\"ListItem\",\"position\":1,\"name\":\"Accueil\",\"item\":\"https:\\\/\\\/mylovelyrods.com\\\/\"},{\"@type\":\"ListItem\",\"position\":2,\"name\":\"Produits\",\"item\":\"https:\\\/\\\/mylovelyrods.com\\\/index.php\\\/boutique\\\/\"},{\"@type\":\"ListItem\",\"position\":3,\"name\":\"Nymphe jig tagu\u00e9e noire gris\u00e9 petite\"}]},{\"@type\":\"WebSite\",\"@id\":\"https:\\\/\\\/mylovelyrods.com\\\/#website\",\"url\":\"https:\\\/\\\/mylovelyrods.com\\\/\",\"name\":\"Mylovelyrods\",\"description\":\"Facteur de canne, restaurations, customisations, rodbuilding, mouches, nymphes et petit mat\u00e9riel...\",\"publisher\":{\"@id\":\"https:\\\/\\\/mylovelyrods.com\\\/#organization\"},\"potentialAction\":[{\"@type\":\"SearchAction\",\"target\":{\"@type\":\"EntryPoint\",\"urlTemplate\":\"https:\\\/\\\/mylovelyrods.com\\\/?s={search_term_string}\"},\"query-input\":{\"@type\":\"PropertyValueSpecification\",\"valueRequired\":true,\"valueName\":\"search_term_string\"}}],\"inLanguage\":\"fr-FR\"},{\"@type\":\"Organization\",\"@id\":\"https:\\\/\\\/mylovelyrods.com\\\/#organization\",\"name\":\"Mylovelyrods\",\"url\":\"https:\\\/\\\/mylovelyrods.com\\\/\",\"logo\":{\"@type\":\"ImageObject\",\"inLanguage\":\"fr-FR\",\"@id\":\"https:\\\/\\\/mylovelyrods.com\\\/#\\\/schema\\\/logo\\\/image\\\/\",\"url\":\"https:\\\/\\\/mylovelyrods.com\\\/wp-content\\\/uploads\\\/2021\\\/01\\\/0001-scaled-e1611186770281.jpg\",\"contentUrl\":\"https:\\\/\\\/mylovelyrods.com\\\/wp-content\\\/uploads\\\/2021\\\/01\\\/0001-scaled-e1611186770281.jpg\",\"width\":2560,\"height\":716,\"caption\":\"Mylovelyrods\"},\"image\":{\"@id\":\"https:\\\/\\\/mylovelyrods.com\\\/#\\\/schema\\\/logo\\\/image\\\/\"},\"sameAs\":[\"https:\\\/\\\/m.facebook.com\\\/people\\\/Mylovelyrods\\\/100062956103344\\\/?locale=fr_FR\",\"https:\\\/\\\/www.instagram.com\\\/mylovelyrods\\\/?hl=fr\"]}]}<\/script>\n<!-- \/ Yoast SEO plugin. -->","yoast_head_json":{"title":"Nymphe jig tagu\u00e9e noire gris\u00e9 petite - Mouches - P\u00eache \u00e0 la mouche","description":"Petite nymphe mont\u00e9e en jig, tagu\u00e9e avec un cerclage rouge, de couleur noire gris\u00e9e, habill\u00e9e avec une bille noire. A utiliser en tandem.","robots":{"index":"index","follow":"follow","max-snippet":"max-snippet:-1","max-image-preview":"max-image-preview:large","max-video-preview":"max-video-preview:-1"},"canonical":"https:\/\/mylovelyrods.com\/index.php\/produit\/nymphe-petit-jig-taguee-noir-grise\/","og_locale":"fr_FR","og_type":"article","og_title":"Nymphe jig tagu\u00e9e noire gris\u00e9 petite - Mouches - P\u00eache \u00e0 la mouche","og_description":"Petite nymphe mont\u00e9e en jig, tagu\u00e9e avec un cerclage rouge, de couleur noire gris\u00e9e, habill\u00e9e avec une bille noire. A utiliser en tandem.","og_url":"https:\/\/mylovelyrods.com\/index.php\/produit\/nymphe-petit-jig-taguee-noir-grise\/","og_site_name":"Mylovelyrods","article_publisher":"https:\/\/m.facebook.com\/people\/Mylovelyrods\/100062956103344\/?locale=fr_FR","article_modified_time":"2024-08-22T19:38:10+00:00","og_image":[{"width":1166,"height":875,"url":"https:\/\/mylovelyrods.com\/wp-content\/uploads\/2021\/04\/20210409_163556.jpg","type":"image\/jpeg"}],"twitter_card":"summary_large_image","twitter_misc":{"Dur\u00e9e de lecture estim\u00e9e":"2 minutes"},"schema":{"@context":"https:\/\/schema.org","@graph":[{"@type":"WebPage","@id":"https:\/\/mylovelyrods.com\/index.php\/produit\/nymphe-petit-jig-taguee-noir-grise\/","url":"https:\/\/mylovelyrods.com\/index.php\/produit\/nymphe-petit-jig-taguee-noir-grise\/","name":"Nymphe jig tagu\u00e9e noire gris\u00e9 petite - Mouches - P\u00eache \u00e0 la mouche","isPartOf":{"@id":"https:\/\/mylovelyrods.com\/#website"},"primaryImageOfPage":{"@id":"https:\/\/mylovelyrods.com\/index.php\/produit\/nymphe-petit-jig-taguee-noir-grise\/#primaryimage"},"image":{"@id":"https:\/\/mylovelyrods.com\/index.php\/produit\/nymphe-petit-jig-taguee-noir-grise\/#primaryimage"},"thumbnailUrl":"https:\/\/i0.wp.com\/mylovelyrods.com\/wp-content\/uploads\/2021\/04\/20210409_163556.jpg?fit=1166%2C875&ssl=1","datePublished":"2021-04-28T10:57:45+00:00","dateModified":"2024-08-22T19:38:10+00:00","description":"Petite nymphe mont\u00e9e en jig, tagu\u00e9e avec un cerclage rouge, de couleur noire gris\u00e9e, habill\u00e9e avec une bille noire. A utiliser en tandem.","breadcrumb":{"@id":"https:\/\/mylovelyrods.com\/index.php\/produit\/nymphe-petit-jig-taguee-noir-grise\/#breadcrumb"},"inLanguage":"fr-FR","potentialAction":[{"@type":"ReadAction","target":["https:\/\/mylovelyrods.com\/index.php\/produit\/nymphe-petit-jig-taguee-noir-grise\/"]}]},{"@type":"ImageObject","inLanguage":"fr-FR","@id":"https:\/\/mylovelyrods.com\/index.php\/produit\/nymphe-petit-jig-taguee-noir-grise\/#primaryimage","url":"https:\/\/i0.wp.com\/mylovelyrods.com\/wp-content\/uploads\/2021\/04\/20210409_163556.jpg?fit=1166%2C875&ssl=1","contentUrl":"https:\/\/i0.wp.com\/mylovelyrods.com\/wp-content\/uploads\/2021\/04\/20210409_163556.jpg?fit=1166%2C875&ssl=1","width":1166,"height":875},{"@type":"BreadcrumbList","@id":"https:\/\/mylovelyrods.com\/index.php\/produit\/nymphe-petit-jig-taguee-noir-grise\/#breadcrumb","itemListElement":[{"@type":"ListItem","position":1,"name":"Accueil","item":"https:\/\/mylovelyrods.com\/"},{"@type":"ListItem","position":2,"name":"Produits","item":"https:\/\/mylovelyrods.com\/index.php\/boutique\/"},{"@type":"ListItem","position":3,"name":"Nymphe jig tagu\u00e9e noire gris\u00e9 petite"}]},{"@type":"WebSite","@id":"https:\/\/mylovelyrods.com\/#website","url":"https:\/\/mylovelyrods.com\/","name":"Mylovelyrods","description":"Facteur de canne, restaurations, customisations, rodbuilding, mouches, nymphes et petit mat\u00e9riel...","publisher":{"@id":"https:\/\/mylovelyrods.com\/#organization"},"potentialAction":[{"@type":"SearchAction","target":{"@type":"EntryPoint","urlTemplate":"https:\/\/mylovelyrods.com\/?s={search_term_string}"},"query-input":{"@type":"PropertyValueSpecification","valueRequired":true,"valueName":"search_term_string"}}],"inLanguage":"fr-FR"},{"@type":"Organization","@id":"https:\/\/mylovelyrods.com\/#organization","name":"Mylovelyrods","url":"https:\/\/mylovelyrods.com\/","logo":{"@type":"ImageObject","inLanguage":"fr-FR","@id":"https:\/\/mylovelyrods.com\/#\/schema\/logo\/image\/","url":"https:\/\/mylovelyrods.com\/wp-content\/uploads\/2021\/01\/0001-scaled-e1611186770281.jpg","contentUrl":"https:\/\/mylovelyrods.com\/wp-content\/uploads\/2021\/01\/0001-scaled-e1611186770281.jpg","width":2560,"height":716,"caption":"Mylovelyrods"},"image":{"@id":"https:\/\/mylovelyrods.com\/#\/schema\/logo\/image\/"},"sameAs":["https:\/\/m.facebook.com\/people\/Mylovelyrods\/100062956103344\/?locale=fr_FR","https:\/\/www.instagram.com\/mylovelyrods\/?hl=fr"]}]}},"jetpack_sharing_enabled":true,"_links":{"self":[{"href":"https:\/\/mylovelyrods.com\/index.php\/wp-json\/wp\/v2\/product\/851","targetHints":{"allow":["GET"]}}],"collection":[{"href":"https:\/\/mylovelyrods.com\/index.php\/wp-json\/wp\/v2\/product"}],"about":[{"href":"https:\/\/mylovelyrods.com\/index.php\/wp-json\/wp\/v2\/types\/product"}],"wp:featuredmedia":[{"embeddable":true,"href":"https:\/\/mylovelyrods.com\/index.php\/wp-json\/wp\/v2\/media\/853"}],"wp:attachment":[{"href":"https:\/\/mylovelyrods.com\/index.php\/wp-json\/wp\/v2\/media?parent=851"}],"wp:term":[{"taxonomy":"product_brand","embeddable":true,"href":"https:\/\/mylovelyrods.com\/index.php\/wp-json\/wp\/v2\/product_brand?post=851"},{"taxonomy":"product_cat","embeddable":true,"href":"https:\/\/mylovelyrods.com\/index.php\/wp-json\/wp\/v2\/product_cat?post=851"},{"taxonomy":"product_tag","embeddable":true,"href":"https:\/\/mylovelyrods.com\/index.php\/wp-json\/wp\/v2\/product_tag?post=851"}],"curies":[{"name":"wp","href":"https:\/\/api.w.org\/{rel}","templated":true}]}}