{"id":867,"date":"2021-04-28T13:41:21","date_gmt":"2021-04-28T11:41:21","guid":{"rendered":"https:\/\/mylovelyrods.com\/?post_type=product&#038;p=867"},"modified":"2023-09-30T10:35:05","modified_gmt":"2023-09-30T08:35:05","slug":"mini-nymphe-olive","status":"publish","type":"product","link":"https:\/\/mylovelyrods.com\/index.php\/produit\/mini-nymphe-olive\/","title":{"rendered":"Nymphe micro olive stri\u00e9e"},"content":{"rendered":"<p>Cette Nymphe Micro olive stri\u00e9e est une toute petite nymphe de couleur olive, bille en or, \u00e0 utiliser en potence lorsqu&rsquo;on p\u00eache avec 2 nymphes, ou en pointe en p\u00eachant avec une s\u00e8che en potence et une nymphe en bout.<\/p>\n<p>Elle est \u00e9galement utilisable pour le p\u00eache au toc, pour p\u00eacher \u00e0 2 nymphes.<\/p>\n<p>C&rsquo;est une micro nymphe tr\u00e8s l\u00e9g\u00e8re utilisable avec des mouches qui ne sont pas forc\u00e9ment tr\u00e8s charg\u00e9es, et ultra flottantes. Cette Nymphe Micro olive stri\u00e9e est mont\u00e9e sur un hame\u00e7on de 16 ou 18 et bille or 2,0 mm.<\/p>\n<p>Elle d\u00e9cidera les poissons les plus vigilants. Vous pourrez prendre du poisson toute au long de l&rsquo;ann\u00e9e avec cette nymphe. M\u00eame en plein \u00e9t\u00e9 lorsque les poissons ne se nourrissent que de micro larves et qu&rsquo;ils sont difficiles \u00e0 prendre. Cette nymphe peut faire la diff\u00e9rence!<\/p>\n<p>Les ombres l&rsquo;appr\u00e9cient particuli\u00e8rement.<\/p>\n<p>Je ne compte plus le nombre de poissons que j&rsquo;ai piqu\u00e9 avec cette petite, elle m&rsquo;a \u00e9vit\u00e9 plusieurs capots!<\/p>\n<p>Si vous souhaitez des montages de mouches et de nymphes personnalis\u00e9es, n&rsquo;h\u00e9sitez pas \u00e0 me contacter <a href=\"https:\/\/mylovelyrods.com\/index.php\/demande-devis-contact-canne-a-peche-artisanale\/\">ICI<\/a>.<\/p>\n<p>Si vous ne savez pas ou la ranger, allez faire un petit tour <a href=\"https:\/\/mylovelyrods.com\/index.php\/categorie-produit\/non-classe\/boites-a-mouche\/\">ici<\/a> ;).<\/p>\n<p>Pour me suivre sur les r\u00e9seaux sociaux c&rsquo;est par <a href=\"https:\/\/www.facebook.com\/pages\/category\/Sports\/Mylovelyrods-101775187859974\/\">ici<\/a> et par <a href=\"https:\/\/www.instagram.com\/mylovelyrods\/?hl=fr\">l\u00e0<\/a>.<\/p>\n<p>Les couleurs peuvent l\u00e9g\u00e8rement diff\u00e9rer des couleurs de la photo et de la vid\u00e9o.<\/p>\n<p>Mini nymphe olive stri\u00e9e dont les couleurs peuvent l\u00e9g\u00e8rement diff\u00e9rer des couleurs de la photo et vid\u00e9o.<\/p>\n","protected":false},"excerpt":{"rendered":"<p>Mini nymphe \u00e0 utiliser en potence pour p\u00eacher \u00e0 deux nymphes, ou en nymphe de pointe pour p\u00eacher en s\u00e8che nymphe, beaucoup de poissons se feront prendre sur cette micro nymphe en toutes saisons. Disponibles en hame\u00e7on de 16 et 18 et bille or en 2,0 mm.<\/p>\n[video width=\"2160\" height=\"1212\" mp4=\"https:\/\/mylovelyrods.com\/wp-content\/uploads\/2021\/04\/20210409_164940_1_1.mp4\" autoplay=\"true\"][\/video]\n<p>&nbsp;<\/p>\n","protected":false},"featured_media":861,"template":"","meta":{"jetpack_post_was_ever_published":false,"_glsr_average":0,"_glsr_ranking":0,"_glsr_reviews":0},"product_brand":[],"product_cat":[21,41],"product_tag":[],"class_list":{"0":"post-867","1":"product","2":"type-product","3":"status-publish","4":"has-post-thumbnail","6":"product_cat-mouches-nymphes","7":"product_cat-nymphes","9":"first","10":"instock","11":"shipping-taxable","12":"purchasable","13":"product-type-variable"},"yoast_head":"<!-- This site is optimized with the Yoast SEO plugin v27.4 - https:\/\/yoast.com\/product\/yoast-seo-wordpress\/ -->\n<title>Nymphe micro olive stri\u00e9e - Mouches - P\u00eache \u00e0 la mouche - P\u00eache au toc<\/title>\n<meta name=\"description\" content=\"Nymphe micro olive stri\u00e9e habill\u00e9e d&#039;une bille de couleur or et un corps cercl\u00e9 en quill, tr\u00e8s l\u00e9g\u00e8re elle s&#039;utilise en tandem.\" \/>\n<meta name=\"robots\" content=\"index, follow, max-snippet:-1, max-image-preview:large, max-video-preview:-1\" \/>\n<link rel=\"canonical\" href=\"https:\/\/mylovelyrods.com\/index.php\/produit\/mini-nymphe-olive\/\" \/>\n<meta property=\"og:locale\" content=\"fr_FR\" \/>\n<meta property=\"og:type\" content=\"article\" \/>\n<meta property=\"og:title\" content=\"Nymphe micro olive stri\u00e9e - Mouches - P\u00eache \u00e0 la mouche - P\u00eache au toc\" \/>\n<meta property=\"og:description\" content=\"Nymphe micro olive stri\u00e9e habill\u00e9e d&#039;une bille de couleur or et un corps cercl\u00e9 en quill, tr\u00e8s l\u00e9g\u00e8re elle s&#039;utilise en tandem.\" \/>\n<meta property=\"og:url\" content=\"https:\/\/mylovelyrods.com\/index.php\/produit\/mini-nymphe-olive\/\" \/>\n<meta property=\"og:site_name\" content=\"Mylovelyrods\" \/>\n<meta property=\"article:publisher\" content=\"https:\/\/m.facebook.com\/people\/Mylovelyrods\/100062956103344\/?locale=fr_FR\" \/>\n<meta property=\"article:modified_time\" content=\"2023-09-30T08:35:05+00:00\" \/>\n<meta property=\"og:image\" content=\"https:\/\/mylovelyrods.com\/wp-content\/uploads\/2021\/04\/20210409_164809.jpg\" \/>\n\t<meta property=\"og:image:width\" content=\"1132\" \/>\n\t<meta property=\"og:image:height\" content=\"850\" \/>\n\t<meta property=\"og:image:type\" content=\"image\/jpeg\" \/>\n<meta name=\"twitter:card\" content=\"summary_large_image\" \/>\n<meta name=\"twitter:label1\" content=\"Dur\u00e9e de lecture estim\u00e9e\" \/>\n\t<meta name=\"twitter:data1\" content=\"2 minutes\" \/>\n<script type=\"application\/ld+json\" class=\"yoast-schema-graph\">{\"@context\":\"https:\\\/\\\/schema.org\",\"@graph\":[{\"@type\":\"WebPage\",\"@id\":\"https:\\\/\\\/mylovelyrods.com\\\/index.php\\\/produit\\\/mini-nymphe-olive\\\/\",\"url\":\"https:\\\/\\\/mylovelyrods.com\\\/index.php\\\/produit\\\/mini-nymphe-olive\\\/\",\"name\":\"Nymphe micro olive stri\u00e9e - Mouches - P\u00eache \u00e0 la mouche - P\u00eache au toc\",\"isPartOf\":{\"@id\":\"https:\\\/\\\/mylovelyrods.com\\\/#website\"},\"primaryImageOfPage\":{\"@id\":\"https:\\\/\\\/mylovelyrods.com\\\/index.php\\\/produit\\\/mini-nymphe-olive\\\/#primaryimage\"},\"image\":{\"@id\":\"https:\\\/\\\/mylovelyrods.com\\\/index.php\\\/produit\\\/mini-nymphe-olive\\\/#primaryimage\"},\"thumbnailUrl\":\"https:\\\/\\\/i0.wp.com\\\/mylovelyrods.com\\\/wp-content\\\/uploads\\\/2021\\\/04\\\/20210409_164809.jpg?fit=1132%2C850&ssl=1\",\"datePublished\":\"2021-04-28T11:41:21+00:00\",\"dateModified\":\"2023-09-30T08:35:05+00:00\",\"description\":\"Nymphe micro olive stri\u00e9e habill\u00e9e d'une bille de couleur or et un corps cercl\u00e9 en quill, tr\u00e8s l\u00e9g\u00e8re elle s'utilise en tandem.\",\"breadcrumb\":{\"@id\":\"https:\\\/\\\/mylovelyrods.com\\\/index.php\\\/produit\\\/mini-nymphe-olive\\\/#breadcrumb\"},\"inLanguage\":\"fr-FR\",\"potentialAction\":[{\"@type\":\"ReadAction\",\"target\":[\"https:\\\/\\\/mylovelyrods.com\\\/index.php\\\/produit\\\/mini-nymphe-olive\\\/\"]}]},{\"@type\":\"ImageObject\",\"inLanguage\":\"fr-FR\",\"@id\":\"https:\\\/\\\/mylovelyrods.com\\\/index.php\\\/produit\\\/mini-nymphe-olive\\\/#primaryimage\",\"url\":\"https:\\\/\\\/i0.wp.com\\\/mylovelyrods.com\\\/wp-content\\\/uploads\\\/2021\\\/04\\\/20210409_164809.jpg?fit=1132%2C850&ssl=1\",\"contentUrl\":\"https:\\\/\\\/i0.wp.com\\\/mylovelyrods.com\\\/wp-content\\\/uploads\\\/2021\\\/04\\\/20210409_164809.jpg?fit=1132%2C850&ssl=1\",\"width\":1132,\"height\":850},{\"@type\":\"BreadcrumbList\",\"@id\":\"https:\\\/\\\/mylovelyrods.com\\\/index.php\\\/produit\\\/mini-nymphe-olive\\\/#breadcrumb\",\"itemListElement\":[{\"@type\":\"ListItem\",\"position\":1,\"name\":\"Accueil\",\"item\":\"https:\\\/\\\/mylovelyrods.com\\\/\"},{\"@type\":\"ListItem\",\"position\":2,\"name\":\"Produits\",\"item\":\"https:\\\/\\\/mylovelyrods.com\\\/index.php\\\/boutique\\\/\"},{\"@type\":\"ListItem\",\"position\":3,\"name\":\"Nymphe micro olive stri\u00e9e\"}]},{\"@type\":\"WebSite\",\"@id\":\"https:\\\/\\\/mylovelyrods.com\\\/#website\",\"url\":\"https:\\\/\\\/mylovelyrods.com\\\/\",\"name\":\"Mylovelyrods\",\"description\":\"Facteur de canne, restaurations, customisations, rodbuilding, mouches, nymphes et petit mat\u00e9riel...\",\"publisher\":{\"@id\":\"https:\\\/\\\/mylovelyrods.com\\\/#organization\"},\"potentialAction\":[{\"@type\":\"SearchAction\",\"target\":{\"@type\":\"EntryPoint\",\"urlTemplate\":\"https:\\\/\\\/mylovelyrods.com\\\/?s={search_term_string}\"},\"query-input\":{\"@type\":\"PropertyValueSpecification\",\"valueRequired\":true,\"valueName\":\"search_term_string\"}}],\"inLanguage\":\"fr-FR\"},{\"@type\":\"Organization\",\"@id\":\"https:\\\/\\\/mylovelyrods.com\\\/#organization\",\"name\":\"Mylovelyrods\",\"url\":\"https:\\\/\\\/mylovelyrods.com\\\/\",\"logo\":{\"@type\":\"ImageObject\",\"inLanguage\":\"fr-FR\",\"@id\":\"https:\\\/\\\/mylovelyrods.com\\\/#\\\/schema\\\/logo\\\/image\\\/\",\"url\":\"https:\\\/\\\/mylovelyrods.com\\\/wp-content\\\/uploads\\\/2021\\\/01\\\/0001-scaled-e1611186770281.jpg\",\"contentUrl\":\"https:\\\/\\\/mylovelyrods.com\\\/wp-content\\\/uploads\\\/2021\\\/01\\\/0001-scaled-e1611186770281.jpg\",\"width\":2560,\"height\":716,\"caption\":\"Mylovelyrods\"},\"image\":{\"@id\":\"https:\\\/\\\/mylovelyrods.com\\\/#\\\/schema\\\/logo\\\/image\\\/\"},\"sameAs\":[\"https:\\\/\\\/m.facebook.com\\\/people\\\/Mylovelyrods\\\/100062956103344\\\/?locale=fr_FR\",\"https:\\\/\\\/www.instagram.com\\\/mylovelyrods\\\/?hl=fr\"]}]}<\/script>\n<!-- \/ Yoast SEO plugin. -->","yoast_head_json":{"title":"Nymphe micro olive stri\u00e9e - Mouches - P\u00eache \u00e0 la mouche - P\u00eache au toc","description":"Nymphe micro olive stri\u00e9e habill\u00e9e d'une bille de couleur or et un corps cercl\u00e9 en quill, tr\u00e8s l\u00e9g\u00e8re elle s'utilise en tandem.","robots":{"index":"index","follow":"follow","max-snippet":"max-snippet:-1","max-image-preview":"max-image-preview:large","max-video-preview":"max-video-preview:-1"},"canonical":"https:\/\/mylovelyrods.com\/index.php\/produit\/mini-nymphe-olive\/","og_locale":"fr_FR","og_type":"article","og_title":"Nymphe micro olive stri\u00e9e - Mouches - P\u00eache \u00e0 la mouche - P\u00eache au toc","og_description":"Nymphe micro olive stri\u00e9e habill\u00e9e d'une bille de couleur or et un corps cercl\u00e9 en quill, tr\u00e8s l\u00e9g\u00e8re elle s'utilise en tandem.","og_url":"https:\/\/mylovelyrods.com\/index.php\/produit\/mini-nymphe-olive\/","og_site_name":"Mylovelyrods","article_publisher":"https:\/\/m.facebook.com\/people\/Mylovelyrods\/100062956103344\/?locale=fr_FR","article_modified_time":"2023-09-30T08:35:05+00:00","og_image":[{"width":1132,"height":850,"url":"https:\/\/mylovelyrods.com\/wp-content\/uploads\/2021\/04\/20210409_164809.jpg","type":"image\/jpeg"}],"twitter_card":"summary_large_image","twitter_misc":{"Dur\u00e9e de lecture estim\u00e9e":"2 minutes"},"schema":{"@context":"https:\/\/schema.org","@graph":[{"@type":"WebPage","@id":"https:\/\/mylovelyrods.com\/index.php\/produit\/mini-nymphe-olive\/","url":"https:\/\/mylovelyrods.com\/index.php\/produit\/mini-nymphe-olive\/","name":"Nymphe micro olive stri\u00e9e - Mouches - P\u00eache \u00e0 la mouche - P\u00eache au toc","isPartOf":{"@id":"https:\/\/mylovelyrods.com\/#website"},"primaryImageOfPage":{"@id":"https:\/\/mylovelyrods.com\/index.php\/produit\/mini-nymphe-olive\/#primaryimage"},"image":{"@id":"https:\/\/mylovelyrods.com\/index.php\/produit\/mini-nymphe-olive\/#primaryimage"},"thumbnailUrl":"https:\/\/i0.wp.com\/mylovelyrods.com\/wp-content\/uploads\/2021\/04\/20210409_164809.jpg?fit=1132%2C850&ssl=1","datePublished":"2021-04-28T11:41:21+00:00","dateModified":"2023-09-30T08:35:05+00:00","description":"Nymphe micro olive stri\u00e9e habill\u00e9e d'une bille de couleur or et un corps cercl\u00e9 en quill, tr\u00e8s l\u00e9g\u00e8re elle s'utilise en tandem.","breadcrumb":{"@id":"https:\/\/mylovelyrods.com\/index.php\/produit\/mini-nymphe-olive\/#breadcrumb"},"inLanguage":"fr-FR","potentialAction":[{"@type":"ReadAction","target":["https:\/\/mylovelyrods.com\/index.php\/produit\/mini-nymphe-olive\/"]}]},{"@type":"ImageObject","inLanguage":"fr-FR","@id":"https:\/\/mylovelyrods.com\/index.php\/produit\/mini-nymphe-olive\/#primaryimage","url":"https:\/\/i0.wp.com\/mylovelyrods.com\/wp-content\/uploads\/2021\/04\/20210409_164809.jpg?fit=1132%2C850&ssl=1","contentUrl":"https:\/\/i0.wp.com\/mylovelyrods.com\/wp-content\/uploads\/2021\/04\/20210409_164809.jpg?fit=1132%2C850&ssl=1","width":1132,"height":850},{"@type":"BreadcrumbList","@id":"https:\/\/mylovelyrods.com\/index.php\/produit\/mini-nymphe-olive\/#breadcrumb","itemListElement":[{"@type":"ListItem","position":1,"name":"Accueil","item":"https:\/\/mylovelyrods.com\/"},{"@type":"ListItem","position":2,"name":"Produits","item":"https:\/\/mylovelyrods.com\/index.php\/boutique\/"},{"@type":"ListItem","position":3,"name":"Nymphe micro olive stri\u00e9e"}]},{"@type":"WebSite","@id":"https:\/\/mylovelyrods.com\/#website","url":"https:\/\/mylovelyrods.com\/","name":"Mylovelyrods","description":"Facteur de canne, restaurations, customisations, rodbuilding, mouches, nymphes et petit mat\u00e9riel...","publisher":{"@id":"https:\/\/mylovelyrods.com\/#organization"},"potentialAction":[{"@type":"SearchAction","target":{"@type":"EntryPoint","urlTemplate":"https:\/\/mylovelyrods.com\/?s={search_term_string}"},"query-input":{"@type":"PropertyValueSpecification","valueRequired":true,"valueName":"search_term_string"}}],"inLanguage":"fr-FR"},{"@type":"Organization","@id":"https:\/\/mylovelyrods.com\/#organization","name":"Mylovelyrods","url":"https:\/\/mylovelyrods.com\/","logo":{"@type":"ImageObject","inLanguage":"fr-FR","@id":"https:\/\/mylovelyrods.com\/#\/schema\/logo\/image\/","url":"https:\/\/mylovelyrods.com\/wp-content\/uploads\/2021\/01\/0001-scaled-e1611186770281.jpg","contentUrl":"https:\/\/mylovelyrods.com\/wp-content\/uploads\/2021\/01\/0001-scaled-e1611186770281.jpg","width":2560,"height":716,"caption":"Mylovelyrods"},"image":{"@id":"https:\/\/mylovelyrods.com\/#\/schema\/logo\/image\/"},"sameAs":["https:\/\/m.facebook.com\/people\/Mylovelyrods\/100062956103344\/?locale=fr_FR","https:\/\/www.instagram.com\/mylovelyrods\/?hl=fr"]}]}},"jetpack_sharing_enabled":true,"_links":{"self":[{"href":"https:\/\/mylovelyrods.com\/index.php\/wp-json\/wp\/v2\/product\/867","targetHints":{"allow":["GET"]}}],"collection":[{"href":"https:\/\/mylovelyrods.com\/index.php\/wp-json\/wp\/v2\/product"}],"about":[{"href":"https:\/\/mylovelyrods.com\/index.php\/wp-json\/wp\/v2\/types\/product"}],"wp:featuredmedia":[{"embeddable":true,"href":"https:\/\/mylovelyrods.com\/index.php\/wp-json\/wp\/v2\/media\/861"}],"wp:attachment":[{"href":"https:\/\/mylovelyrods.com\/index.php\/wp-json\/wp\/v2\/media?parent=867"}],"wp:term":[{"taxonomy":"product_brand","embeddable":true,"href":"https:\/\/mylovelyrods.com\/index.php\/wp-json\/wp\/v2\/product_brand?post=867"},{"taxonomy":"product_cat","embeddable":true,"href":"https:\/\/mylovelyrods.com\/index.php\/wp-json\/wp\/v2\/product_cat?post=867"},{"taxonomy":"product_tag","embeddable":true,"href":"https:\/\/mylovelyrods.com\/index.php\/wp-json\/wp\/v2\/product_tag?post=867"}],"curies":[{"name":"wp","href":"https:\/\/api.w.org\/{rel}","templated":true}]}}