{"id":908,"date":"2021-05-18T10:48:19","date_gmt":"2021-05-18T08:48:19","guid":{"rendered":"https:\/\/mylovelyrods.com\/?post_type=product&#038;p=908"},"modified":"2024-02-11T11:36:02","modified_gmt":"2024-02-11T10:36:02","slug":"boite-a-mouche-3","status":"publish","type":"product","link":"https:\/\/mylovelyrods.com\/index.php\/produit\/boite-a-mouche-3\/","title":{"rendered":"Boite \u00e0 mouche grise 210 mouches"},"content":{"rendered":"<p>Cette boite \u00e0 mouche grise transparente, de couleur grise, de capacit\u00e9 de 210 mouches est \u00e9tanche, et recto verso.<\/p>\n<p>Le fait que cette boite \u00e0 mouche soit transparente est important, cela permet de voir la mouche que vous allez s\u00e9lectionner sans ouvrir la boite. Il arrive que lorsqu&rsquo;on farfouille dans ses mouches, une ou deux reprennent vie et s&rsquo;envolent dans l&rsquo;eau, et donc pouvoir la choisir dans sa boite ferm\u00e9e est un plus.<\/p>\n<p>Elle a une grande capacit\u00e9, 210 mouches, personnellement je fais un cot\u00e9 mouche s\u00e8che et un cot\u00e9 nymphe. C&rsquo;est exactement la m\u00eame boite \u00e0 mouche grise que celle des grandes marques, mais il y a une difference majeure! Le prix! Celle des marques, vous paierez la marque, chez moi non \ud83d\ude09<\/p>\n<p>C&rsquo;est une boite d&rsquo;une faible \u00e9paisseur, 3,5cm, elle rentre dans la plupart des poches des gilets et des chest packs. Si vous pr\u00e9f\u00e9rez le vert alors vous la trouverez verte <a href=\"https:\/\/mylovelyrods.com\/index.php\/produit\/boite-a-mouche-2\/\">ICI<\/a>. Les go\u00fbts et les couleurs&#8230;<\/p>\n<p>De dimension, 12,5 cm de longueur, 9,5 cm de largeur, pour une \u00e9paisseur de 3,5 cm.<\/p>\n<p>Boite \u00e0 mouche 210 mouches, 12,5 cm x 9,5 cm x 3,5 cm<\/p>\n<p>Pour me suivre sur les r\u00e9seaux sociaux c&rsquo;est par <a href=\"https:\/\/www.facebook.com\/pages\/category\/Sports\/Mylovelyrods-101775187859974\/\">ici<\/a> et par <a href=\"https:\/\/www.instagram.com\/mylovelyrods\/?hl=fr\">l\u00e0<\/a> \ud83d\ude42<\/p>\n","protected":false},"excerpt":{"rendered":"<p>Boites transparente, de couleur grise, de capacit\u00e9 de 210 mouches. C&rsquo;est une boite \u00e9tanche, recto verso.<\/p>\n<p>De dimension, 12,5 cm de longueur, 9,5 cm de largeur, pour une \u00e9paisseur de 3,5 cm.<\/p>\n","protected":false},"featured_media":904,"template":"","meta":{"jetpack_post_was_ever_published":false,"_glsr_average":0,"_glsr_ranking":0,"_glsr_reviews":0},"product_brand":[],"product_cat":[49,47,46,21],"product_tag":[],"class_list":{"0":"post-908","1":"product","2":"type-product","3":"status-publish","4":"has-post-thumbnail","6":"product_cat-accessoires","7":"product_cat-accessoires-et-moulinets","8":"product_cat-boites-a-mouches","9":"product_cat-mouches-nymphes","11":"first","12":"instock","13":"featured","14":"shipping-taxable","15":"purchasable","16":"product-type-simple"},"yoast_head":"<!-- This site is optimized with the Yoast SEO plugin v27.4 - https:\/\/yoast.com\/product\/yoast-seo-wordpress\/ -->\n<title>Boite \u00e0 mouche grise 210 mouches - accessoires - Mylovelyrods<\/title>\n<meta name=\"description\" content=\"Boite \u00e0 mouche transparente recto verso, plate, et \u00e9tanche, de couleur grise et pouvant contenir jusqu&#039;a 210 mouches, boite faible \u00e9paisseur\" \/>\n<meta name=\"robots\" content=\"index, follow, max-snippet:-1, max-image-preview:large, max-video-preview:-1\" \/>\n<link rel=\"canonical\" href=\"https:\/\/mylovelyrods.com\/index.php\/produit\/boite-a-mouche-3\/\" \/>\n<meta property=\"og:locale\" content=\"fr_FR\" \/>\n<meta property=\"og:type\" content=\"article\" \/>\n<meta property=\"og:title\" content=\"Boite \u00e0 mouche grise 210 mouches - accessoires - Mylovelyrods\" \/>\n<meta property=\"og:description\" content=\"Boite \u00e0 mouche transparente recto verso, plate, et \u00e9tanche, de couleur grise et pouvant contenir jusqu&#039;a 210 mouches, boite faible \u00e9paisseur\" \/>\n<meta property=\"og:url\" content=\"https:\/\/mylovelyrods.com\/index.php\/produit\/boite-a-mouche-3\/\" \/>\n<meta property=\"og:site_name\" content=\"Mylovelyrods\" \/>\n<meta property=\"article:publisher\" content=\"https:\/\/m.facebook.com\/people\/Mylovelyrods\/100062956103344\/?locale=fr_FR\" \/>\n<meta property=\"article:modified_time\" content=\"2024-02-11T10:36:02+00:00\" \/>\n<meta property=\"og:image\" content=\"https:\/\/mylovelyrods.com\/wp-content\/uploads\/2021\/05\/20210509_143225.jpg\" \/>\n\t<meta property=\"og:image:width\" content=\"1574\" \/>\n\t<meta property=\"og:image:height\" content=\"1181\" \/>\n\t<meta property=\"og:image:type\" content=\"image\/jpeg\" \/>\n<meta name=\"twitter:card\" content=\"summary_large_image\" \/>\n<meta name=\"twitter:label1\" content=\"Dur\u00e9e de lecture estim\u00e9e\" \/>\n\t<meta name=\"twitter:data1\" content=\"1 minute\" \/>\n<script type=\"application\/ld+json\" class=\"yoast-schema-graph\">{\"@context\":\"https:\\\/\\\/schema.org\",\"@graph\":[{\"@type\":\"WebPage\",\"@id\":\"https:\\\/\\\/mylovelyrods.com\\\/index.php\\\/produit\\\/boite-a-mouche-3\\\/\",\"url\":\"https:\\\/\\\/mylovelyrods.com\\\/index.php\\\/produit\\\/boite-a-mouche-3\\\/\",\"name\":\"Boite \u00e0 mouche grise 210 mouches - accessoires - Mylovelyrods\",\"isPartOf\":{\"@id\":\"https:\\\/\\\/mylovelyrods.com\\\/#website\"},\"primaryImageOfPage\":{\"@id\":\"https:\\\/\\\/mylovelyrods.com\\\/index.php\\\/produit\\\/boite-a-mouche-3\\\/#primaryimage\"},\"image\":{\"@id\":\"https:\\\/\\\/mylovelyrods.com\\\/index.php\\\/produit\\\/boite-a-mouche-3\\\/#primaryimage\"},\"thumbnailUrl\":\"https:\\\/\\\/i0.wp.com\\\/mylovelyrods.com\\\/wp-content\\\/uploads\\\/2021\\\/05\\\/20210509_143225.jpg?fit=1574%2C1181&ssl=1\",\"datePublished\":\"2021-05-18T08:48:19+00:00\",\"dateModified\":\"2024-02-11T10:36:02+00:00\",\"description\":\"Boite \u00e0 mouche transparente recto verso, plate, et \u00e9tanche, de couleur grise et pouvant contenir jusqu'a 210 mouches, boite faible \u00e9paisseur\",\"breadcrumb\":{\"@id\":\"https:\\\/\\\/mylovelyrods.com\\\/index.php\\\/produit\\\/boite-a-mouche-3\\\/#breadcrumb\"},\"inLanguage\":\"fr-FR\",\"potentialAction\":[{\"@type\":\"ReadAction\",\"target\":[\"https:\\\/\\\/mylovelyrods.com\\\/index.php\\\/produit\\\/boite-a-mouche-3\\\/\"]}]},{\"@type\":\"ImageObject\",\"inLanguage\":\"fr-FR\",\"@id\":\"https:\\\/\\\/mylovelyrods.com\\\/index.php\\\/produit\\\/boite-a-mouche-3\\\/#primaryimage\",\"url\":\"https:\\\/\\\/i0.wp.com\\\/mylovelyrods.com\\\/wp-content\\\/uploads\\\/2021\\\/05\\\/20210509_143225.jpg?fit=1574%2C1181&ssl=1\",\"contentUrl\":\"https:\\\/\\\/i0.wp.com\\\/mylovelyrods.com\\\/wp-content\\\/uploads\\\/2021\\\/05\\\/20210509_143225.jpg?fit=1574%2C1181&ssl=1\",\"width\":1574,\"height\":1181},{\"@type\":\"BreadcrumbList\",\"@id\":\"https:\\\/\\\/mylovelyrods.com\\\/index.php\\\/produit\\\/boite-a-mouche-3\\\/#breadcrumb\",\"itemListElement\":[{\"@type\":\"ListItem\",\"position\":1,\"name\":\"Accueil\",\"item\":\"https:\\\/\\\/mylovelyrods.com\\\/\"},{\"@type\":\"ListItem\",\"position\":2,\"name\":\"Produits\",\"item\":\"https:\\\/\\\/mylovelyrods.com\\\/index.php\\\/boutique\\\/\"},{\"@type\":\"ListItem\",\"position\":3,\"name\":\"Boite \u00e0 mouche grise 210 mouches\"}]},{\"@type\":\"WebSite\",\"@id\":\"https:\\\/\\\/mylovelyrods.com\\\/#website\",\"url\":\"https:\\\/\\\/mylovelyrods.com\\\/\",\"name\":\"Mylovelyrods\",\"description\":\"Facteur de canne, restaurations, customisations, rodbuilding, mouches, nymphes et petit mat\u00e9riel...\",\"publisher\":{\"@id\":\"https:\\\/\\\/mylovelyrods.com\\\/#organization\"},\"potentialAction\":[{\"@type\":\"SearchAction\",\"target\":{\"@type\":\"EntryPoint\",\"urlTemplate\":\"https:\\\/\\\/mylovelyrods.com\\\/?s={search_term_string}\"},\"query-input\":{\"@type\":\"PropertyValueSpecification\",\"valueRequired\":true,\"valueName\":\"search_term_string\"}}],\"inLanguage\":\"fr-FR\"},{\"@type\":\"Organization\",\"@id\":\"https:\\\/\\\/mylovelyrods.com\\\/#organization\",\"name\":\"Mylovelyrods\",\"url\":\"https:\\\/\\\/mylovelyrods.com\\\/\",\"logo\":{\"@type\":\"ImageObject\",\"inLanguage\":\"fr-FR\",\"@id\":\"https:\\\/\\\/mylovelyrods.com\\\/#\\\/schema\\\/logo\\\/image\\\/\",\"url\":\"https:\\\/\\\/mylovelyrods.com\\\/wp-content\\\/uploads\\\/2021\\\/01\\\/0001-scaled-e1611186770281.jpg\",\"contentUrl\":\"https:\\\/\\\/mylovelyrods.com\\\/wp-content\\\/uploads\\\/2021\\\/01\\\/0001-scaled-e1611186770281.jpg\",\"width\":2560,\"height\":716,\"caption\":\"Mylovelyrods\"},\"image\":{\"@id\":\"https:\\\/\\\/mylovelyrods.com\\\/#\\\/schema\\\/logo\\\/image\\\/\"},\"sameAs\":[\"https:\\\/\\\/m.facebook.com\\\/people\\\/Mylovelyrods\\\/100062956103344\\\/?locale=fr_FR\",\"https:\\\/\\\/www.instagram.com\\\/mylovelyrods\\\/?hl=fr\"]}]}<\/script>\n<!-- \/ Yoast SEO plugin. -->","yoast_head_json":{"title":"Boite \u00e0 mouche grise 210 mouches - accessoires - Mylovelyrods","description":"Boite \u00e0 mouche transparente recto verso, plate, et \u00e9tanche, de couleur grise et pouvant contenir jusqu'a 210 mouches, boite faible \u00e9paisseur","robots":{"index":"index","follow":"follow","max-snippet":"max-snippet:-1","max-image-preview":"max-image-preview:large","max-video-preview":"max-video-preview:-1"},"canonical":"https:\/\/mylovelyrods.com\/index.php\/produit\/boite-a-mouche-3\/","og_locale":"fr_FR","og_type":"article","og_title":"Boite \u00e0 mouche grise 210 mouches - accessoires - Mylovelyrods","og_description":"Boite \u00e0 mouche transparente recto verso, plate, et \u00e9tanche, de couleur grise et pouvant contenir jusqu'a 210 mouches, boite faible \u00e9paisseur","og_url":"https:\/\/mylovelyrods.com\/index.php\/produit\/boite-a-mouche-3\/","og_site_name":"Mylovelyrods","article_publisher":"https:\/\/m.facebook.com\/people\/Mylovelyrods\/100062956103344\/?locale=fr_FR","article_modified_time":"2024-02-11T10:36:02+00:00","og_image":[{"width":1574,"height":1181,"url":"https:\/\/mylovelyrods.com\/wp-content\/uploads\/2021\/05\/20210509_143225.jpg","type":"image\/jpeg"}],"twitter_card":"summary_large_image","twitter_misc":{"Dur\u00e9e de lecture estim\u00e9e":"1 minute"},"schema":{"@context":"https:\/\/schema.org","@graph":[{"@type":"WebPage","@id":"https:\/\/mylovelyrods.com\/index.php\/produit\/boite-a-mouche-3\/","url":"https:\/\/mylovelyrods.com\/index.php\/produit\/boite-a-mouche-3\/","name":"Boite \u00e0 mouche grise 210 mouches - accessoires - Mylovelyrods","isPartOf":{"@id":"https:\/\/mylovelyrods.com\/#website"},"primaryImageOfPage":{"@id":"https:\/\/mylovelyrods.com\/index.php\/produit\/boite-a-mouche-3\/#primaryimage"},"image":{"@id":"https:\/\/mylovelyrods.com\/index.php\/produit\/boite-a-mouche-3\/#primaryimage"},"thumbnailUrl":"https:\/\/i0.wp.com\/mylovelyrods.com\/wp-content\/uploads\/2021\/05\/20210509_143225.jpg?fit=1574%2C1181&ssl=1","datePublished":"2021-05-18T08:48:19+00:00","dateModified":"2024-02-11T10:36:02+00:00","description":"Boite \u00e0 mouche transparente recto verso, plate, et \u00e9tanche, de couleur grise et pouvant contenir jusqu'a 210 mouches, boite faible \u00e9paisseur","breadcrumb":{"@id":"https:\/\/mylovelyrods.com\/index.php\/produit\/boite-a-mouche-3\/#breadcrumb"},"inLanguage":"fr-FR","potentialAction":[{"@type":"ReadAction","target":["https:\/\/mylovelyrods.com\/index.php\/produit\/boite-a-mouche-3\/"]}]},{"@type":"ImageObject","inLanguage":"fr-FR","@id":"https:\/\/mylovelyrods.com\/index.php\/produit\/boite-a-mouche-3\/#primaryimage","url":"https:\/\/i0.wp.com\/mylovelyrods.com\/wp-content\/uploads\/2021\/05\/20210509_143225.jpg?fit=1574%2C1181&ssl=1","contentUrl":"https:\/\/i0.wp.com\/mylovelyrods.com\/wp-content\/uploads\/2021\/05\/20210509_143225.jpg?fit=1574%2C1181&ssl=1","width":1574,"height":1181},{"@type":"BreadcrumbList","@id":"https:\/\/mylovelyrods.com\/index.php\/produit\/boite-a-mouche-3\/#breadcrumb","itemListElement":[{"@type":"ListItem","position":1,"name":"Accueil","item":"https:\/\/mylovelyrods.com\/"},{"@type":"ListItem","position":2,"name":"Produits","item":"https:\/\/mylovelyrods.com\/index.php\/boutique\/"},{"@type":"ListItem","position":3,"name":"Boite \u00e0 mouche grise 210 mouches"}]},{"@type":"WebSite","@id":"https:\/\/mylovelyrods.com\/#website","url":"https:\/\/mylovelyrods.com\/","name":"Mylovelyrods","description":"Facteur de canne, restaurations, customisations, rodbuilding, mouches, nymphes et petit mat\u00e9riel...","publisher":{"@id":"https:\/\/mylovelyrods.com\/#organization"},"potentialAction":[{"@type":"SearchAction","target":{"@type":"EntryPoint","urlTemplate":"https:\/\/mylovelyrods.com\/?s={search_term_string}"},"query-input":{"@type":"PropertyValueSpecification","valueRequired":true,"valueName":"search_term_string"}}],"inLanguage":"fr-FR"},{"@type":"Organization","@id":"https:\/\/mylovelyrods.com\/#organization","name":"Mylovelyrods","url":"https:\/\/mylovelyrods.com\/","logo":{"@type":"ImageObject","inLanguage":"fr-FR","@id":"https:\/\/mylovelyrods.com\/#\/schema\/logo\/image\/","url":"https:\/\/mylovelyrods.com\/wp-content\/uploads\/2021\/01\/0001-scaled-e1611186770281.jpg","contentUrl":"https:\/\/mylovelyrods.com\/wp-content\/uploads\/2021\/01\/0001-scaled-e1611186770281.jpg","width":2560,"height":716,"caption":"Mylovelyrods"},"image":{"@id":"https:\/\/mylovelyrods.com\/#\/schema\/logo\/image\/"},"sameAs":["https:\/\/m.facebook.com\/people\/Mylovelyrods\/100062956103344\/?locale=fr_FR","https:\/\/www.instagram.com\/mylovelyrods\/?hl=fr"]}]}},"jetpack_sharing_enabled":true,"_links":{"self":[{"href":"https:\/\/mylovelyrods.com\/index.php\/wp-json\/wp\/v2\/product\/908","targetHints":{"allow":["GET"]}}],"collection":[{"href":"https:\/\/mylovelyrods.com\/index.php\/wp-json\/wp\/v2\/product"}],"about":[{"href":"https:\/\/mylovelyrods.com\/index.php\/wp-json\/wp\/v2\/types\/product"}],"wp:featuredmedia":[{"embeddable":true,"href":"https:\/\/mylovelyrods.com\/index.php\/wp-json\/wp\/v2\/media\/904"}],"wp:attachment":[{"href":"https:\/\/mylovelyrods.com\/index.php\/wp-json\/wp\/v2\/media?parent=908"}],"wp:term":[{"taxonomy":"product_brand","embeddable":true,"href":"https:\/\/mylovelyrods.com\/index.php\/wp-json\/wp\/v2\/product_brand?post=908"},{"taxonomy":"product_cat","embeddable":true,"href":"https:\/\/mylovelyrods.com\/index.php\/wp-json\/wp\/v2\/product_cat?post=908"},{"taxonomy":"product_tag","embeddable":true,"href":"https:\/\/mylovelyrods.com\/index.php\/wp-json\/wp\/v2\/product_tag?post=908"}],"curies":[{"name":"wp","href":"https:\/\/api.w.org\/{rel}","templated":true}]}}