{"id":985,"date":"2021-05-26T13:07:14","date_gmt":"2021-05-26T11:07:14","guid":{"rendered":"https:\/\/mylovelyrods.com\/?post_type=product&#038;p=985"},"modified":"2025-05-18T14:05:01","modified_gmt":"2025-05-18T12:05:01","slug":"tube-de-protection-canne","status":"publish","type":"product","link":"https:\/\/mylovelyrods.com\/index.php\/produit\/tube-de-protection-canne\/","title":{"rendered":"Tube de protection canne avec sa housse"},"content":{"rendered":"<p>Tube de protection canne avec sa housse en fibre de verre de couleur blanc l\u00e9g\u00e8rement transparent de 80 cm de longueur ext\u00e9rieure, et de 5,5 cm de diam\u00e8tre ext\u00e9rieur. Le bouchon est en aluminium mat qui est \u00e9quip\u00e9 d&rsquo;un joint qui rend le tube totalement \u00e9tanche.<\/p>\n<p>Ce tube sera fourni dans une housse en tissu. Ainsi il sera l&rsquo;alli\u00e9 parfait pour transporter vos cannes en toute s\u00e9curit\u00e9, ou pour les conserver bien prot\u00e9g\u00e9es.<\/p>\n<p>C&rsquo;est un classique dans le domaine de la p\u00eache \u00e0 la mouche. On le retrouve souvent en accompagnement d&rsquo;une canne haut de gamme, mais on en trouve rarement en fibre de verre. Le Tube de protection canne en fibre de verre est tr\u00e8s r\u00e9sistant, et est bien plus beau qu&rsquo;un tube de protection classique en cordura. Il apporte un ratio r\u00e9sistance \/ l\u00e9g\u00e8ret\u00e9 tr\u00e8s int\u00e9ressant! Ce n&rsquo;est pas pour rien qu&rsquo;il est beaucoup utilis\u00e9 dans la formule 1 par exemple. Il donnera beaucoup de caract\u00e8re \u00e0 votre ensemble.<\/p>\n<p>Si vous souhaitez un tube plus long vous en trouverez <a href=\"https:\/\/mylovelyrods.com\/index.php\/produit\/tube-de-protection-de-canne-en-carbone\/\">ici<\/a> et <a href=\"https:\/\/mylovelyrods.com\/index.php\/produit\/tube-protection-pour-canne-moulinet\/\">l\u00e0<\/a> mais les tubes plus longs que j&rsquo;ai en stock ne sont pas en fibre de verre.<\/p>\n<p>Si vous souhaitez me suivre sur les r\u00e9seaux sociaux c&rsquo;est par <a href=\"https:\/\/www.facebook.com\/pages\/category\/Sports\/Mylovelyrods-101775187859974\/\">ici<\/a> et par <a href=\"https:\/\/www.instagram.com\/mylovelyrods\/?hl=fr\">l\u00e0<\/a> \ud83d\ude09<\/p>\n","protected":false},"excerpt":{"rendered":"<p>Tube de protection en fibre de verre de couleur blanc l\u00e9g\u00e8rement transparent de 80 cm de longueur ext\u00e9rieure, et de 5,5 cm de diam\u00e8tre ext\u00e9rieur. Ce tube est fourni dans une housse en tissu. Il sera l&rsquo;alli\u00e9 parfait pour transporter vos cannes en toute s\u00e9curit\u00e9, ou pour les conserver bien prot\u00e9g\u00e9es.<\/p>\n","protected":false},"featured_media":986,"template":"","meta":{"jetpack_post_was_ever_published":false,"_glsr_average":0,"_glsr_ranking":0,"_glsr_reviews":0},"product_brand":[],"product_cat":[44,45],"product_tag":[],"class_list":{"0":"post-985","1":"product","2":"type-product","3":"status-publish","4":"has-post-thumbnail","6":"product_cat-housse-tube-protection-pour-canne-mouche","7":"product_cat-tube-de-protection","8":"product_shipping_class-blank","10":"first","11":"instock","12":"shipping-taxable","13":"purchasable","14":"product-type-simple"},"yoast_head":"<!-- This site is optimized with the Yoast SEO plugin v27.4 - https:\/\/yoast.com\/product\/yoast-seo-wordpress\/ -->\n<title>Tube de protection canne avec sa housse - Mylovelyrods<\/title>\n<meta name=\"description\" content=\"Tube de protection canne en fibre de verre, muni d&#039;une housse tissu. Pour le stockage et le transport de vos cannes en toute s\u00e9curit\u00e9\" \/>\n<meta name=\"robots\" content=\"index, follow, max-snippet:-1, max-image-preview:large, max-video-preview:-1\" \/>\n<link rel=\"canonical\" href=\"https:\/\/mylovelyrods.com\/index.php\/produit\/tube-de-protection-canne\/\" \/>\n<meta property=\"og:locale\" content=\"fr_FR\" \/>\n<meta property=\"og:type\" content=\"article\" \/>\n<meta property=\"og:title\" content=\"Tube de protection canne avec sa housse - Mylovelyrods\" \/>\n<meta property=\"og:description\" content=\"Tube de protection canne en fibre de verre, muni d&#039;une housse tissu. Pour le stockage et le transport de vos cannes en toute s\u00e9curit\u00e9\" \/>\n<meta property=\"og:url\" content=\"https:\/\/mylovelyrods.com\/index.php\/produit\/tube-de-protection-canne\/\" \/>\n<meta property=\"og:site_name\" content=\"Mylovelyrods\" \/>\n<meta property=\"article:publisher\" content=\"https:\/\/m.facebook.com\/people\/Mylovelyrods\/100062956103344\/?locale=fr_FR\" \/>\n<meta property=\"article:modified_time\" content=\"2025-05-18T12:05:01+00:00\" \/>\n<meta property=\"og:image\" content=\"https:\/\/mylovelyrods.com\/wp-content\/uploads\/2021\/05\/20210526_091928.jpg\" \/>\n\t<meta property=\"og:image:width\" content=\"1908\" \/>\n\t<meta property=\"og:image:height\" content=\"1432\" \/>\n\t<meta property=\"og:image:type\" content=\"image\/jpeg\" \/>\n<meta name=\"twitter:card\" content=\"summary_large_image\" \/>\n<meta name=\"twitter:label1\" content=\"Dur\u00e9e de lecture estim\u00e9e\" \/>\n\t<meta name=\"twitter:data1\" content=\"1 minute\" \/>\n<script type=\"application\/ld+json\" class=\"yoast-schema-graph\">{\"@context\":\"https:\\\/\\\/schema.org\",\"@graph\":[{\"@type\":\"WebPage\",\"@id\":\"https:\\\/\\\/mylovelyrods.com\\\/index.php\\\/produit\\\/tube-de-protection-canne\\\/\",\"url\":\"https:\\\/\\\/mylovelyrods.com\\\/index.php\\\/produit\\\/tube-de-protection-canne\\\/\",\"name\":\"Tube de protection canne avec sa housse - Mylovelyrods\",\"isPartOf\":{\"@id\":\"https:\\\/\\\/mylovelyrods.com\\\/#website\"},\"primaryImageOfPage\":{\"@id\":\"https:\\\/\\\/mylovelyrods.com\\\/index.php\\\/produit\\\/tube-de-protection-canne\\\/#primaryimage\"},\"image\":{\"@id\":\"https:\\\/\\\/mylovelyrods.com\\\/index.php\\\/produit\\\/tube-de-protection-canne\\\/#primaryimage\"},\"thumbnailUrl\":\"https:\\\/\\\/i0.wp.com\\\/mylovelyrods.com\\\/wp-content\\\/uploads\\\/2021\\\/05\\\/20210526_091928.jpg?fit=1908%2C1432&ssl=1\",\"datePublished\":\"2021-05-26T11:07:14+00:00\",\"dateModified\":\"2025-05-18T12:05:01+00:00\",\"description\":\"Tube de protection canne en fibre de verre, muni d'une housse tissu. Pour le stockage et le transport de vos cannes en toute s\u00e9curit\u00e9\",\"breadcrumb\":{\"@id\":\"https:\\\/\\\/mylovelyrods.com\\\/index.php\\\/produit\\\/tube-de-protection-canne\\\/#breadcrumb\"},\"inLanguage\":\"fr-FR\",\"potentialAction\":[{\"@type\":\"ReadAction\",\"target\":[\"https:\\\/\\\/mylovelyrods.com\\\/index.php\\\/produit\\\/tube-de-protection-canne\\\/\"]}]},{\"@type\":\"ImageObject\",\"inLanguage\":\"fr-FR\",\"@id\":\"https:\\\/\\\/mylovelyrods.com\\\/index.php\\\/produit\\\/tube-de-protection-canne\\\/#primaryimage\",\"url\":\"https:\\\/\\\/i0.wp.com\\\/mylovelyrods.com\\\/wp-content\\\/uploads\\\/2021\\\/05\\\/20210526_091928.jpg?fit=1908%2C1432&ssl=1\",\"contentUrl\":\"https:\\\/\\\/i0.wp.com\\\/mylovelyrods.com\\\/wp-content\\\/uploads\\\/2021\\\/05\\\/20210526_091928.jpg?fit=1908%2C1432&ssl=1\",\"width\":1908,\"height\":1432},{\"@type\":\"BreadcrumbList\",\"@id\":\"https:\\\/\\\/mylovelyrods.com\\\/index.php\\\/produit\\\/tube-de-protection-canne\\\/#breadcrumb\",\"itemListElement\":[{\"@type\":\"ListItem\",\"position\":1,\"name\":\"Accueil\",\"item\":\"https:\\\/\\\/mylovelyrods.com\\\/\"},{\"@type\":\"ListItem\",\"position\":2,\"name\":\"Produits\",\"item\":\"https:\\\/\\\/mylovelyrods.com\\\/index.php\\\/boutique\\\/\"},{\"@type\":\"ListItem\",\"position\":3,\"name\":\"Tube de protection canne avec sa housse\"}]},{\"@type\":\"WebSite\",\"@id\":\"https:\\\/\\\/mylovelyrods.com\\\/#website\",\"url\":\"https:\\\/\\\/mylovelyrods.com\\\/\",\"name\":\"Mylovelyrods\",\"description\":\"Facteur de canne, restaurations, customisations, rodbuilding, mouches, nymphes et petit mat\u00e9riel...\",\"publisher\":{\"@id\":\"https:\\\/\\\/mylovelyrods.com\\\/#organization\"},\"potentialAction\":[{\"@type\":\"SearchAction\",\"target\":{\"@type\":\"EntryPoint\",\"urlTemplate\":\"https:\\\/\\\/mylovelyrods.com\\\/?s={search_term_string}\"},\"query-input\":{\"@type\":\"PropertyValueSpecification\",\"valueRequired\":true,\"valueName\":\"search_term_string\"}}],\"inLanguage\":\"fr-FR\"},{\"@type\":\"Organization\",\"@id\":\"https:\\\/\\\/mylovelyrods.com\\\/#organization\",\"name\":\"Mylovelyrods\",\"url\":\"https:\\\/\\\/mylovelyrods.com\\\/\",\"logo\":{\"@type\":\"ImageObject\",\"inLanguage\":\"fr-FR\",\"@id\":\"https:\\\/\\\/mylovelyrods.com\\\/#\\\/schema\\\/logo\\\/image\\\/\",\"url\":\"https:\\\/\\\/mylovelyrods.com\\\/wp-content\\\/uploads\\\/2021\\\/01\\\/0001-scaled-e1611186770281.jpg\",\"contentUrl\":\"https:\\\/\\\/mylovelyrods.com\\\/wp-content\\\/uploads\\\/2021\\\/01\\\/0001-scaled-e1611186770281.jpg\",\"width\":2560,\"height\":716,\"caption\":\"Mylovelyrods\"},\"image\":{\"@id\":\"https:\\\/\\\/mylovelyrods.com\\\/#\\\/schema\\\/logo\\\/image\\\/\"},\"sameAs\":[\"https:\\\/\\\/m.facebook.com\\\/people\\\/Mylovelyrods\\\/100062956103344\\\/?locale=fr_FR\",\"https:\\\/\\\/www.instagram.com\\\/mylovelyrods\\\/?hl=fr\"]}]}<\/script>\n<!-- \/ Yoast SEO plugin. -->","yoast_head_json":{"title":"Tube de protection canne avec sa housse - Mylovelyrods","description":"Tube de protection canne en fibre de verre, muni d'une housse tissu. Pour le stockage et le transport de vos cannes en toute s\u00e9curit\u00e9","robots":{"index":"index","follow":"follow","max-snippet":"max-snippet:-1","max-image-preview":"max-image-preview:large","max-video-preview":"max-video-preview:-1"},"canonical":"https:\/\/mylovelyrods.com\/index.php\/produit\/tube-de-protection-canne\/","og_locale":"fr_FR","og_type":"article","og_title":"Tube de protection canne avec sa housse - Mylovelyrods","og_description":"Tube de protection canne en fibre de verre, muni d'une housse tissu. Pour le stockage et le transport de vos cannes en toute s\u00e9curit\u00e9","og_url":"https:\/\/mylovelyrods.com\/index.php\/produit\/tube-de-protection-canne\/","og_site_name":"Mylovelyrods","article_publisher":"https:\/\/m.facebook.com\/people\/Mylovelyrods\/100062956103344\/?locale=fr_FR","article_modified_time":"2025-05-18T12:05:01+00:00","og_image":[{"width":1908,"height":1432,"url":"https:\/\/mylovelyrods.com\/wp-content\/uploads\/2021\/05\/20210526_091928.jpg","type":"image\/jpeg"}],"twitter_card":"summary_large_image","twitter_misc":{"Dur\u00e9e de lecture estim\u00e9e":"1 minute"},"schema":{"@context":"https:\/\/schema.org","@graph":[{"@type":"WebPage","@id":"https:\/\/mylovelyrods.com\/index.php\/produit\/tube-de-protection-canne\/","url":"https:\/\/mylovelyrods.com\/index.php\/produit\/tube-de-protection-canne\/","name":"Tube de protection canne avec sa housse - Mylovelyrods","isPartOf":{"@id":"https:\/\/mylovelyrods.com\/#website"},"primaryImageOfPage":{"@id":"https:\/\/mylovelyrods.com\/index.php\/produit\/tube-de-protection-canne\/#primaryimage"},"image":{"@id":"https:\/\/mylovelyrods.com\/index.php\/produit\/tube-de-protection-canne\/#primaryimage"},"thumbnailUrl":"https:\/\/i0.wp.com\/mylovelyrods.com\/wp-content\/uploads\/2021\/05\/20210526_091928.jpg?fit=1908%2C1432&ssl=1","datePublished":"2021-05-26T11:07:14+00:00","dateModified":"2025-05-18T12:05:01+00:00","description":"Tube de protection canne en fibre de verre, muni d'une housse tissu. Pour le stockage et le transport de vos cannes en toute s\u00e9curit\u00e9","breadcrumb":{"@id":"https:\/\/mylovelyrods.com\/index.php\/produit\/tube-de-protection-canne\/#breadcrumb"},"inLanguage":"fr-FR","potentialAction":[{"@type":"ReadAction","target":["https:\/\/mylovelyrods.com\/index.php\/produit\/tube-de-protection-canne\/"]}]},{"@type":"ImageObject","inLanguage":"fr-FR","@id":"https:\/\/mylovelyrods.com\/index.php\/produit\/tube-de-protection-canne\/#primaryimage","url":"https:\/\/i0.wp.com\/mylovelyrods.com\/wp-content\/uploads\/2021\/05\/20210526_091928.jpg?fit=1908%2C1432&ssl=1","contentUrl":"https:\/\/i0.wp.com\/mylovelyrods.com\/wp-content\/uploads\/2021\/05\/20210526_091928.jpg?fit=1908%2C1432&ssl=1","width":1908,"height":1432},{"@type":"BreadcrumbList","@id":"https:\/\/mylovelyrods.com\/index.php\/produit\/tube-de-protection-canne\/#breadcrumb","itemListElement":[{"@type":"ListItem","position":1,"name":"Accueil","item":"https:\/\/mylovelyrods.com\/"},{"@type":"ListItem","position":2,"name":"Produits","item":"https:\/\/mylovelyrods.com\/index.php\/boutique\/"},{"@type":"ListItem","position":3,"name":"Tube de protection canne avec sa housse"}]},{"@type":"WebSite","@id":"https:\/\/mylovelyrods.com\/#website","url":"https:\/\/mylovelyrods.com\/","name":"Mylovelyrods","description":"Facteur de canne, restaurations, customisations, rodbuilding, mouches, nymphes et petit mat\u00e9riel...","publisher":{"@id":"https:\/\/mylovelyrods.com\/#organization"},"potentialAction":[{"@type":"SearchAction","target":{"@type":"EntryPoint","urlTemplate":"https:\/\/mylovelyrods.com\/?s={search_term_string}"},"query-input":{"@type":"PropertyValueSpecification","valueRequired":true,"valueName":"search_term_string"}}],"inLanguage":"fr-FR"},{"@type":"Organization","@id":"https:\/\/mylovelyrods.com\/#organization","name":"Mylovelyrods","url":"https:\/\/mylovelyrods.com\/","logo":{"@type":"ImageObject","inLanguage":"fr-FR","@id":"https:\/\/mylovelyrods.com\/#\/schema\/logo\/image\/","url":"https:\/\/mylovelyrods.com\/wp-content\/uploads\/2021\/01\/0001-scaled-e1611186770281.jpg","contentUrl":"https:\/\/mylovelyrods.com\/wp-content\/uploads\/2021\/01\/0001-scaled-e1611186770281.jpg","width":2560,"height":716,"caption":"Mylovelyrods"},"image":{"@id":"https:\/\/mylovelyrods.com\/#\/schema\/logo\/image\/"},"sameAs":["https:\/\/m.facebook.com\/people\/Mylovelyrods\/100062956103344\/?locale=fr_FR","https:\/\/www.instagram.com\/mylovelyrods\/?hl=fr"]}]}},"jetpack_sharing_enabled":true,"_links":{"self":[{"href":"https:\/\/mylovelyrods.com\/index.php\/wp-json\/wp\/v2\/product\/985","targetHints":{"allow":["GET"]}}],"collection":[{"href":"https:\/\/mylovelyrods.com\/index.php\/wp-json\/wp\/v2\/product"}],"about":[{"href":"https:\/\/mylovelyrods.com\/index.php\/wp-json\/wp\/v2\/types\/product"}],"wp:featuredmedia":[{"embeddable":true,"href":"https:\/\/mylovelyrods.com\/index.php\/wp-json\/wp\/v2\/media\/986"}],"wp:attachment":[{"href":"https:\/\/mylovelyrods.com\/index.php\/wp-json\/wp\/v2\/media?parent=985"}],"wp:term":[{"taxonomy":"product_brand","embeddable":true,"href":"https:\/\/mylovelyrods.com\/index.php\/wp-json\/wp\/v2\/product_brand?post=985"},{"taxonomy":"product_cat","embeddable":true,"href":"https:\/\/mylovelyrods.com\/index.php\/wp-json\/wp\/v2\/product_cat?post=985"},{"taxonomy":"product_tag","embeddable":true,"href":"https:\/\/mylovelyrods.com\/index.php\/wp-json\/wp\/v2\/product_tag?post=985"}],"curies":[{"name":"wp","href":"https:\/\/api.w.org\/{rel}","templated":true}]}}