{"id":993,"date":"2021-05-26T14:32:45","date_gmt":"2021-05-26T12:32:45","guid":{"rendered":"https:\/\/mylovelyrods.com\/?post_type=product&#038;p=993"},"modified":"2024-03-03T15:01:12","modified_gmt":"2024-03-03T14:01:12","slug":"coupe-fil","status":"publish","type":"product","link":"https:\/\/mylovelyrods.com\/index.php\/produit\/coupe-fil\/","title":{"rendered":"Coupe fil"},"content":{"rendered":"<p>Coupe fil a \u00ab\u00a0bec\u00a0\u00bb large et tr\u00e8s coupant, pratique pour ceux qui n&rsquo;y voient pas forc\u00e9ment tr\u00e8s bien de pr\u00e8s. Il est \u00e9quip\u00e9 d&rsquo;une pointe pour d\u00e9boucher les oeillets des mouches qui auraient gard\u00e9 un peu de vernis. Sa petite attache en chainette permet de le fixer \u00e0 un <a href=\"https:\/\/mylovelyrods.com\/index.php\/produit\/bouton-service\/\">bouton service<\/a> et ainsi \u00e0 ne pas le perdre dans l&rsquo;eau. La partie bleue en caoutchouc assure une bonne prise en main, une bonne accroche, et donc une bonne maitrise du coupe fil. Il est de couleur noir mat.<\/p>\n<p>Vous pourrez couper n&rsquo;importe quel fil avec cet outil, peut \u00eatre pas du fluorocarbone en 1,00mm ni de la tresse. Je ne pense pas que vous vous baladez dans les accessoires de mon site avec pour pr\u00e9vision d&rsquo;aller pratiquer la p\u00eache de la baleine!<\/p>\n<p>Coupe fil dont la longueur est de 6 cm sans la chainette. Avec la chainette je ne connais pas la longueur, je ne l&rsquo;ai pas mesur\u00e9, ce n&rsquo;est pas tr\u00e8s important si?!<\/p>\n<p>Je ne l&rsquo;ai pas pes\u00e9 non plus. Je n&rsquo;ai pas mesur\u00e9 sa r\u00e9sistance aux vents, ni jusqu&rsquo;\u00e0 combien de m\u00e8tres il \u00e9tait possible de le lancer \ud83d\ude09<\/p>\n<p>Si vous souhaitez me suivre sur les r\u00e9seaux sociaux c&rsquo;est par<a href=\"https:\/\/www.facebook.com\/pages\/category\/Sports\/Mylovelyrods-101775187859974\/\"> ici<\/a> et par <a href=\"https:\/\/www.instagram.com\/mylovelyrods\/?hl=fr\">l\u00e0<\/a>!<\/p>\n","protected":false},"excerpt":{"rendered":"<p>Coupe fil a \u00ab\u00a0bec\u00a0\u00bb large et tr\u00e8s coupant, avec une pointe pour d\u00e9boucher les oeillets des mouches, ainsi que sa petite attache permettant de le fixer \u00e0 un bouton service et ainsi ne pas le perdre dans l&rsquo;eau. La partie bleue en caoutchouc assure une bonne prise en main et une bonne maitrise du coupe fil. Il est de couleur noir mat.<\/p>\n","protected":false},"featured_media":995,"template":"","meta":{"jetpack_post_was_ever_published":false,"_glsr_average":0,"_glsr_ranking":0,"_glsr_reviews":0},"product_brand":[],"product_cat":[49,47],"product_tag":[],"class_list":{"0":"post-993","1":"product","2":"type-product","3":"status-publish","4":"has-post-thumbnail","6":"product_cat-accessoires","7":"product_cat-accessoires-et-moulinets","9":"first","10":"instock","11":"shipping-taxable","12":"purchasable","13":"product-type-simple"},"yoast_head":"<!-- This site is optimized with the Yoast SEO plugin v27.4 - https:\/\/yoast.com\/product\/yoast-seo-wordpress\/ -->\n<title>Coupe fil - accessoires - P\u00eache \u00e0 la mouche - Mylovelyrods<\/title>\n<meta name=\"description\" content=\"Coupe fil \u00e0 bec large, tr\u00e8s coupant, avec un petit caoutchouc bleue permettant une bonne maitrise, muni d&#039;un d\u00e9bouche oeillet d&#039;hame\u00e7on\" \/>\n<meta name=\"robots\" content=\"index, follow, max-snippet:-1, max-image-preview:large, max-video-preview:-1\" \/>\n<link rel=\"canonical\" href=\"https:\/\/mylovelyrods.com\/index.php\/produit\/coupe-fil\/\" \/>\n<meta property=\"og:locale\" content=\"fr_FR\" \/>\n<meta property=\"og:type\" content=\"article\" \/>\n<meta property=\"og:title\" content=\"Coupe fil - accessoires - P\u00eache \u00e0 la mouche - Mylovelyrods\" \/>\n<meta property=\"og:description\" content=\"Coupe fil \u00e0 bec large, tr\u00e8s coupant, avec un petit caoutchouc bleue permettant une bonne maitrise, muni d&#039;un d\u00e9bouche oeillet d&#039;hame\u00e7on\" \/>\n<meta property=\"og:url\" content=\"https:\/\/mylovelyrods.com\/index.php\/produit\/coupe-fil\/\" \/>\n<meta property=\"og:site_name\" content=\"Mylovelyrods\" \/>\n<meta property=\"article:publisher\" content=\"https:\/\/m.facebook.com\/people\/Mylovelyrods\/100062956103344\/?locale=fr_FR\" \/>\n<meta property=\"article:modified_time\" content=\"2024-03-03T14:01:12+00:00\" \/>\n<meta property=\"og:image\" content=\"https:\/\/mylovelyrods.com\/wp-content\/uploads\/2021\/05\/20210520_092907.jpg\" \/>\n\t<meta property=\"og:image:width\" content=\"1908\" \/>\n\t<meta property=\"og:image:height\" content=\"1431\" \/>\n\t<meta property=\"og:image:type\" content=\"image\/jpeg\" \/>\n<meta name=\"twitter:card\" content=\"summary_large_image\" \/>\n<meta name=\"twitter:label1\" content=\"Dur\u00e9e de lecture estim\u00e9e\" \/>\n\t<meta name=\"twitter:data1\" content=\"2 minutes\" \/>\n<script type=\"application\/ld+json\" class=\"yoast-schema-graph\">{\"@context\":\"https:\\\/\\\/schema.org\",\"@graph\":[{\"@type\":\"WebPage\",\"@id\":\"https:\\\/\\\/mylovelyrods.com\\\/index.php\\\/produit\\\/coupe-fil\\\/\",\"url\":\"https:\\\/\\\/mylovelyrods.com\\\/index.php\\\/produit\\\/coupe-fil\\\/\",\"name\":\"Coupe fil - accessoires - P\u00eache \u00e0 la mouche - Mylovelyrods\",\"isPartOf\":{\"@id\":\"https:\\\/\\\/mylovelyrods.com\\\/#website\"},\"primaryImageOfPage\":{\"@id\":\"https:\\\/\\\/mylovelyrods.com\\\/index.php\\\/produit\\\/coupe-fil\\\/#primaryimage\"},\"image\":{\"@id\":\"https:\\\/\\\/mylovelyrods.com\\\/index.php\\\/produit\\\/coupe-fil\\\/#primaryimage\"},\"thumbnailUrl\":\"https:\\\/\\\/i0.wp.com\\\/mylovelyrods.com\\\/wp-content\\\/uploads\\\/2021\\\/05\\\/20210520_092907.jpg?fit=1908%2C1431&ssl=1\",\"datePublished\":\"2021-05-26T12:32:45+00:00\",\"dateModified\":\"2024-03-03T14:01:12+00:00\",\"description\":\"Coupe fil \u00e0 bec large, tr\u00e8s coupant, avec un petit caoutchouc bleue permettant une bonne maitrise, muni d'un d\u00e9bouche oeillet d'hame\u00e7on\",\"breadcrumb\":{\"@id\":\"https:\\\/\\\/mylovelyrods.com\\\/index.php\\\/produit\\\/coupe-fil\\\/#breadcrumb\"},\"inLanguage\":\"fr-FR\",\"potentialAction\":[{\"@type\":\"ReadAction\",\"target\":[\"https:\\\/\\\/mylovelyrods.com\\\/index.php\\\/produit\\\/coupe-fil\\\/\"]}]},{\"@type\":\"ImageObject\",\"inLanguage\":\"fr-FR\",\"@id\":\"https:\\\/\\\/mylovelyrods.com\\\/index.php\\\/produit\\\/coupe-fil\\\/#primaryimage\",\"url\":\"https:\\\/\\\/i0.wp.com\\\/mylovelyrods.com\\\/wp-content\\\/uploads\\\/2021\\\/05\\\/20210520_092907.jpg?fit=1908%2C1431&ssl=1\",\"contentUrl\":\"https:\\\/\\\/i0.wp.com\\\/mylovelyrods.com\\\/wp-content\\\/uploads\\\/2021\\\/05\\\/20210520_092907.jpg?fit=1908%2C1431&ssl=1\",\"width\":1908,\"height\":1431},{\"@type\":\"BreadcrumbList\",\"@id\":\"https:\\\/\\\/mylovelyrods.com\\\/index.php\\\/produit\\\/coupe-fil\\\/#breadcrumb\",\"itemListElement\":[{\"@type\":\"ListItem\",\"position\":1,\"name\":\"Accueil\",\"item\":\"https:\\\/\\\/mylovelyrods.com\\\/\"},{\"@type\":\"ListItem\",\"position\":2,\"name\":\"Produits\",\"item\":\"https:\\\/\\\/mylovelyrods.com\\\/index.php\\\/boutique\\\/\"},{\"@type\":\"ListItem\",\"position\":3,\"name\":\"Coupe fil\"}]},{\"@type\":\"WebSite\",\"@id\":\"https:\\\/\\\/mylovelyrods.com\\\/#website\",\"url\":\"https:\\\/\\\/mylovelyrods.com\\\/\",\"name\":\"Mylovelyrods\",\"description\":\"Facteur de canne, restaurations, customisations, rodbuilding, mouches, nymphes et petit mat\u00e9riel...\",\"publisher\":{\"@id\":\"https:\\\/\\\/mylovelyrods.com\\\/#organization\"},\"potentialAction\":[{\"@type\":\"SearchAction\",\"target\":{\"@type\":\"EntryPoint\",\"urlTemplate\":\"https:\\\/\\\/mylovelyrods.com\\\/?s={search_term_string}\"},\"query-input\":{\"@type\":\"PropertyValueSpecification\",\"valueRequired\":true,\"valueName\":\"search_term_string\"}}],\"inLanguage\":\"fr-FR\"},{\"@type\":\"Organization\",\"@id\":\"https:\\\/\\\/mylovelyrods.com\\\/#organization\",\"name\":\"Mylovelyrods\",\"url\":\"https:\\\/\\\/mylovelyrods.com\\\/\",\"logo\":{\"@type\":\"ImageObject\",\"inLanguage\":\"fr-FR\",\"@id\":\"https:\\\/\\\/mylovelyrods.com\\\/#\\\/schema\\\/logo\\\/image\\\/\",\"url\":\"https:\\\/\\\/mylovelyrods.com\\\/wp-content\\\/uploads\\\/2021\\\/01\\\/0001-scaled-e1611186770281.jpg\",\"contentUrl\":\"https:\\\/\\\/mylovelyrods.com\\\/wp-content\\\/uploads\\\/2021\\\/01\\\/0001-scaled-e1611186770281.jpg\",\"width\":2560,\"height\":716,\"caption\":\"Mylovelyrods\"},\"image\":{\"@id\":\"https:\\\/\\\/mylovelyrods.com\\\/#\\\/schema\\\/logo\\\/image\\\/\"},\"sameAs\":[\"https:\\\/\\\/m.facebook.com\\\/people\\\/Mylovelyrods\\\/100062956103344\\\/?locale=fr_FR\",\"https:\\\/\\\/www.instagram.com\\\/mylovelyrods\\\/?hl=fr\"]}]}<\/script>\n<!-- \/ Yoast SEO plugin. -->","yoast_head_json":{"title":"Coupe fil - accessoires - P\u00eache \u00e0 la mouche - Mylovelyrods","description":"Coupe fil \u00e0 bec large, tr\u00e8s coupant, avec un petit caoutchouc bleue permettant une bonne maitrise, muni d'un d\u00e9bouche oeillet d'hame\u00e7on","robots":{"index":"index","follow":"follow","max-snippet":"max-snippet:-1","max-image-preview":"max-image-preview:large","max-video-preview":"max-video-preview:-1"},"canonical":"https:\/\/mylovelyrods.com\/index.php\/produit\/coupe-fil\/","og_locale":"fr_FR","og_type":"article","og_title":"Coupe fil - accessoires - P\u00eache \u00e0 la mouche - Mylovelyrods","og_description":"Coupe fil \u00e0 bec large, tr\u00e8s coupant, avec un petit caoutchouc bleue permettant une bonne maitrise, muni d'un d\u00e9bouche oeillet d'hame\u00e7on","og_url":"https:\/\/mylovelyrods.com\/index.php\/produit\/coupe-fil\/","og_site_name":"Mylovelyrods","article_publisher":"https:\/\/m.facebook.com\/people\/Mylovelyrods\/100062956103344\/?locale=fr_FR","article_modified_time":"2024-03-03T14:01:12+00:00","og_image":[{"width":1908,"height":1431,"url":"https:\/\/mylovelyrods.com\/wp-content\/uploads\/2021\/05\/20210520_092907.jpg","type":"image\/jpeg"}],"twitter_card":"summary_large_image","twitter_misc":{"Dur\u00e9e de lecture estim\u00e9e":"2 minutes"},"schema":{"@context":"https:\/\/schema.org","@graph":[{"@type":"WebPage","@id":"https:\/\/mylovelyrods.com\/index.php\/produit\/coupe-fil\/","url":"https:\/\/mylovelyrods.com\/index.php\/produit\/coupe-fil\/","name":"Coupe fil - accessoires - P\u00eache \u00e0 la mouche - Mylovelyrods","isPartOf":{"@id":"https:\/\/mylovelyrods.com\/#website"},"primaryImageOfPage":{"@id":"https:\/\/mylovelyrods.com\/index.php\/produit\/coupe-fil\/#primaryimage"},"image":{"@id":"https:\/\/mylovelyrods.com\/index.php\/produit\/coupe-fil\/#primaryimage"},"thumbnailUrl":"https:\/\/i0.wp.com\/mylovelyrods.com\/wp-content\/uploads\/2021\/05\/20210520_092907.jpg?fit=1908%2C1431&ssl=1","datePublished":"2021-05-26T12:32:45+00:00","dateModified":"2024-03-03T14:01:12+00:00","description":"Coupe fil \u00e0 bec large, tr\u00e8s coupant, avec un petit caoutchouc bleue permettant une bonne maitrise, muni d'un d\u00e9bouche oeillet d'hame\u00e7on","breadcrumb":{"@id":"https:\/\/mylovelyrods.com\/index.php\/produit\/coupe-fil\/#breadcrumb"},"inLanguage":"fr-FR","potentialAction":[{"@type":"ReadAction","target":["https:\/\/mylovelyrods.com\/index.php\/produit\/coupe-fil\/"]}]},{"@type":"ImageObject","inLanguage":"fr-FR","@id":"https:\/\/mylovelyrods.com\/index.php\/produit\/coupe-fil\/#primaryimage","url":"https:\/\/i0.wp.com\/mylovelyrods.com\/wp-content\/uploads\/2021\/05\/20210520_092907.jpg?fit=1908%2C1431&ssl=1","contentUrl":"https:\/\/i0.wp.com\/mylovelyrods.com\/wp-content\/uploads\/2021\/05\/20210520_092907.jpg?fit=1908%2C1431&ssl=1","width":1908,"height":1431},{"@type":"BreadcrumbList","@id":"https:\/\/mylovelyrods.com\/index.php\/produit\/coupe-fil\/#breadcrumb","itemListElement":[{"@type":"ListItem","position":1,"name":"Accueil","item":"https:\/\/mylovelyrods.com\/"},{"@type":"ListItem","position":2,"name":"Produits","item":"https:\/\/mylovelyrods.com\/index.php\/boutique\/"},{"@type":"ListItem","position":3,"name":"Coupe fil"}]},{"@type":"WebSite","@id":"https:\/\/mylovelyrods.com\/#website","url":"https:\/\/mylovelyrods.com\/","name":"Mylovelyrods","description":"Facteur de canne, restaurations, customisations, rodbuilding, mouches, nymphes et petit mat\u00e9riel...","publisher":{"@id":"https:\/\/mylovelyrods.com\/#organization"},"potentialAction":[{"@type":"SearchAction","target":{"@type":"EntryPoint","urlTemplate":"https:\/\/mylovelyrods.com\/?s={search_term_string}"},"query-input":{"@type":"PropertyValueSpecification","valueRequired":true,"valueName":"search_term_string"}}],"inLanguage":"fr-FR"},{"@type":"Organization","@id":"https:\/\/mylovelyrods.com\/#organization","name":"Mylovelyrods","url":"https:\/\/mylovelyrods.com\/","logo":{"@type":"ImageObject","inLanguage":"fr-FR","@id":"https:\/\/mylovelyrods.com\/#\/schema\/logo\/image\/","url":"https:\/\/mylovelyrods.com\/wp-content\/uploads\/2021\/01\/0001-scaled-e1611186770281.jpg","contentUrl":"https:\/\/mylovelyrods.com\/wp-content\/uploads\/2021\/01\/0001-scaled-e1611186770281.jpg","width":2560,"height":716,"caption":"Mylovelyrods"},"image":{"@id":"https:\/\/mylovelyrods.com\/#\/schema\/logo\/image\/"},"sameAs":["https:\/\/m.facebook.com\/people\/Mylovelyrods\/100062956103344\/?locale=fr_FR","https:\/\/www.instagram.com\/mylovelyrods\/?hl=fr"]}]}},"jetpack_sharing_enabled":true,"_links":{"self":[{"href":"https:\/\/mylovelyrods.com\/index.php\/wp-json\/wp\/v2\/product\/993","targetHints":{"allow":["GET"]}}],"collection":[{"href":"https:\/\/mylovelyrods.com\/index.php\/wp-json\/wp\/v2\/product"}],"about":[{"href":"https:\/\/mylovelyrods.com\/index.php\/wp-json\/wp\/v2\/types\/product"}],"wp:featuredmedia":[{"embeddable":true,"href":"https:\/\/mylovelyrods.com\/index.php\/wp-json\/wp\/v2\/media\/995"}],"wp:attachment":[{"href":"https:\/\/mylovelyrods.com\/index.php\/wp-json\/wp\/v2\/media?parent=993"}],"wp:term":[{"taxonomy":"product_brand","embeddable":true,"href":"https:\/\/mylovelyrods.com\/index.php\/wp-json\/wp\/v2\/product_brand?post=993"},{"taxonomy":"product_cat","embeddable":true,"href":"https:\/\/mylovelyrods.com\/index.php\/wp-json\/wp\/v2\/product_cat?post=993"},{"taxonomy":"product_tag","embeddable":true,"href":"https:\/\/mylovelyrods.com\/index.php\/wp-json\/wp\/v2\/product_tag?post=993"}],"curies":[{"name":"wp","href":"https:\/\/api.w.org\/{rel}","templated":true}]}}