{"id":996,"date":"2021-05-26T14:45:34","date_gmt":"2021-05-26T12:45:34","guid":{"rendered":"https:\/\/mylovelyrods.com\/?post_type=product&#038;p=996"},"modified":"2026-03-08T12:57:54","modified_gmt":"2026-03-08T11:57:54","slug":"redresseur-de-bas-de-ligne","status":"publish","type":"product","link":"https:\/\/mylovelyrods.com\/index.php\/produit\/redresseur-de-bas-de-ligne\/","title":{"rendered":"Redresseur de bas de ligne"},"content":{"rendered":"<p>Redresseur de bas de ligne en cuir et caoutchouc qui permet comme son nom l&rsquo;indique de redresser un bas de ligne ayant pris de la memoire dans le moulinet. Cela arrive quand on laisse le bas de ligne sur la soie plusieurs jours dans le moulinet. Lorsque vous d\u00e9faites votre ligne, elle est comme entortill\u00e9. Ce redresseur de bas de ligne permet de rem\u00e9dier \u00e0 cela.<\/p>\n<p>On place le bas de ligne entre les 2 feuillets en caoutchouc, et on tire en serrant. Le bas de ligne sera chauff\u00e9 et de nouveau droit.<\/p>\n<p>A ne pas faire sur la soie bien \u00e9videmment.<\/p>\n<p>A ne pas faire sur des fils tr\u00e8s fins qui risqueraient de vriller. Lorsque votre fil vrille quand vous p\u00eachez avec une mouche tr\u00e8s fourni, ce redresseur de bas de ligne ne sera pas utile. La il vous faudra changer de bas de ligne. Parfois pour rem\u00e9dier \u00e0 cela, il faut augmenter le diam\u00e8tre du bas de ligne.<\/p>\n<p>Vous souhaitez de bons bas de lignes coniques queues de rats, c&rsquo;est par <a href=\"https:\/\/mylovelyrods.com\/index.php\/produit\/queue-de-rat-par-3-bas-de-ligne-par-3\/\">ICI<\/a>. Ils n&rsquo;ont pas de boucle en bout, tr\u00e8s pratique pour les fixer \u00e0 la soie \u00e0 l&rsquo;aide de l&rsquo;aiguille ou du noeud tube!<\/p>\n<p>Si vous souhaitez me suivre sur les r\u00e9seaux sociaux, c&rsquo;est par <a href=\"https:\/\/www.facebook.com\/pages\/category\/Sports\/Mylovelyrods-101775187859974\/\">ici<\/a> et par<a href=\"https:\/\/www.instagram.com\/mylovelyrods\/?hl=fr\"> la<\/a> \ud83d\ude42<\/p>\n","protected":false},"excerpt":{"rendered":"<p>Redresseur de bas de ligne en cuir et caoutchouc permet comme son nom l&rsquo;indique de redresser un bas de ligne ayant pris de la memoire dans le moulinet. On place le bas de ligne entre les 2 feuillets en caoutchouc, et on tire en serrant. Le bas de ligne sera chauff\u00e9 et de nouveau droit.<\/p>\n<p>&nbsp;<\/p>\n","protected":false},"featured_media":997,"template":"","meta":{"jetpack_post_was_ever_published":false,"_glsr_average":0,"_glsr_ranking":0,"_glsr_reviews":0},"product_brand":[],"product_cat":[49,47],"product_tag":[],"class_list":{"0":"post-996","1":"product","2":"type-product","3":"status-publish","4":"has-post-thumbnail","6":"product_cat-accessoires","7":"product_cat-accessoires-et-moulinets","9":"first","10":"instock","11":"shipping-taxable","12":"purchasable","13":"product-type-simple"},"yoast_head":"<!-- This site is optimized with the Yoast SEO plugin v27.4 - https:\/\/yoast.com\/product\/yoast-seo-wordpress\/ -->\n<title>Redresseur de bas de ligne - accessoires - Mylovelyrods<\/title>\n<meta name=\"description\" content=\"Petit redresseur de bas de ligne, indispensable outil du p\u00eacheur a la mouche, lorsque le bas de ligne a pris trop de m\u00e9moire dans le moulinet\" \/>\n<meta name=\"robots\" content=\"index, follow, max-snippet:-1, max-image-preview:large, max-video-preview:-1\" \/>\n<link rel=\"canonical\" href=\"https:\/\/mylovelyrods.com\/index.php\/produit\/redresseur-de-bas-de-ligne\/\" \/>\n<meta property=\"og:locale\" content=\"fr_FR\" \/>\n<meta property=\"og:type\" content=\"article\" \/>\n<meta property=\"og:title\" content=\"Redresseur de bas de ligne - accessoires - Mylovelyrods\" \/>\n<meta property=\"og:description\" content=\"Petit redresseur de bas de ligne, indispensable outil du p\u00eacheur a la mouche, lorsque le bas de ligne a pris trop de m\u00e9moire dans le moulinet\" \/>\n<meta property=\"og:url\" content=\"https:\/\/mylovelyrods.com\/index.php\/produit\/redresseur-de-bas-de-ligne\/\" \/>\n<meta property=\"og:site_name\" content=\"Mylovelyrods\" \/>\n<meta property=\"article:publisher\" content=\"https:\/\/m.facebook.com\/people\/Mylovelyrods\/100062956103344\/?locale=fr_FR\" \/>\n<meta property=\"article:modified_time\" content=\"2026-03-08T11:57:54+00:00\" \/>\n<meta property=\"og:image\" content=\"https:\/\/mylovelyrods.com\/wp-content\/uploads\/2021\/05\/20210520_092825.jpg\" \/>\n\t<meta property=\"og:image:width\" content=\"1905\" \/>\n\t<meta property=\"og:image:height\" content=\"1429\" \/>\n\t<meta property=\"og:image:type\" content=\"image\/jpeg\" \/>\n<meta name=\"twitter:card\" content=\"summary_large_image\" \/>\n<meta name=\"twitter:label1\" content=\"Dur\u00e9e de lecture estim\u00e9e\" \/>\n\t<meta name=\"twitter:data1\" content=\"1 minute\" \/>\n<script type=\"application\/ld+json\" class=\"yoast-schema-graph\">{\"@context\":\"https:\\\/\\\/schema.org\",\"@graph\":[{\"@type\":\"WebPage\",\"@id\":\"https:\\\/\\\/mylovelyrods.com\\\/index.php\\\/produit\\\/redresseur-de-bas-de-ligne\\\/\",\"url\":\"https:\\\/\\\/mylovelyrods.com\\\/index.php\\\/produit\\\/redresseur-de-bas-de-ligne\\\/\",\"name\":\"Redresseur de bas de ligne - accessoires - Mylovelyrods\",\"isPartOf\":{\"@id\":\"https:\\\/\\\/mylovelyrods.com\\\/#website\"},\"primaryImageOfPage\":{\"@id\":\"https:\\\/\\\/mylovelyrods.com\\\/index.php\\\/produit\\\/redresseur-de-bas-de-ligne\\\/#primaryimage\"},\"image\":{\"@id\":\"https:\\\/\\\/mylovelyrods.com\\\/index.php\\\/produit\\\/redresseur-de-bas-de-ligne\\\/#primaryimage\"},\"thumbnailUrl\":\"https:\\\/\\\/i0.wp.com\\\/mylovelyrods.com\\\/wp-content\\\/uploads\\\/2021\\\/05\\\/20210520_092825.jpg?fit=1905%2C1429&ssl=1\",\"datePublished\":\"2021-05-26T12:45:34+00:00\",\"dateModified\":\"2026-03-08T11:57:54+00:00\",\"description\":\"Petit redresseur de bas de ligne, indispensable outil du p\u00eacheur a la mouche, lorsque le bas de ligne a pris trop de m\u00e9moire dans le moulinet\",\"breadcrumb\":{\"@id\":\"https:\\\/\\\/mylovelyrods.com\\\/index.php\\\/produit\\\/redresseur-de-bas-de-ligne\\\/#breadcrumb\"},\"inLanguage\":\"fr-FR\",\"potentialAction\":[{\"@type\":\"ReadAction\",\"target\":[\"https:\\\/\\\/mylovelyrods.com\\\/index.php\\\/produit\\\/redresseur-de-bas-de-ligne\\\/\"]}]},{\"@type\":\"ImageObject\",\"inLanguage\":\"fr-FR\",\"@id\":\"https:\\\/\\\/mylovelyrods.com\\\/index.php\\\/produit\\\/redresseur-de-bas-de-ligne\\\/#primaryimage\",\"url\":\"https:\\\/\\\/i0.wp.com\\\/mylovelyrods.com\\\/wp-content\\\/uploads\\\/2021\\\/05\\\/20210520_092825.jpg?fit=1905%2C1429&ssl=1\",\"contentUrl\":\"https:\\\/\\\/i0.wp.com\\\/mylovelyrods.com\\\/wp-content\\\/uploads\\\/2021\\\/05\\\/20210520_092825.jpg?fit=1905%2C1429&ssl=1\",\"width\":1905,\"height\":1429,\"caption\":\"Redresseur de bas de ligne\"},{\"@type\":\"BreadcrumbList\",\"@id\":\"https:\\\/\\\/mylovelyrods.com\\\/index.php\\\/produit\\\/redresseur-de-bas-de-ligne\\\/#breadcrumb\",\"itemListElement\":[{\"@type\":\"ListItem\",\"position\":1,\"name\":\"Accueil\",\"item\":\"https:\\\/\\\/mylovelyrods.com\\\/\"},{\"@type\":\"ListItem\",\"position\":2,\"name\":\"Produits\",\"item\":\"https:\\\/\\\/mylovelyrods.com\\\/index.php\\\/boutique\\\/\"},{\"@type\":\"ListItem\",\"position\":3,\"name\":\"Redresseur de bas de ligne\"}]},{\"@type\":\"WebSite\",\"@id\":\"https:\\\/\\\/mylovelyrods.com\\\/#website\",\"url\":\"https:\\\/\\\/mylovelyrods.com\\\/\",\"name\":\"Mylovelyrods\",\"description\":\"Facteur de canne, restaurations, customisations, rodbuilding, mouches, nymphes et petit mat\u00e9riel...\",\"publisher\":{\"@id\":\"https:\\\/\\\/mylovelyrods.com\\\/#organization\"},\"potentialAction\":[{\"@type\":\"SearchAction\",\"target\":{\"@type\":\"EntryPoint\",\"urlTemplate\":\"https:\\\/\\\/mylovelyrods.com\\\/?s={search_term_string}\"},\"query-input\":{\"@type\":\"PropertyValueSpecification\",\"valueRequired\":true,\"valueName\":\"search_term_string\"}}],\"inLanguage\":\"fr-FR\"},{\"@type\":\"Organization\",\"@id\":\"https:\\\/\\\/mylovelyrods.com\\\/#organization\",\"name\":\"Mylovelyrods\",\"url\":\"https:\\\/\\\/mylovelyrods.com\\\/\",\"logo\":{\"@type\":\"ImageObject\",\"inLanguage\":\"fr-FR\",\"@id\":\"https:\\\/\\\/mylovelyrods.com\\\/#\\\/schema\\\/logo\\\/image\\\/\",\"url\":\"https:\\\/\\\/mylovelyrods.com\\\/wp-content\\\/uploads\\\/2021\\\/01\\\/0001-scaled-e1611186770281.jpg\",\"contentUrl\":\"https:\\\/\\\/mylovelyrods.com\\\/wp-content\\\/uploads\\\/2021\\\/01\\\/0001-scaled-e1611186770281.jpg\",\"width\":2560,\"height\":716,\"caption\":\"Mylovelyrods\"},\"image\":{\"@id\":\"https:\\\/\\\/mylovelyrods.com\\\/#\\\/schema\\\/logo\\\/image\\\/\"},\"sameAs\":[\"https:\\\/\\\/m.facebook.com\\\/people\\\/Mylovelyrods\\\/100062956103344\\\/?locale=fr_FR\",\"https:\\\/\\\/www.instagram.com\\\/mylovelyrods\\\/?hl=fr\"]}]}<\/script>\n<!-- \/ Yoast SEO plugin. -->","yoast_head_json":{"title":"Redresseur de bas de ligne - accessoires - Mylovelyrods","description":"Petit redresseur de bas de ligne, indispensable outil du p\u00eacheur a la mouche, lorsque le bas de ligne a pris trop de m\u00e9moire dans le moulinet","robots":{"index":"index","follow":"follow","max-snippet":"max-snippet:-1","max-image-preview":"max-image-preview:large","max-video-preview":"max-video-preview:-1"},"canonical":"https:\/\/mylovelyrods.com\/index.php\/produit\/redresseur-de-bas-de-ligne\/","og_locale":"fr_FR","og_type":"article","og_title":"Redresseur de bas de ligne - accessoires - Mylovelyrods","og_description":"Petit redresseur de bas de ligne, indispensable outil du p\u00eacheur a la mouche, lorsque le bas de ligne a pris trop de m\u00e9moire dans le moulinet","og_url":"https:\/\/mylovelyrods.com\/index.php\/produit\/redresseur-de-bas-de-ligne\/","og_site_name":"Mylovelyrods","article_publisher":"https:\/\/m.facebook.com\/people\/Mylovelyrods\/100062956103344\/?locale=fr_FR","article_modified_time":"2026-03-08T11:57:54+00:00","og_image":[{"width":1905,"height":1429,"url":"https:\/\/mylovelyrods.com\/wp-content\/uploads\/2021\/05\/20210520_092825.jpg","type":"image\/jpeg"}],"twitter_card":"summary_large_image","twitter_misc":{"Dur\u00e9e de lecture estim\u00e9e":"1 minute"},"schema":{"@context":"https:\/\/schema.org","@graph":[{"@type":"WebPage","@id":"https:\/\/mylovelyrods.com\/index.php\/produit\/redresseur-de-bas-de-ligne\/","url":"https:\/\/mylovelyrods.com\/index.php\/produit\/redresseur-de-bas-de-ligne\/","name":"Redresseur de bas de ligne - accessoires - Mylovelyrods","isPartOf":{"@id":"https:\/\/mylovelyrods.com\/#website"},"primaryImageOfPage":{"@id":"https:\/\/mylovelyrods.com\/index.php\/produit\/redresseur-de-bas-de-ligne\/#primaryimage"},"image":{"@id":"https:\/\/mylovelyrods.com\/index.php\/produit\/redresseur-de-bas-de-ligne\/#primaryimage"},"thumbnailUrl":"https:\/\/i0.wp.com\/mylovelyrods.com\/wp-content\/uploads\/2021\/05\/20210520_092825.jpg?fit=1905%2C1429&ssl=1","datePublished":"2021-05-26T12:45:34+00:00","dateModified":"2026-03-08T11:57:54+00:00","description":"Petit redresseur de bas de ligne, indispensable outil du p\u00eacheur a la mouche, lorsque le bas de ligne a pris trop de m\u00e9moire dans le moulinet","breadcrumb":{"@id":"https:\/\/mylovelyrods.com\/index.php\/produit\/redresseur-de-bas-de-ligne\/#breadcrumb"},"inLanguage":"fr-FR","potentialAction":[{"@type":"ReadAction","target":["https:\/\/mylovelyrods.com\/index.php\/produit\/redresseur-de-bas-de-ligne\/"]}]},{"@type":"ImageObject","inLanguage":"fr-FR","@id":"https:\/\/mylovelyrods.com\/index.php\/produit\/redresseur-de-bas-de-ligne\/#primaryimage","url":"https:\/\/i0.wp.com\/mylovelyrods.com\/wp-content\/uploads\/2021\/05\/20210520_092825.jpg?fit=1905%2C1429&ssl=1","contentUrl":"https:\/\/i0.wp.com\/mylovelyrods.com\/wp-content\/uploads\/2021\/05\/20210520_092825.jpg?fit=1905%2C1429&ssl=1","width":1905,"height":1429,"caption":"Redresseur de bas de ligne"},{"@type":"BreadcrumbList","@id":"https:\/\/mylovelyrods.com\/index.php\/produit\/redresseur-de-bas-de-ligne\/#breadcrumb","itemListElement":[{"@type":"ListItem","position":1,"name":"Accueil","item":"https:\/\/mylovelyrods.com\/"},{"@type":"ListItem","position":2,"name":"Produits","item":"https:\/\/mylovelyrods.com\/index.php\/boutique\/"},{"@type":"ListItem","position":3,"name":"Redresseur de bas de ligne"}]},{"@type":"WebSite","@id":"https:\/\/mylovelyrods.com\/#website","url":"https:\/\/mylovelyrods.com\/","name":"Mylovelyrods","description":"Facteur de canne, restaurations, customisations, rodbuilding, mouches, nymphes et petit mat\u00e9riel...","publisher":{"@id":"https:\/\/mylovelyrods.com\/#organization"},"potentialAction":[{"@type":"SearchAction","target":{"@type":"EntryPoint","urlTemplate":"https:\/\/mylovelyrods.com\/?s={search_term_string}"},"query-input":{"@type":"PropertyValueSpecification","valueRequired":true,"valueName":"search_term_string"}}],"inLanguage":"fr-FR"},{"@type":"Organization","@id":"https:\/\/mylovelyrods.com\/#organization","name":"Mylovelyrods","url":"https:\/\/mylovelyrods.com\/","logo":{"@type":"ImageObject","inLanguage":"fr-FR","@id":"https:\/\/mylovelyrods.com\/#\/schema\/logo\/image\/","url":"https:\/\/mylovelyrods.com\/wp-content\/uploads\/2021\/01\/0001-scaled-e1611186770281.jpg","contentUrl":"https:\/\/mylovelyrods.com\/wp-content\/uploads\/2021\/01\/0001-scaled-e1611186770281.jpg","width":2560,"height":716,"caption":"Mylovelyrods"},"image":{"@id":"https:\/\/mylovelyrods.com\/#\/schema\/logo\/image\/"},"sameAs":["https:\/\/m.facebook.com\/people\/Mylovelyrods\/100062956103344\/?locale=fr_FR","https:\/\/www.instagram.com\/mylovelyrods\/?hl=fr"]}]}},"jetpack_sharing_enabled":true,"_links":{"self":[{"href":"https:\/\/mylovelyrods.com\/index.php\/wp-json\/wp\/v2\/product\/996","targetHints":{"allow":["GET"]}}],"collection":[{"href":"https:\/\/mylovelyrods.com\/index.php\/wp-json\/wp\/v2\/product"}],"about":[{"href":"https:\/\/mylovelyrods.com\/index.php\/wp-json\/wp\/v2\/types\/product"}],"wp:featuredmedia":[{"embeddable":true,"href":"https:\/\/mylovelyrods.com\/index.php\/wp-json\/wp\/v2\/media\/997"}],"wp:attachment":[{"href":"https:\/\/mylovelyrods.com\/index.php\/wp-json\/wp\/v2\/media?parent=996"}],"wp:term":[{"taxonomy":"product_brand","embeddable":true,"href":"https:\/\/mylovelyrods.com\/index.php\/wp-json\/wp\/v2\/product_brand?post=996"},{"taxonomy":"product_cat","embeddable":true,"href":"https:\/\/mylovelyrods.com\/index.php\/wp-json\/wp\/v2\/product_cat?post=996"},{"taxonomy":"product_tag","embeddable":true,"href":"https:\/\/mylovelyrods.com\/index.php\/wp-json\/wp\/v2\/product_tag?post=996"}],"curies":[{"name":"wp","href":"https:\/\/api.w.org\/{rel}","templated":true}]}}