{"id":998,"date":"2021-05-26T16:36:53","date_gmt":"2021-05-26T14:36:53","guid":{"rendered":"https:\/\/mylovelyrods.com\/?post_type=product&#038;p=998"},"modified":"2023-02-25T12:10:18","modified_gmt":"2023-02-25T11:10:18","slug":"aimant-a-epuisette","status":"publish","type":"product","link":"https:\/\/mylovelyrods.com\/index.php\/produit\/aimant-a-epuisette\/","title":{"rendered":"Aimant \u00e0 \u00e9puisette"},"content":{"rendered":"<p>Pour s\u00e9curiser votre \u00e9puisette \u00e0 votre gilet, je vous propose cet aimant \u00e0 \u00e9puisette puissant. Les aimants sont de couleurs bleu et munis d&rsquo;un mousqueton ainsi que de 2 anneaux bris\u00e9s.<\/p>\n<p>Le cordon de s\u00e9curit\u00e9 faisant le lien entre l&rsquo;\u00e9puisette et l&rsquo;aimant fait 30 cm de longueur et peut s&rsquo;\u00e9tendre jusqu&rsquo;a 1 m 40. Il est de couleur gris\/noir. Il est muni d&rsquo;un anneaux bris\u00e9 et une petite pince \u00ab\u00a0mousqueton\u00a0\u00bb se refermant toute seule.<\/p>\n<p>Comme tout bon p\u00eacheur, vous avez d\u00e9j\u00e0 achet\u00e9 un aimant qui ne r\u00e9siste pas \u00e0 l&rsquo;arrachage des ronces qui tentent de vous voler votre \u00e9puisette. Ce ne sera pas le cas avec celui ci! Les ronces n&rsquo;auront qu&rsquo;\u00e0 bien se tenir! Si c&rsquo;est un gros arbre qui tente de vous la voler, la je ne dis pas!<\/p>\n<p>C&rsquo;est un outil indispensable pour le p\u00eacheur \u00e0 la mouche, qui \u00e9puisette ses poissons (encore faut il en prendre des poissons \ud83d\ude00 ) pour les rel\u00e2cher dans de bonnes conditions sans trop les manipuler avec les mains.<\/p>\n<p>En cas de besoin, si vous souhaitez d&rsquo;autres accessoires pour la p\u00eache je vous invite \u00e0 aller par <a href=\"https:\/\/mylovelyrods.com\/index.php\/categorie-produit\/accessoires-et-moulinets\/\">LA<\/a>.<\/p>\n<p>Si vous souhaitez me suivre sur les r\u00e9seaux sociaux ce sera par <a href=\"https:\/\/www.facebook.com\/pages\/category\/Sports\/Mylovelyrods-101775187859974\/\">ici<\/a> et <a href=\"https:\/\/www.instagram.com\/mylovelyrods\/?hl=fr\">l\u00e0<\/a>.<\/p>\n","protected":false},"excerpt":{"rendered":"<p>Pour s\u00e9curiser votre \u00e9puisette \u00e0 votre gilet, aimant \u00e0 \u00e9puisette puissant. Les aimants sont de couleurs bleu et munis d&rsquo;un mousqueton ainsi que de 2 anneaux bris\u00e9s.<\/p>\n<p>Le cordon s\u00e9curit\u00e9 fait 30 cm de longueur et peut s&rsquo;\u00e9tendre jusqu&rsquo;a 1 m 40 et est de couleur gris\/noir. Il est muni d&rsquo;un anneaux bris\u00e9 et une petite \u00ab\u00a0pince mousqueton\u00a0\u00bb se refermant toute se<\/p>\n<p>&nbsp;<\/p>\n","protected":false},"featured_media":999,"template":"","meta":{"jetpack_post_was_ever_published":false,"_glsr_average":0,"_glsr_ranking":0,"_glsr_reviews":0},"product_brand":[],"product_cat":[49,47],"product_tag":[],"class_list":{"0":"post-998","1":"product","2":"type-product","3":"status-publish","4":"has-post-thumbnail","6":"product_cat-accessoires","7":"product_cat-accessoires-et-moulinets","9":"first","10":"instock","11":"shipping-taxable","12":"purchasable","13":"product-type-simple"},"yoast_head":"<!-- This site is optimized with the Yoast SEO plugin v27.4 - https:\/\/yoast.com\/product\/yoast-seo-wordpress\/ -->\n<title>Aimant \u00e0 \u00e9puisette puissant - accessoires - Mylovelyrods<\/title>\n<meta name=\"description\" content=\"Aimant \u00e0 \u00e9puisette bleu avec son cordon r\u00e9tractable 30cm \u00e0 1m40. Aimant puissant, votre \u00e9puisette ne restera pas dans les ronces!\" \/>\n<meta name=\"robots\" content=\"index, follow, max-snippet:-1, max-image-preview:large, max-video-preview:-1\" \/>\n<link rel=\"canonical\" href=\"https:\/\/mylovelyrods.com\/index.php\/produit\/aimant-a-epuisette\/\" \/>\n<meta property=\"og:locale\" content=\"fr_FR\" \/>\n<meta property=\"og:type\" content=\"article\" \/>\n<meta property=\"og:title\" content=\"Aimant \u00e0 \u00e9puisette puissant - accessoires - Mylovelyrods\" \/>\n<meta property=\"og:description\" content=\"Aimant \u00e0 \u00e9puisette bleu avec son cordon r\u00e9tractable 30cm \u00e0 1m40. Aimant puissant, votre \u00e9puisette ne restera pas dans les ronces!\" \/>\n<meta property=\"og:url\" content=\"https:\/\/mylovelyrods.com\/index.php\/produit\/aimant-a-epuisette\/\" \/>\n<meta property=\"og:site_name\" content=\"Mylovelyrods\" \/>\n<meta property=\"article:publisher\" content=\"https:\/\/m.facebook.com\/people\/Mylovelyrods\/100062956103344\/?locale=fr_FR\" \/>\n<meta property=\"article:modified_time\" content=\"2023-02-25T11:10:18+00:00\" \/>\n<meta property=\"og:image\" content=\"https:\/\/mylovelyrods.com\/wp-content\/uploads\/2021\/05\/20210520_093010.jpg\" \/>\n\t<meta property=\"og:image:width\" content=\"1729\" \/>\n\t<meta property=\"og:image:height\" content=\"1082\" \/>\n\t<meta property=\"og:image:type\" content=\"image\/jpeg\" \/>\n<meta name=\"twitter:card\" content=\"summary_large_image\" \/>\n<meta name=\"twitter:label1\" content=\"Dur\u00e9e de lecture estim\u00e9e\" \/>\n\t<meta name=\"twitter:data1\" content=\"1 minute\" \/>\n<script type=\"application\/ld+json\" class=\"yoast-schema-graph\">{\"@context\":\"https:\\\/\\\/schema.org\",\"@graph\":[{\"@type\":\"WebPage\",\"@id\":\"https:\\\/\\\/mylovelyrods.com\\\/index.php\\\/produit\\\/aimant-a-epuisette\\\/\",\"url\":\"https:\\\/\\\/mylovelyrods.com\\\/index.php\\\/produit\\\/aimant-a-epuisette\\\/\",\"name\":\"Aimant \u00e0 \u00e9puisette puissant - accessoires - Mylovelyrods\",\"isPartOf\":{\"@id\":\"https:\\\/\\\/mylovelyrods.com\\\/#website\"},\"primaryImageOfPage\":{\"@id\":\"https:\\\/\\\/mylovelyrods.com\\\/index.php\\\/produit\\\/aimant-a-epuisette\\\/#primaryimage\"},\"image\":{\"@id\":\"https:\\\/\\\/mylovelyrods.com\\\/index.php\\\/produit\\\/aimant-a-epuisette\\\/#primaryimage\"},\"thumbnailUrl\":\"https:\\\/\\\/i0.wp.com\\\/mylovelyrods.com\\\/wp-content\\\/uploads\\\/2021\\\/05\\\/20210520_093010.jpg?fit=1729%2C1082&ssl=1\",\"datePublished\":\"2021-05-26T14:36:53+00:00\",\"dateModified\":\"2023-02-25T11:10:18+00:00\",\"description\":\"Aimant \u00e0 \u00e9puisette bleu avec son cordon r\u00e9tractable 30cm \u00e0 1m40. Aimant puissant, votre \u00e9puisette ne restera pas dans les ronces!\",\"breadcrumb\":{\"@id\":\"https:\\\/\\\/mylovelyrods.com\\\/index.php\\\/produit\\\/aimant-a-epuisette\\\/#breadcrumb\"},\"inLanguage\":\"fr-FR\",\"potentialAction\":[{\"@type\":\"ReadAction\",\"target\":[\"https:\\\/\\\/mylovelyrods.com\\\/index.php\\\/produit\\\/aimant-a-epuisette\\\/\"]}]},{\"@type\":\"ImageObject\",\"inLanguage\":\"fr-FR\",\"@id\":\"https:\\\/\\\/mylovelyrods.com\\\/index.php\\\/produit\\\/aimant-a-epuisette\\\/#primaryimage\",\"url\":\"https:\\\/\\\/i0.wp.com\\\/mylovelyrods.com\\\/wp-content\\\/uploads\\\/2021\\\/05\\\/20210520_093010.jpg?fit=1729%2C1082&ssl=1\",\"contentUrl\":\"https:\\\/\\\/i0.wp.com\\\/mylovelyrods.com\\\/wp-content\\\/uploads\\\/2021\\\/05\\\/20210520_093010.jpg?fit=1729%2C1082&ssl=1\",\"width\":1729,\"height\":1082},{\"@type\":\"BreadcrumbList\",\"@id\":\"https:\\\/\\\/mylovelyrods.com\\\/index.php\\\/produit\\\/aimant-a-epuisette\\\/#breadcrumb\",\"itemListElement\":[{\"@type\":\"ListItem\",\"position\":1,\"name\":\"Accueil\",\"item\":\"https:\\\/\\\/mylovelyrods.com\\\/\"},{\"@type\":\"ListItem\",\"position\":2,\"name\":\"Produits\",\"item\":\"https:\\\/\\\/mylovelyrods.com\\\/index.php\\\/boutique\\\/\"},{\"@type\":\"ListItem\",\"position\":3,\"name\":\"Aimant \u00e0 \u00e9puisette\"}]},{\"@type\":\"WebSite\",\"@id\":\"https:\\\/\\\/mylovelyrods.com\\\/#website\",\"url\":\"https:\\\/\\\/mylovelyrods.com\\\/\",\"name\":\"Mylovelyrods\",\"description\":\"Facteur de canne, restaurations, customisations, rodbuilding, mouches, nymphes et petit mat\u00e9riel...\",\"publisher\":{\"@id\":\"https:\\\/\\\/mylovelyrods.com\\\/#organization\"},\"potentialAction\":[{\"@type\":\"SearchAction\",\"target\":{\"@type\":\"EntryPoint\",\"urlTemplate\":\"https:\\\/\\\/mylovelyrods.com\\\/?s={search_term_string}\"},\"query-input\":{\"@type\":\"PropertyValueSpecification\",\"valueRequired\":true,\"valueName\":\"search_term_string\"}}],\"inLanguage\":\"fr-FR\"},{\"@type\":\"Organization\",\"@id\":\"https:\\\/\\\/mylovelyrods.com\\\/#organization\",\"name\":\"Mylovelyrods\",\"url\":\"https:\\\/\\\/mylovelyrods.com\\\/\",\"logo\":{\"@type\":\"ImageObject\",\"inLanguage\":\"fr-FR\",\"@id\":\"https:\\\/\\\/mylovelyrods.com\\\/#\\\/schema\\\/logo\\\/image\\\/\",\"url\":\"https:\\\/\\\/mylovelyrods.com\\\/wp-content\\\/uploads\\\/2021\\\/01\\\/0001-scaled-e1611186770281.jpg\",\"contentUrl\":\"https:\\\/\\\/mylovelyrods.com\\\/wp-content\\\/uploads\\\/2021\\\/01\\\/0001-scaled-e1611186770281.jpg\",\"width\":2560,\"height\":716,\"caption\":\"Mylovelyrods\"},\"image\":{\"@id\":\"https:\\\/\\\/mylovelyrods.com\\\/#\\\/schema\\\/logo\\\/image\\\/\"},\"sameAs\":[\"https:\\\/\\\/m.facebook.com\\\/people\\\/Mylovelyrods\\\/100062956103344\\\/?locale=fr_FR\",\"https:\\\/\\\/www.instagram.com\\\/mylovelyrods\\\/?hl=fr\"]}]}<\/script>\n<!-- \/ Yoast SEO plugin. -->","yoast_head_json":{"title":"Aimant \u00e0 \u00e9puisette puissant - accessoires - Mylovelyrods","description":"Aimant \u00e0 \u00e9puisette bleu avec son cordon r\u00e9tractable 30cm \u00e0 1m40. Aimant puissant, votre \u00e9puisette ne restera pas dans les ronces!","robots":{"index":"index","follow":"follow","max-snippet":"max-snippet:-1","max-image-preview":"max-image-preview:large","max-video-preview":"max-video-preview:-1"},"canonical":"https:\/\/mylovelyrods.com\/index.php\/produit\/aimant-a-epuisette\/","og_locale":"fr_FR","og_type":"article","og_title":"Aimant \u00e0 \u00e9puisette puissant - accessoires - Mylovelyrods","og_description":"Aimant \u00e0 \u00e9puisette bleu avec son cordon r\u00e9tractable 30cm \u00e0 1m40. Aimant puissant, votre \u00e9puisette ne restera pas dans les ronces!","og_url":"https:\/\/mylovelyrods.com\/index.php\/produit\/aimant-a-epuisette\/","og_site_name":"Mylovelyrods","article_publisher":"https:\/\/m.facebook.com\/people\/Mylovelyrods\/100062956103344\/?locale=fr_FR","article_modified_time":"2023-02-25T11:10:18+00:00","og_image":[{"width":1729,"height":1082,"url":"https:\/\/mylovelyrods.com\/wp-content\/uploads\/2021\/05\/20210520_093010.jpg","type":"image\/jpeg"}],"twitter_card":"summary_large_image","twitter_misc":{"Dur\u00e9e de lecture estim\u00e9e":"1 minute"},"schema":{"@context":"https:\/\/schema.org","@graph":[{"@type":"WebPage","@id":"https:\/\/mylovelyrods.com\/index.php\/produit\/aimant-a-epuisette\/","url":"https:\/\/mylovelyrods.com\/index.php\/produit\/aimant-a-epuisette\/","name":"Aimant \u00e0 \u00e9puisette puissant - accessoires - Mylovelyrods","isPartOf":{"@id":"https:\/\/mylovelyrods.com\/#website"},"primaryImageOfPage":{"@id":"https:\/\/mylovelyrods.com\/index.php\/produit\/aimant-a-epuisette\/#primaryimage"},"image":{"@id":"https:\/\/mylovelyrods.com\/index.php\/produit\/aimant-a-epuisette\/#primaryimage"},"thumbnailUrl":"https:\/\/i0.wp.com\/mylovelyrods.com\/wp-content\/uploads\/2021\/05\/20210520_093010.jpg?fit=1729%2C1082&ssl=1","datePublished":"2021-05-26T14:36:53+00:00","dateModified":"2023-02-25T11:10:18+00:00","description":"Aimant \u00e0 \u00e9puisette bleu avec son cordon r\u00e9tractable 30cm \u00e0 1m40. Aimant puissant, votre \u00e9puisette ne restera pas dans les ronces!","breadcrumb":{"@id":"https:\/\/mylovelyrods.com\/index.php\/produit\/aimant-a-epuisette\/#breadcrumb"},"inLanguage":"fr-FR","potentialAction":[{"@type":"ReadAction","target":["https:\/\/mylovelyrods.com\/index.php\/produit\/aimant-a-epuisette\/"]}]},{"@type":"ImageObject","inLanguage":"fr-FR","@id":"https:\/\/mylovelyrods.com\/index.php\/produit\/aimant-a-epuisette\/#primaryimage","url":"https:\/\/i0.wp.com\/mylovelyrods.com\/wp-content\/uploads\/2021\/05\/20210520_093010.jpg?fit=1729%2C1082&ssl=1","contentUrl":"https:\/\/i0.wp.com\/mylovelyrods.com\/wp-content\/uploads\/2021\/05\/20210520_093010.jpg?fit=1729%2C1082&ssl=1","width":1729,"height":1082},{"@type":"BreadcrumbList","@id":"https:\/\/mylovelyrods.com\/index.php\/produit\/aimant-a-epuisette\/#breadcrumb","itemListElement":[{"@type":"ListItem","position":1,"name":"Accueil","item":"https:\/\/mylovelyrods.com\/"},{"@type":"ListItem","position":2,"name":"Produits","item":"https:\/\/mylovelyrods.com\/index.php\/boutique\/"},{"@type":"ListItem","position":3,"name":"Aimant \u00e0 \u00e9puisette"}]},{"@type":"WebSite","@id":"https:\/\/mylovelyrods.com\/#website","url":"https:\/\/mylovelyrods.com\/","name":"Mylovelyrods","description":"Facteur de canne, restaurations, customisations, rodbuilding, mouches, nymphes et petit mat\u00e9riel...","publisher":{"@id":"https:\/\/mylovelyrods.com\/#organization"},"potentialAction":[{"@type":"SearchAction","target":{"@type":"EntryPoint","urlTemplate":"https:\/\/mylovelyrods.com\/?s={search_term_string}"},"query-input":{"@type":"PropertyValueSpecification","valueRequired":true,"valueName":"search_term_string"}}],"inLanguage":"fr-FR"},{"@type":"Organization","@id":"https:\/\/mylovelyrods.com\/#organization","name":"Mylovelyrods","url":"https:\/\/mylovelyrods.com\/","logo":{"@type":"ImageObject","inLanguage":"fr-FR","@id":"https:\/\/mylovelyrods.com\/#\/schema\/logo\/image\/","url":"https:\/\/mylovelyrods.com\/wp-content\/uploads\/2021\/01\/0001-scaled-e1611186770281.jpg","contentUrl":"https:\/\/mylovelyrods.com\/wp-content\/uploads\/2021\/01\/0001-scaled-e1611186770281.jpg","width":2560,"height":716,"caption":"Mylovelyrods"},"image":{"@id":"https:\/\/mylovelyrods.com\/#\/schema\/logo\/image\/"},"sameAs":["https:\/\/m.facebook.com\/people\/Mylovelyrods\/100062956103344\/?locale=fr_FR","https:\/\/www.instagram.com\/mylovelyrods\/?hl=fr"]}]}},"jetpack_sharing_enabled":true,"_links":{"self":[{"href":"https:\/\/mylovelyrods.com\/index.php\/wp-json\/wp\/v2\/product\/998","targetHints":{"allow":["GET"]}}],"collection":[{"href":"https:\/\/mylovelyrods.com\/index.php\/wp-json\/wp\/v2\/product"}],"about":[{"href":"https:\/\/mylovelyrods.com\/index.php\/wp-json\/wp\/v2\/types\/product"}],"wp:featuredmedia":[{"embeddable":true,"href":"https:\/\/mylovelyrods.com\/index.php\/wp-json\/wp\/v2\/media\/999"}],"wp:attachment":[{"href":"https:\/\/mylovelyrods.com\/index.php\/wp-json\/wp\/v2\/media?parent=998"}],"wp:term":[{"taxonomy":"product_brand","embeddable":true,"href":"https:\/\/mylovelyrods.com\/index.php\/wp-json\/wp\/v2\/product_brand?post=998"},{"taxonomy":"product_cat","embeddable":true,"href":"https:\/\/mylovelyrods.com\/index.php\/wp-json\/wp\/v2\/product_cat?post=998"},{"taxonomy":"product_tag","embeddable":true,"href":"https:\/\/mylovelyrods.com\/index.php\/wp-json\/wp\/v2\/product_tag?post=998"}],"curies":[{"name":"wp","href":"https:\/\/api.w.org\/{rel}","templated":true}]}}